{"id":2105,"date":"2021-03-24T07:25:45","date_gmt":"2021-03-24T07:25:45","guid":{"rendered":"http:\/\/localhost\/nuss\/?page_id=235"},"modified":"2025-12-04T11:24:25","modified_gmt":"2025-12-04T11:24:25","slug":"faqs","status":"publish","type":"page","link":"https:\/\/ssawgardenhotelbeijing.com\/de\/faqs\/","title":{"rendered":"FAQs"},"content":{"rendered":"<div data-elementor-type=\"wp-page\" data-elementor-id=\"2105\" class=\"elementor elementor-2105\">\n\t\t\t\t\t\t<section class=\"elementor-section elementor-top-section elementor-element elementor-element-2a96a73 elementor-section-boxed elementor-section-gap-beside-yes elementor-section-height-default elementor-section-height-default elementor-section-column-vertical-align-stretch\" data-id=\"2a96a73\" data-element_type=\"section\" data-e-type=\"section\">\n\t\t\t\t\t\t<div class=\"elementor-container elementor-column-gap-extended\">\n\t\t\t\t\t<div class=\"elementor-column elementor-col-100 elementor-top-column elementor-element elementor-element-98ef20c\" data-id=\"98ef20c\" data-element_type=\"column\" data-e-type=\"column\">\n\t\t\t<div class=\"elementor-widget-wrap elementor-element-populated\">\n\t\t\t\t\t\t<div class=\"elementor-element elementor-element-97088c0 elementor-widget__width-initial elementor-invisible elementor-widget elementor-widget-text-editor\" data-id=\"97088c0\" data-element_type=\"widget\" data-e-type=\"widget\" data-settings=\"{&quot;_animation&quot;:&quot;nussFadeInUp&quot;}\" data-widget_type=\"text-editor.default\">\n\t\t\t\t\t\t\t\t\t<p>Nachfolgend finden Sie eine Liste der am h\u00e4ufigsten von unseren G\u00e4sten gestellten Fragen.<\/p>\t\t\t\t\t\t\t\t<\/div>\n\t\t\t\t\t<\/div>\n\t\t<\/div>\n\t\t\t\t\t<\/div>\n\t\t<\/section>\n\t\t\t\t<section class=\"elementor-section elementor-top-section elementor-element elementor-element-b184647 elementor-section-gap-beside-no elementor-section-boxed elementor-section-height-default elementor-section-height-default elementor-section-column-vertical-align-stretch\" data-id=\"b184647\" data-element_type=\"section\" data-e-type=\"section\">\n\t\t\t\t\t\t<div class=\"elementor-container elementor-column-gap-extended\">\n\t\t\t\t\t<div class=\"elementor-column elementor-col-100 elementor-top-column elementor-element elementor-element-1d49749\" data-id=\"1d49749\" data-element_type=\"column\" data-e-type=\"column\">\n\t\t\t<div class=\"elementor-widget-wrap elementor-element-populated\">\n\t\t\t\t\t\t<div class=\"elementor-element elementor-element-b986a9e elementor-invisible elementor-widget elementor-widget-nuss-heading\" data-id=\"b986a9e\" data-element_type=\"widget\" data-e-type=\"widget\" data-settings=\"{&quot;_animation&quot;:&quot;nussFadeInUp&quot;}\" data-widget_type=\"nuss-heading.default\">\n\t\t\t\t<div class=\"elementor-widget-container\">\n\t\t\t\t\t\t\t<div class=\"nuss-modern-heading\">\r\n\t\t\t\r\n\t\t\t\t\t\t<div class=\"heading-primary-wrap\">\r\n\t\t\t\t<h4 class=\"heading-primary elementor-heading-title\">FAQ&#039;S<\/h4>\t\t\t<\/div>\r\n\t\t\r\n\t\t\t\t\t\t<div class=\"heading-divider-wrap\">\r\n\t\t\t\t<div class=\"heading-divider\" style=\"left: 0px;top: 6px\"><\/div>\r\n\t\t\t<\/div>\r\n\t\r\n\t\t\t\t\t<\/div>\r\n\t\t\t\t\t<\/div>\n\t\t\t\t<\/div>\n\t\t\t\t<div class=\"elementor-element elementor-element-50f0733 elementor-invisible elementor-widget elementor-widget-heading\" data-id=\"50f0733\" data-element_type=\"widget\" data-e-type=\"widget\" data-settings=\"{&quot;_animation&quot;:&quot;nussFadeInUp&quot;}\" data-widget_type=\"heading.default\">\n\t\t\t\t\t<h2 class=\"elementor-heading-title elementor-size-default\">Fragen &amp; Antworten<\/h2>\t\t\t\t<\/div>\n\t\t\t\t<div class=\"elementor-element elementor-element-0c065cb elementor-widget elementor-widget-text-editor\" data-id=\"0c065cb\" data-element_type=\"widget\" data-e-type=\"widget\" data-widget_type=\"text-editor.default\">\n\t\t\t\t\t\t\t\t\t<p>Hier sind die **h\u00e4ufigsten FAQs** zum **SSAW Garden Hotel Beijing**<\/p><p>\u2014<\/p><p><strong>### **Lage und Erreichbarkeit**<\/strong> <br \/>1. **Wie weit ist das Hotel vom Flughafen Peking entfernt?** <br \/>Ungef\u00e4hr 26 km (16 Meilen), die Fahrt dauert je nach Verkehr 30\u201340 Minuten.<\/p><p>2. **Bietet das Hotel einen Flughafentransfer an?** <br \/>Ja, ein Shuttleservice ist gegen eine zus\u00e4tzliche Geb\u00fchr verf\u00fcgbar. Bitte kontaktieren Sie das Hotel im Voraus, um dies zu vereinbaren.<\/p><p>3. **Ist das Hotel in der N\u00e4he \u00f6ffentlicher Verkehrsmittel?** <br \/>Ja, es liegt in der N\u00e4he der **Station Beixinqiao (Linie 5\/6\/8)** und mehrere U-Bahn-Linien und Bushaltestellen sind zu Fu\u00df erreichbar.<\/p><p>4. **Welche Sehensw\u00fcrdigkeiten gibt es in der N\u00e4he?** <br \/>Es liegt im **Bezirk Dongcheng**, in der N\u00e4he der Verbotenen Stadt, der Glocken- und Trommelt\u00fcrme und des historischen Hutong-Viertels Beixinqiao Santiao.<\/p><p>5. **Gibt es vor Ort Parkpl\u00e4tze?** <br \/>Nein, das Hotel verf\u00fcgt \u00fcber keinen privaten Parkplatz. M\u00f6glicherweise stehen jedoch in der N\u00e4he Stra\u00dfenparkpl\u00e4tze zur Verf\u00fcgung.<\/p><p>\u2014<\/p><p><strong>### **Check-in\/Check-out und Richtlinien**<\/strong> <br \/>6. **Was sind die Check-in- und Check-out-Zeiten?** <br \/>Der Check-in beginnt um **14:00 Uhr** und der Check-out erfolgt bis **12:00 Uhr**. Ein sp\u00e4ter Check-out ist auf Anfrage m\u00f6glich.<\/p><p>7. **Sind Haustiere im Hotel erlaubt?** <br \/>Nein, Haustiere sind auf dem Grundst\u00fcck nicht gestattet.<\/p><p>8. **Ist das Rauchen in den Zimmern erlaubt?** <br \/>In allen Zimmern und \u00f6ffentlichen Bereichen des Hotels gilt ein striktes **Rauchverbot**.<\/p><p>9. **Welche Zahlungsmethoden werden akzeptiert?** <br \/>G\u00e4ngige Kreditkarten (Visa, MasterCard, American Express) und mobile Zahlungen wie WeChat Pay werden akzeptiert.<\/p><p>10. **Wie sind die Stornierungsbedingungen?** <br \/>Die Richtlinien variieren je nach Buchungsplattform. Auf Booking.com ist eine kostenlose Stornierung bis 24 Stunden vor der Ankunft m\u00f6glich.<\/p><p>\u2014<\/p><p><strong>### **Ausstattung und Service**<\/strong> <br \/>11. **Verf\u00fcgt das Hotel \u00fcber ein Restaurant?** <br \/>Ja, es gibt ein **chinesisches Restaurant** mit regionaler K\u00fcche. Fr\u00fchst\u00fcck wird t\u00e4glich serviert.<\/p><p>12. **Ist WLAN kostenlos?** <br \/>Kostenloses Highspeed-WLAN steht in allen Zimmern und \u00f6ffentlichen Bereichen zur Verf\u00fcgung.<\/p><p>13. **Gibt es Tagungs- oder Veranstaltungsr\u00e4ume?** <br \/>Das Hotel verf\u00fcgt \u00fcber einen **Konferenzraum** f\u00fcr kleine Versammlungen oder Gesch\u00e4ftstreffen.<\/p><p>14. **Welche Zimmertypen sind verf\u00fcgbar?** <br \/>Zur Auswahl stehen Deluxe-Zimmer, Suite-Zimmer und Familienzimmer mit modernen Annehmlichkeiten wie Klimaanlage und Flachbildfernseher.<\/p><p>15. **Gibt es einen Garten oder Au\u00dfenbereich?** <br \/>Ja, G\u00e4ste k\u00f6nnen im **traditionellen Garten** mit ruhigen Landschaften und Sitzbereichen entspannen.<\/p>\t\t\t\t\t\t\t\t<\/div>\n\t\t\t\t\t<\/div>\n\t\t<\/div>\n\t\t\t\t\t<\/div>\n\t\t<\/section>\n\t\t\t\t<\/div>","protected":false},"excerpt":{"rendered":"<p>Below, you will find a list of the questions most frequently asked by our guests. FAQ&#8217;S Questions &amp; Answers Here are the **most popular FAQs** for **SSAW Garden Hotel Beijing** &#8212; ### **Location &amp; Accessibility** 1. **How far is the hotel from Beijing Capital Airport?** Approximately 26 km (16 miles), with a 30\u201340 minute drive [&hellip;]<\/p>\n","protected":false},"author":1,"featured_media":0,"parent":0,"menu_order":0,"comment_status":"closed","ping_status":"closed","template":"","meta":{"footnotes":""},"class_list":["post-2105","page","type-page","status-publish","hentry","post-no-thumbnail"],"_links":{"self":[{"href":"https:\/\/ssawgardenhotelbeijing.com\/de\/wp-json\/wp\/v2\/pages\/2105","targetHints":{"allow":["GET"]}}],"collection":[{"href":"https:\/\/ssawgardenhotelbeijing.com\/de\/wp-json\/wp\/v2\/pages"}],"about":[{"href":"https:\/\/ssawgardenhotelbeijing.com\/de\/wp-json\/wp\/v2\/types\/page"}],"author":[{"embeddable":true,"href":"https:\/\/ssawgardenhotelbeijing.com\/de\/wp-json\/wp\/v2\/users\/1"}],"replies":[{"embeddable":true,"href":"https:\/\/ssawgardenhotelbeijing.com\/de\/wp-json\/wp\/v2\/comments?post=2105"}],"version-history":[{"count":0,"href":"https:\/\/ssawgardenhotelbeijing.com\/de\/wp-json\/wp\/v2\/pages\/2105\/revisions"}],"wp:attachment":[{"href":"https:\/\/ssawgardenhotelbeijing.com\/de\/wp-json\/wp\/v2\/media?parent=2105"}],"curies":[{"name":"wp","href":"https:\/\/api.w.org\/{rel}","templated":true}]}}