{"id":2108,"date":"2021-03-26T06:46:16","date_gmt":"2021-03-26T06:46:16","guid":{"rendered":"http:\/\/localhost\/nuss\/?page_id=437"},"modified":"2025-12-04T11:25:07","modified_gmt":"2025-12-04T11:25:07","slug":"spa","status":"publish","type":"page","link":"https:\/\/ssawgardenhotelbeijing.com\/de\/spa\/","title":{"rendered":"Spa"},"content":{"rendered":"<div data-elementor-type=\"wp-page\" data-elementor-id=\"2108\" class=\"elementor elementor-2108\">\n\t\t\t\t\t\t<section class=\"elementor-section elementor-top-section elementor-element elementor-element-e56a0cd elementor-section-boxed elementor-section-gap-beside-yes elementor-section-height-default elementor-section-height-default elementor-section-column-vertical-align-stretch\" data-id=\"e56a0cd\" data-element_type=\"section\" data-e-type=\"section\">\n\t\t\t\t\t\t<div class=\"elementor-container elementor-column-gap-extended\">\n\t\t\t\t\t<div class=\"elementor-column elementor-col-100 elementor-top-column elementor-element elementor-element-0b4465f\" data-id=\"0b4465f\" data-element_type=\"column\" data-e-type=\"column\">\n\t\t\t<div class=\"elementor-widget-wrap elementor-element-populated\">\n\t\t\t\t\t\t<div class=\"elementor-element elementor-element-c5bfb65 elementor-widget__width-initial elementor-invisible elementor-widget elementor-widget-text-editor\" data-id=\"c5bfb65\" data-element_type=\"widget\" data-e-type=\"widget\" data-settings=\"{&quot;_animation&quot;:&quot;nussFadeInUp&quot;}\" data-widget_type=\"text-editor.default\">\n\t\t\t\t\t\t\t\t\t<p>Eingebettet in die ruhige Atmosph\u00e4re des historischen Pekinger Stadtteils Dongcheng, <strong>SSAW Garden Hotel Beijing<\/strong> bietet mehr als nur einen luxuri\u00f6sen Aufenthalt \u2013 es l\u00e4dt Sie zu einer transformativen Wellnessreise ein. Unser Hotel in der Beixinqiao Santiao Nr. 5 ist ein R\u00fcckzugsort, an dem traditionelle chinesische Heilphilosophien auf moderne Wellness-Innovationen treffen, umgeben von der ruhigen Sch\u00f6nheit unserer \u00fcppigen Gartenoase. Ob Sie Entspannung, Erholung oder eine ganzheitliche Flucht aus der gesch\u00e4ftigen Stadt suchen, unser <strong>Wellnesseinrichtungen<\/strong> sind darauf ausgelegt, Ihr Wohlbefinden in jeder Hinsicht zu f\u00f6rdern.<\/p>\t\t\t\t\t\t\t\t<\/div>\n\t\t\t\t\t<\/div>\n\t\t<\/div>\n\t\t\t\t\t<\/div>\n\t\t<\/section>\n\t\t\t\t<section class=\"elementor-section elementor-top-section elementor-element elementor-element-8339aed elementor-section-boxed elementor-section-gap-beside-yes elementor-section-height-default elementor-section-height-default elementor-section-column-vertical-align-stretch\" data-id=\"8339aed\" data-element_type=\"section\" data-e-type=\"section\">\n\t\t\t\t\t\t<div class=\"elementor-container elementor-column-gap-extended\">\n\t\t\t\t\t<div class=\"elementor-column elementor-col-100 elementor-top-column elementor-element elementor-element-24d8af3\" data-id=\"24d8af3\" data-element_type=\"column\" data-e-type=\"column\">\n\t\t\t<div class=\"elementor-widget-wrap elementor-element-populated\">\n\t\t\t\t\t\t<div class=\"elementor-element elementor-element-cd863cd elementor-invisible elementor-widget elementor-widget-heading\" data-id=\"cd863cd\" data-element_type=\"widget\" data-e-type=\"widget\" data-settings=\"{&quot;_animation&quot;:&quot;nussFadeInUp&quot;}\" data-widget_type=\"heading.default\">\n\t\t\t\t\t<h2 class=\"elementor-heading-title elementor-size-default\">Unsere Dienste<\/h2>\t\t\t\t<\/div>\n\t\t\t\t<section class=\"elementor-section elementor-inner-section elementor-element elementor-element-40ed5a4 elementor-section-boxed elementor-section-gap-beside-yes elementor-section-height-default elementor-section-height-default elementor-section-column-vertical-align-stretch\" data-id=\"40ed5a4\" data-element_type=\"section\" data-e-type=\"section\">\n\t\t\t\t\t\t<div class=\"elementor-container elementor-column-gap-extended\">\n\t\t\t\t\t<div class=\"elementor-column elementor-col-50 elementor-inner-column elementor-element elementor-element-6305cc0\" data-id=\"6305cc0\" data-element_type=\"column\" data-e-type=\"column\">\n\t\t\t<div class=\"elementor-widget-wrap elementor-element-populated\">\n\t\t\t\t\t\t<div class=\"elementor-element elementor-element-f53bd83 elementor-invisible nuss-elementor-loading nuss-slide-in-right elementor-widget elementor-widget-image\" data-id=\"f53bd83\" data-element_type=\"widget\" data-e-type=\"widget\" data-settings=\"{&quot;_animation&quot;:&quot;nussSlideInRight&quot;}\" data-widget_type=\"image.default\">\n\t\t\t\t\t\t\t\t\t\t\t\t\t\t\t<img fetchpriority=\"high\" decoding=\"async\" width=\"1280\" height=\"853\" src=\"https:\/\/ssawgardenhotelbeijing.com\/wp-content\/uploads\/2025\/07\/SSAW-Garden-Hotel-Beijing-13.webp\" class=\"attachment-full size-full wp-image-5566\" alt=\"\" srcset=\"https:\/\/ssawgardenhotelbeijing.com\/wp-content\/uploads\/2025\/07\/SSAW-Garden-Hotel-Beijing-13.webp 1280w, https:\/\/ssawgardenhotelbeijing.com\/wp-content\/uploads\/2025\/07\/SSAW-Garden-Hotel-Beijing-13-300x200.webp 300w, https:\/\/ssawgardenhotelbeijing.com\/wp-content\/uploads\/2025\/07\/SSAW-Garden-Hotel-Beijing-13-1024x682.webp 1024w, https:\/\/ssawgardenhotelbeijing.com\/wp-content\/uploads\/2025\/07\/SSAW-Garden-Hotel-Beijing-13-768x512.webp 768w, https:\/\/ssawgardenhotelbeijing.com\/wp-content\/uploads\/2025\/07\/SSAW-Garden-Hotel-Beijing-13-18x12.webp 18w\" sizes=\"(max-width: 1280px) 100vw, 1280px\" \/>\t\t\t\t\t\t\t\t\t\t\t\t\t\t\t<\/div>\n\t\t\t\t\t<\/div>\n\t\t<\/div>\n\t\t\t\t<div class=\"elementor-column elementor-col-50 elementor-inner-column elementor-element elementor-element-8c7af75\" data-id=\"8c7af75\" data-element_type=\"column\" data-e-type=\"column\">\n\t\t\t<div class=\"elementor-widget-wrap elementor-element-populated\">\n\t\t\t\t\t\t<div class=\"elementor-element elementor-element-cbb2b16 elementor-invisible elementor-widget elementor-widget-heading\" data-id=\"cbb2b16\" data-element_type=\"widget\" data-e-type=\"widget\" data-settings=\"{&quot;_animation&quot;:&quot;nussFadeInUp&quot;}\" data-widget_type=\"heading.default\">\n\t\t\t\t\t<h3 class=\"elementor-heading-title elementor-size-default\">Eine Harmonie aus Tradition und Moderne\n<\/h3>\t\t\t\t<\/div>\n\t\t\t\t<div class=\"elementor-element elementor-element-8251470 elementor-invisible elementor-widget elementor-widget-text-editor\" data-id=\"8251470\" data-element_type=\"widget\" data-e-type=\"widget\" data-settings=\"{&quot;_animation&quot;:&quot;nussFadeInUp&quot;}\" data-widget_type=\"text-editor.default\">\n\t\t\t\t\t\t\t\t\t<p>Inspiriert von den jahrhundertealten Hutongs unserer Umgebung, w\u00fcrdigt unsere Wellness-Philosophie die alte Weisheit von Gleichgewicht und Harmonie. Das Hoteldesign integriert nahtlos nat\u00fcrliche Elemente \u2013 flie\u00dfende Wasserspiele, aromatische Kr\u00e4uterg\u00e4rten und sonnendurchflutete Pavillons \u2013 und schafft so eine Umgebung, in der Stress abgebaut und Vitalit\u00e4t gedeiht. Hier ist Wellness nicht nur eine Dienstleistung, sondern ein kulturelles Erlebnis, verwurzelt in den Traditionen Pekings, jedoch veredelt durch modernen Luxus.<\/p>\t\t\t\t\t\t\t\t<\/div>\n\t\t\t\t\t<\/div>\n\t\t<\/div>\n\t\t\t\t\t<\/div>\n\t\t<\/section>\n\t\t\t\t<section class=\"elementor-section elementor-inner-section elementor-element elementor-element-18bbaf4 elementor-section-boxed elementor-section-gap-beside-yes elementor-section-height-default elementor-section-height-default elementor-section-column-vertical-align-stretch\" data-id=\"18bbaf4\" data-element_type=\"section\" data-e-type=\"section\">\n\t\t\t\t\t\t<div class=\"elementor-container elementor-column-gap-extended\">\n\t\t\t\t\t<div class=\"elementor-column elementor-col-50 elementor-inner-column elementor-element elementor-element-b592f99\" data-id=\"b592f99\" data-element_type=\"column\" data-e-type=\"column\">\n\t\t\t<div class=\"elementor-widget-wrap elementor-element-populated\">\n\t\t\t\t\t\t<div class=\"elementor-element elementor-element-fec5a6a elementor-invisible nuss-elementor-loading nuss-slide-in-right elementor-widget elementor-widget-image\" data-id=\"fec5a6a\" data-element_type=\"widget\" data-e-type=\"widget\" data-settings=\"{&quot;_animation&quot;:&quot;nussSlideInRight&quot;}\" data-widget_type=\"image.default\">\n\t\t\t\t\t\t\t\t\t\t\t\t\t\t\t<img decoding=\"async\" width=\"1280\" height=\"853\" src=\"https:\/\/ssawgardenhotelbeijing.com\/wp-content\/uploads\/2025\/07\/SSAW-Garden-Hotel-Beijing-7.webp\" class=\"attachment-full size-full wp-image-5560\" alt=\"\" srcset=\"https:\/\/ssawgardenhotelbeijing.com\/wp-content\/uploads\/2025\/07\/SSAW-Garden-Hotel-Beijing-7.webp 1280w, https:\/\/ssawgardenhotelbeijing.com\/wp-content\/uploads\/2025\/07\/SSAW-Garden-Hotel-Beijing-7-300x200.webp 300w, https:\/\/ssawgardenhotelbeijing.com\/wp-content\/uploads\/2025\/07\/SSAW-Garden-Hotel-Beijing-7-1024x682.webp 1024w, https:\/\/ssawgardenhotelbeijing.com\/wp-content\/uploads\/2025\/07\/SSAW-Garden-Hotel-Beijing-7-768x512.webp 768w, https:\/\/ssawgardenhotelbeijing.com\/wp-content\/uploads\/2025\/07\/SSAW-Garden-Hotel-Beijing-7-18x12.webp 18w\" sizes=\"(max-width: 1280px) 100vw, 1280px\" \/>\t\t\t\t\t\t\t\t\t\t\t\t\t\t\t<\/div>\n\t\t\t\t\t<\/div>\n\t\t<\/div>\n\t\t\t\t<div class=\"elementor-column elementor-col-50 elementor-inner-column elementor-element elementor-element-e2c0f75\" data-id=\"e2c0f75\" data-element_type=\"column\" data-e-type=\"column\">\n\t\t\t<div class=\"elementor-widget-wrap elementor-element-populated\">\n\t\t\t\t\t\t<div class=\"elementor-element elementor-element-ca3c19a elementor-invisible elementor-widget elementor-widget-heading\" data-id=\"ca3c19a\" data-element_type=\"widget\" data-e-type=\"widget\" data-settings=\"{&quot;_animation&quot;:&quot;nussFadeInUp&quot;}\" data-widget_type=\"heading.default\">\n\t\t\t\t\t<h3 class=\"elementor-heading-title elementor-size-default\">Hochmodernes Fitnesscenter\n<\/h3>\t\t\t\t<\/div>\n\t\t\t\t<div class=\"elementor-element elementor-element-545a5ef elementor-invisible elementor-widget elementor-widget-text-editor\" data-id=\"545a5ef\" data-element_type=\"widget\" data-e-type=\"widget\" data-settings=\"{&quot;_animation&quot;:&quot;nussFadeInUp&quot;}\" data-widget_type=\"text-editor.default\">\n\t\t\t\t\t\t\t\t\t<p>F\u00fcr G\u00e4ste, die ihre Fitnessroutine beibehalten m\u00f6chten, ist unser <strong>24-Stunden-Fitnesscenter<\/strong> bietet modernste Ausstattung mit Panoramablick auf den gr\u00fcnen Innenhof des Hotels. Von Cardioger\u00e4ten bis zu Krafttrainingsstationen ist jedes Detail auf Effizienz und Komfort ausgelegt. Brauchen Sie Unterst\u00fctzung? Unsere zertifizierten Trainer passen das Training gerne an Ihre Ziele an und sorgen daf\u00fcr, dass Sie voller Energie und Kraft nach Hause gehen.<\/p>\t\t\t\t\t\t\t\t<\/div>\n\t\t\t\t\t<\/div>\n\t\t<\/div>\n\t\t\t\t\t<\/div>\n\t\t<\/section>\n\t\t\t\t<section class=\"elementor-section elementor-inner-section elementor-element elementor-element-b6bfe2b elementor-section-boxed elementor-section-gap-beside-yes elementor-section-height-default elementor-section-height-default elementor-section-column-vertical-align-stretch\" data-id=\"b6bfe2b\" data-element_type=\"section\" data-e-type=\"section\">\n\t\t\t\t\t\t<div class=\"elementor-container elementor-column-gap-extended\">\n\t\t\t\t\t<div class=\"elementor-column elementor-col-50 elementor-inner-column elementor-element elementor-element-d6b89b0\" data-id=\"d6b89b0\" data-element_type=\"column\" data-e-type=\"column\">\n\t\t\t<div class=\"elementor-widget-wrap elementor-element-populated\">\n\t\t\t\t\t\t<div class=\"elementor-element elementor-element-40cc37f elementor-invisible nuss-elementor-loading nuss-slide-in-right elementor-widget elementor-widget-image\" data-id=\"40cc37f\" data-element_type=\"widget\" data-e-type=\"widget\" data-settings=\"{&quot;_animation&quot;:&quot;nussSlideInRight&quot;}\" data-widget_type=\"image.default\">\n\t\t\t\t\t\t\t\t\t\t\t\t\t\t\t<img decoding=\"async\" width=\"639\" height=\"853\" src=\"https:\/\/ssawgardenhotelbeijing.com\/wp-content\/uploads\/2025\/07\/SSAW-Garden-Hotel-Beijing-1.webp\" class=\"attachment-full size-full wp-image-5554\" alt=\"\" srcset=\"https:\/\/ssawgardenhotelbeijing.com\/wp-content\/uploads\/2025\/07\/SSAW-Garden-Hotel-Beijing-1.webp 639w, https:\/\/ssawgardenhotelbeijing.com\/wp-content\/uploads\/2025\/07\/SSAW-Garden-Hotel-Beijing-1-225x300.webp 225w, https:\/\/ssawgardenhotelbeijing.com\/wp-content\/uploads\/2025\/07\/SSAW-Garden-Hotel-Beijing-1-9x12.webp 9w\" sizes=\"(max-width: 639px) 100vw, 639px\" \/>\t\t\t\t\t\t\t\t\t\t\t\t\t\t\t<\/div>\n\t\t\t\t\t<\/div>\n\t\t<\/div>\n\t\t\t\t<div class=\"elementor-column elementor-col-50 elementor-inner-column elementor-element elementor-element-e39de15\" data-id=\"e39de15\" data-element_type=\"column\" data-e-type=\"column\">\n\t\t\t<div class=\"elementor-widget-wrap elementor-element-populated\">\n\t\t\t\t\t\t<div class=\"elementor-element elementor-element-a8fdc55 elementor-invisible elementor-widget elementor-widget-heading\" data-id=\"a8fdc55\" data-element_type=\"widget\" data-e-type=\"widget\" data-settings=\"{&quot;_animation&quot;:&quot;nussFadeInUp&quot;}\" data-widget_type=\"heading.default\">\n\t\t\t\t\t<h3 class=\"elementor-heading-title elementor-size-default\">Das Garden Spa: Ein Heiligtum der Heilung\n<\/h3>\t\t\t\t<\/div>\n\t\t\t\t<div class=\"elementor-element elementor-element-4ca716d elementor-invisible elementor-widget elementor-widget-text-editor\" data-id=\"4ca716d\" data-element_type=\"widget\" data-e-type=\"widget\" data-settings=\"{&quot;_animation&quot;:&quot;nussFadeInUp&quot;}\" data-widget_type=\"text-editor.default\">\n\t\t\t\t\t\t\t\t\t<p>Treten Sie ein in unser <strong>Garten-Spa<\/strong>Hier vergeht die Zeit langsamer und jede Behandlung ist ein Fest der Sinnesfreude. Unsere Therapien, angelehnt an die traditionelle chinesische Medizin, umfassen Kr\u00e4uterkompressen, Akupressur und Jaderollen, um das Gleichgewicht des K\u00f6rpers wiederherzustellen. G\u00f6nnen Sie sich eine einzigartige Massage mit warmen Steinen aus den Bergen Pekings oder erleben Sie eine Gesichtsbehandlung mit lokal angebauten Chrysanthemen und Ginseng f\u00fcr strahlende Haut. Das Open-Air-Design des Spas l\u00e4sst das sanfte Rascheln des Bambus und den Duft bl\u00fchenden Jasmins Ihre Entspannung vertiefen.<\/p>\t\t\t\t\t\t\t\t<\/div>\n\t\t\t\t\t<\/div>\n\t\t<\/div>\n\t\t\t\t\t<\/div>\n\t\t<\/section>\n\t\t\t\t<section class=\"elementor-section elementor-inner-section elementor-element elementor-element-d2c850e elementor-section-boxed elementor-section-gap-beside-yes elementor-section-height-default elementor-section-height-default elementor-section-column-vertical-align-stretch\" data-id=\"d2c850e\" data-element_type=\"section\" data-e-type=\"section\">\n\t\t\t\t\t\t<div class=\"elementor-container elementor-column-gap-extended\">\n\t\t\t\t\t<div class=\"elementor-column elementor-col-50 elementor-inner-column elementor-element elementor-element-a3d1a3b\" data-id=\"a3d1a3b\" data-element_type=\"column\" data-e-type=\"column\">\n\t\t\t<div class=\"elementor-widget-wrap elementor-element-populated\">\n\t\t\t\t\t\t<div class=\"elementor-element elementor-element-1f151dc elementor-invisible nuss-elementor-loading nuss-slide-in-right elementor-widget elementor-widget-image\" data-id=\"1f151dc\" data-element_type=\"widget\" data-e-type=\"widget\" data-settings=\"{&quot;_animation&quot;:&quot;nussSlideInRight&quot;}\" data-widget_type=\"image.default\">\n\t\t\t\t\t\t\t\t\t\t\t\t\t\t\t<img decoding=\"async\" src=\"http:\/\/ssawgardenhotelbeijing.com\/wp-content\/uploads\/2025\/07\/SSAW-Garden-Hotel-Beijing-43.jpg\" title=\"\" alt=\"\" loading=\"lazy\" \/>\t\t\t\t\t\t\t\t\t\t\t\t\t\t\t<\/div>\n\t\t\t\t\t<\/div>\n\t\t<\/div>\n\t\t\t\t<div class=\"elementor-column elementor-col-50 elementor-inner-column elementor-element elementor-element-81019a0\" data-id=\"81019a0\" data-element_type=\"column\" data-e-type=\"column\">\n\t\t\t<div class=\"elementor-widget-wrap elementor-element-populated\">\n\t\t\t\t\t\t<div class=\"elementor-element elementor-element-cd6a077 elementor-invisible elementor-widget elementor-widget-heading\" data-id=\"cd6a077\" data-element_type=\"widget\" data-e-type=\"widget\" data-settings=\"{&quot;_animation&quot;:&quot;nussFadeInUp&quot;}\" data-widget_type=\"heading.default\">\n\t\t\t\t\t<h3 class=\"elementor-heading-title elementor-size-default\">Achtsamkeit in Bewegung: Yoga &amp; Meditation\n<\/h3>\t\t\t\t<\/div>\n\t\t\t\t<div class=\"elementor-element elementor-element-30df2d5 elementor-invisible elementor-widget elementor-widget-text-editor\" data-id=\"30df2d5\" data-element_type=\"widget\" data-e-type=\"widget\" data-settings=\"{&quot;_animation&quot;:&quot;nussFadeInUp&quot;}\" data-widget_type=\"text-editor.default\">\n\t\t\t\t\t\t\t\t\t<p>Im Herzen unseres Gartens finden in einem eigenen Pavillon t\u00e4glich <strong>Yoga- und Meditationssitzungen<\/strong>, eine Kombination aus Vinyasa-Flows und Tai-Chi-inspirierten Bewegungen. Egal, ob Sie bereits erfahrener Praktizierender oder neugieriger Anf\u00e4nger sind, diese von erfahrenen Kursleitern geleiteten Kurse zielen darauf ab, Ihre Energie mit den Rhythmen der Natur in Einklang zu bringen. Morgens begr\u00fc\u00dfen die Kurse den Tag mit belebenden Sonnengr\u00fc\u00dfen, w\u00e4hrend sich die Abendkurse auf erholsame Posen konzentrieren, um den K\u00f6rper auf den Tiefschlaf vorzubereiten.<\/p>\t\t\t\t\t\t\t\t<\/div>\n\t\t\t\t\t<\/div>\n\t\t<\/div>\n\t\t\t\t\t<\/div>\n\t\t<\/section>\n\t\t\t\t<section class=\"elementor-section elementor-inner-section elementor-element elementor-element-b4d10c8 elementor-section-boxed elementor-section-gap-beside-yes elementor-section-height-default elementor-section-height-default elementor-section-column-vertical-align-stretch\" data-id=\"b4d10c8\" data-element_type=\"section\" data-e-type=\"section\">\n\t\t\t\t\t\t<div class=\"elementor-container elementor-column-gap-extended\">\n\t\t\t\t\t<div class=\"elementor-column elementor-col-50 elementor-inner-column elementor-element elementor-element-92960b7\" data-id=\"92960b7\" data-element_type=\"column\" data-e-type=\"column\">\n\t\t\t<div class=\"elementor-widget-wrap elementor-element-populated\">\n\t\t\t\t\t\t<div class=\"elementor-element elementor-element-c5b7dbc elementor-widget elementor-widget-image\" data-id=\"c5b7dbc\" data-element_type=\"widget\" data-e-type=\"widget\" data-widget_type=\"image.default\">\n\t\t\t\t\t\t\t\t\t\t\t\t\t\t\t<img loading=\"lazy\" decoding=\"async\" width=\"1024\" height=\"768\" src=\"https:\/\/ssawgardenhotelbeijing.com\/wp-content\/uploads\/2025\/07\/SSAW-Garden-Hotel-Beijing-Pool-1024x768.jpg\" class=\"attachment-large size-large wp-image-5654\" alt=\"\" srcset=\"https:\/\/ssawgardenhotelbeijing.com\/wp-content\/uploads\/2025\/07\/SSAW-Garden-Hotel-Beijing-Pool-1024x768.jpg 1024w, https:\/\/ssawgardenhotelbeijing.com\/wp-content\/uploads\/2025\/07\/SSAW-Garden-Hotel-Beijing-Pool-300x225.jpg 300w, https:\/\/ssawgardenhotelbeijing.com\/wp-content\/uploads\/2025\/07\/SSAW-Garden-Hotel-Beijing-Pool-768x576.jpg 768w, https:\/\/ssawgardenhotelbeijing.com\/wp-content\/uploads\/2025\/07\/SSAW-Garden-Hotel-Beijing-Pool-16x12.jpg 16w, https:\/\/ssawgardenhotelbeijing.com\/wp-content\/uploads\/2025\/07\/SSAW-Garden-Hotel-Beijing-Pool.jpg 1200w\" sizes=\"(max-width: 1024px) 100vw, 1024px\" \/>\t\t\t\t\t\t\t\t\t\t\t\t\t\t\t<\/div>\n\t\t\t\t\t<\/div>\n\t\t<\/div>\n\t\t\t\t<div class=\"elementor-column elementor-col-50 elementor-inner-column elementor-element elementor-element-515a3eb\" data-id=\"515a3eb\" data-element_type=\"column\" data-e-type=\"column\">\n\t\t\t<div class=\"elementor-widget-wrap elementor-element-populated\">\n\t\t\t\t\t\t<div class=\"elementor-element elementor-element-d03c97e elementor-invisible elementor-widget elementor-widget-heading\" data-id=\"d03c97e\" data-element_type=\"widget\" data-e-type=\"widget\" data-settings=\"{&quot;_animation&quot;:&quot;nussFadeInUp&quot;}\" data-widget_type=\"heading.default\">\n\t\t\t\t\t<h3 class=\"elementor-heading-title elementor-size-default\">Hydrotherapie &amp; Thermalerlebnisse\n<\/h3>\t\t\t\t<\/div>\n\t\t\t\t<div class=\"elementor-element elementor-element-a38bb1c elementor-invisible elementor-widget elementor-widget-text-editor\" data-id=\"a38bb1c\" data-element_type=\"widget\" data-e-type=\"widget\" data-settings=\"{&quot;_animation&quot;:&quot;nussFadeInUp&quot;}\" data-widget_type=\"text-editor.default\">\n\t\t\t\t\t\t\t\t\t<p>Zu unseren Wellnesseinrichtungen geh\u00f6ren au\u00dferdem ein <strong>Hydrotherapie-Pool<\/strong> mit Massaged\u00fcsen und einem traditionellen chinesischen Kr\u00e4uterdampfbad. Die Hydromassagestationen des Pools lindern Muskelverspannungen, w\u00e4hrend die aromatischen Eukalyptus- und Mentholmischungen im Dampfbad entgiften und erfrischen. Daneben befindet sich ein ruhiger <strong>Tee-Lounge<\/strong> bietet Aufg\u00fcsse aus Goji-Beeren, Pu-Erh-Tee und Chrysanthemen \u2013 zeitlose Heilmittel f\u00fcr innere Harmonie.<\/p>\t\t\t\t\t\t\t\t<\/div>\n\t\t\t\t\t<\/div>\n\t\t<\/div>\n\t\t\t\t\t<\/div>\n\t\t<\/section>\n\t\t\t\t\t<\/div>\n\t\t<\/div>\n\t\t\t\t\t<\/div>\n\t\t<\/section>\n\t\t\t\t<\/div>","protected":false},"excerpt":{"rendered":"<p>Nestled in the serene embrace of Beijing\u2019s historic Dongcheng district, SSAW Garden Hotel Beijing offers more than just a luxurious stay\u2014it invites you to embark on a transformative wellness journey. Located at No.5 Beixinqiao Santiao, our hotel is a sanctuary where traditional Chinese healing philosophies meet modern wellness innovations, all framed by the tranquil beauty [&hellip;]<\/p>\n","protected":false},"author":1,"featured_media":0,"parent":0,"menu_order":0,"comment_status":"closed","ping_status":"closed","template":"","meta":{"footnotes":""},"class_list":["post-2108","page","type-page","status-publish","hentry","post-no-thumbnail"],"_links":{"self":[{"href":"https:\/\/ssawgardenhotelbeijing.com\/de\/wp-json\/wp\/v2\/pages\/2108","targetHints":{"allow":["GET"]}}],"collection":[{"href":"https:\/\/ssawgardenhotelbeijing.com\/de\/wp-json\/wp\/v2\/pages"}],"about":[{"href":"https:\/\/ssawgardenhotelbeijing.com\/de\/wp-json\/wp\/v2\/types\/page"}],"author":[{"embeddable":true,"href":"https:\/\/ssawgardenhotelbeijing.com\/de\/wp-json\/wp\/v2\/users\/1"}],"replies":[{"embeddable":true,"href":"https:\/\/ssawgardenhotelbeijing.com\/de\/wp-json\/wp\/v2\/comments?post=2108"}],"version-history":[{"count":0,"href":"https:\/\/ssawgardenhotelbeijing.com\/de\/wp-json\/wp\/v2\/pages\/2108\/revisions"}],"wp:attachment":[{"href":"https:\/\/ssawgardenhotelbeijing.com\/de\/wp-json\/wp\/v2\/media?parent=2108"}],"curies":[{"name":"wp","href":"https:\/\/api.w.org\/{rel}","templated":true}]}}