{"id":2105,"date":"2021-03-24T07:25:45","date_gmt":"2021-03-24T07:25:45","guid":{"rendered":"http:\/\/localhost\/nuss\/?page_id=235"},"modified":"2025-12-04T11:24:25","modified_gmt":"2025-12-04T11:24:25","slug":"preguntas-frecuentes","status":"publish","type":"page","link":"https:\/\/ssawgardenhotelbeijing.com\/es\/faqs\/","title":{"rendered":"Preguntas frecuentes"},"content":{"rendered":"<div data-elementor-type=\"wp-page\" data-elementor-id=\"2105\" class=\"elementor elementor-2105\">\n\t\t\t\t\t\t<section class=\"elementor-section elementor-top-section elementor-element elementor-element-2a96a73 elementor-section-boxed elementor-section-gap-beside-yes elementor-section-height-default elementor-section-height-default elementor-section-column-vertical-align-stretch\" data-id=\"2a96a73\" data-element_type=\"section\" data-e-type=\"section\">\n\t\t\t\t\t\t<div class=\"elementor-container elementor-column-gap-extended\">\n\t\t\t\t\t<div class=\"elementor-column elementor-col-100 elementor-top-column elementor-element elementor-element-98ef20c\" data-id=\"98ef20c\" data-element_type=\"column\" data-e-type=\"column\">\n\t\t\t<div class=\"elementor-widget-wrap elementor-element-populated\">\n\t\t\t\t\t\t<div class=\"elementor-element elementor-element-97088c0 elementor-widget__width-initial elementor-invisible elementor-widget elementor-widget-text-editor\" data-id=\"97088c0\" data-element_type=\"widget\" data-e-type=\"widget\" data-settings=\"{&quot;_animation&quot;:&quot;nussFadeInUp&quot;}\" data-widget_type=\"text-editor.default\">\n\t\t\t\t\t\t\t\t\t<p>A continuaci\u00f3n encontrar\u00e1 una lista de las preguntas m\u00e1s frecuentes que nos realizan nuestros hu\u00e9spedes.<\/p>\t\t\t\t\t\t\t\t<\/div>\n\t\t\t\t\t<\/div>\n\t\t<\/div>\n\t\t\t\t\t<\/div>\n\t\t<\/section>\n\t\t\t\t<section class=\"elementor-section elementor-top-section elementor-element elementor-element-b184647 elementor-section-gap-beside-no elementor-section-boxed elementor-section-height-default elementor-section-height-default elementor-section-column-vertical-align-stretch\" data-id=\"b184647\" data-element_type=\"section\" data-e-type=\"section\">\n\t\t\t\t\t\t<div class=\"elementor-container elementor-column-gap-extended\">\n\t\t\t\t\t<div class=\"elementor-column elementor-col-100 elementor-top-column elementor-element elementor-element-1d49749\" data-id=\"1d49749\" data-element_type=\"column\" data-e-type=\"column\">\n\t\t\t<div class=\"elementor-widget-wrap elementor-element-populated\">\n\t\t\t\t\t\t<div class=\"elementor-element elementor-element-b986a9e elementor-invisible elementor-widget elementor-widget-nuss-heading\" data-id=\"b986a9e\" data-element_type=\"widget\" data-e-type=\"widget\" data-settings=\"{&quot;_animation&quot;:&quot;nussFadeInUp&quot;}\" data-widget_type=\"nuss-heading.default\">\n\t\t\t\t<div class=\"elementor-widget-container\">\n\t\t\t\t\t\t\t<div class=\"nuss-modern-heading\">\r\n\t\t\t\r\n\t\t\t\t\t\t<div class=\"heading-primary-wrap\">\r\n\t\t\t\t<h4 class=\"heading-primary elementor-heading-title\">Preguntas frecuentes<\/h4>\t\t\t<\/div>\r\n\t\t\r\n\t\t\t\t\t\t<div class=\"heading-divider-wrap\">\r\n\t\t\t\t<div class=\"heading-divider\" style=\"left: 0px;top: 6px\"><\/div>\r\n\t\t\t<\/div>\r\n\t\r\n\t\t\t\t\t<\/div>\r\n\t\t\t\t\t<\/div>\n\t\t\t\t<\/div>\n\t\t\t\t<div class=\"elementor-element elementor-element-50f0733 elementor-invisible elementor-widget elementor-widget-heading\" data-id=\"50f0733\" data-element_type=\"widget\" data-e-type=\"widget\" data-settings=\"{&quot;_animation&quot;:&quot;nussFadeInUp&quot;}\" data-widget_type=\"heading.default\">\n\t\t\t\t\t<h2 class=\"elementor-heading-title elementor-size-default\">Preguntas y respuestas<\/h2>\t\t\t\t<\/div>\n\t\t\t\t<div class=\"elementor-element elementor-element-0c065cb elementor-widget elementor-widget-text-editor\" data-id=\"0c065cb\" data-element_type=\"widget\" data-e-type=\"widget\" data-widget_type=\"text-editor.default\">\n\t\t\t\t\t\t\t\t\t<p>Aqu\u00ed est\u00e1n las **preguntas frecuentes m\u00e1s populares** para **SSAW Garden Hotel Beijing**<\/p><p>\u2014<\/p><p><strong>### **Ubicaci\u00f3n y accesibilidad**<\/strong> <br \/>1. **\u00bfA qu\u00e9 distancia se encuentra el hotel del Aeropuerto de Pek\u00edn Capital?** <br \/>Aproximadamente 26 km (16 millas), con un recorrido de 30 a 40 minutos dependiendo del tr\u00e1fico.<\/p><p>2. **\u00bfEl hotel ofrece servicio de transporte al aeropuerto?** <br \/>S\u00ed, el servicio de traslado tiene un coste adicional. Para organizarlo, contacte con el hotel con antelaci\u00f3n.<\/p><p>3. \u00bfEl hotel est\u00e1 cerca del transporte p\u00fablico? <br \/>S\u00ed, est\u00e1 cerca de la **estaci\u00f3n Beixinqiao (l\u00edneas 5\/6\/8)** y a poca distancia de varias l\u00edneas de metro y paradas de autob\u00fas.<\/p><p>4. **\u00bfCu\u00e1les son las atracciones cercanas?** <br \/>Ubicado en el **Distrito Dongcheng**, est\u00e1 cerca de la Ciudad Prohibida, las Torres de la Campana y el Tambor y la hist\u00f3rica zona de hutongs Beixinqiao Santiao.<\/p><p>5. **\u00bfHay estacionamiento disponible en el lugar?** <br \/>No, el hotel no dispone de aparcamiento privado. Sin embargo, es posible que haya aparcamiento en la calle cerca.<\/p><p>\u2014<\/p><p><strong>### **Registro de entrada\/salida y pol\u00edticas**<\/strong> <br \/>6. **\u00bfCu\u00e1les son los horarios de check-in y check-out?** <br \/>El registro de entrada es a las **14:00** y la salida hasta las **12:00**. Se puede solicitar salida tard\u00eda.<\/p><p>7. **\u00bfEl hotel admite mascotas?** <br \/>No, no se permiten mascotas en la propiedad.<\/p><p>8. \u00bfSe permite fumar en las habitaciones? <br \/>El hotel aplica una estricta **pol\u00edtica de no fumar** en todas las habitaciones y \u00e1reas p\u00fablicas.<\/p><p>9. \u00bfQu\u00e9 m\u00e9todos de pago se aceptan? <br \/>Se aceptan las principales tarjetas de cr\u00e9dito (Visa, MasterCard, American Express) y pagos m\u00f3viles como WeChat Pay.<\/p><p>10. **\u00bfCu\u00e1l es la pol\u00edtica de cancelaci\u00f3n?** <br \/>Las pol\u00edticas var\u00edan seg\u00fan la plataforma de reserva. En Booking.com, la cancelaci\u00f3n gratuita est\u00e1 disponible hasta 24 horas antes de la llegada.<\/p><p>\u2014<\/p><p><strong>### **Comodidades y servicios**<\/strong> <br \/>11. \u00bfEl hotel tiene restaurante? <br \/>S\u00ed, ofrece un **restaurante chino** que sirve cocina local. El desayuno est\u00e1 disponible todos los d\u00edas.<\/p><p>12. \u00bfEl Wi-Fi es gratuito? <br \/>Se ofrece conexi\u00f3n Wi-Fi gratuita de alta velocidad en todas las habitaciones y \u00e1reas p\u00fablicas.<\/p><p>13. **\u00bfHay espacios para reuniones o eventos?** <br \/>El hotel dispone de una **sala de conferencias** para peque\u00f1as reuniones o reuniones de negocios.<\/p><p>14. **\u00bfQu\u00e9 tipos de habitaciones est\u00e1n disponibles?** <br \/>Las opciones incluyen habitaciones Deluxe, suites y habitaciones familiares con comodidades modernas como aire acondicionado y televisores de pantalla plana.<\/p><p>15. **\u00bfHay un jard\u00edn o espacio al aire libre?** <br \/>S\u00ed, los hu\u00e9spedes pueden relajarse en el **jard\u00edn tradicional**, que cuenta con paisajes serenos y zonas para sentarse.<\/p>\t\t\t\t\t\t\t\t<\/div>\n\t\t\t\t\t<\/div>\n\t\t<\/div>\n\t\t\t\t\t<\/div>\n\t\t<\/section>\n\t\t\t\t<\/div>","protected":false},"excerpt":{"rendered":"<p>Below, you will find a list of the questions most frequently asked by our guests. FAQ&#8217;S Questions &amp; Answers Here are the **most popular FAQs** for **SSAW Garden Hotel Beijing** &#8212; ### **Location &amp; Accessibility** 1. **How far is the hotel from Beijing Capital Airport?** Approximately 26 km (16 miles), with a 30\u201340 minute drive [&hellip;]<\/p>\n","protected":false},"author":1,"featured_media":0,"parent":0,"menu_order":0,"comment_status":"closed","ping_status":"closed","template":"","meta":{"footnotes":""},"class_list":["post-2105","page","type-page","status-publish","hentry","post-no-thumbnail"],"_links":{"self":[{"href":"https:\/\/ssawgardenhotelbeijing.com\/es\/wp-json\/wp\/v2\/pages\/2105","targetHints":{"allow":["GET"]}}],"collection":[{"href":"https:\/\/ssawgardenhotelbeijing.com\/es\/wp-json\/wp\/v2\/pages"}],"about":[{"href":"https:\/\/ssawgardenhotelbeijing.com\/es\/wp-json\/wp\/v2\/types\/page"}],"author":[{"embeddable":true,"href":"https:\/\/ssawgardenhotelbeijing.com\/es\/wp-json\/wp\/v2\/users\/1"}],"replies":[{"embeddable":true,"href":"https:\/\/ssawgardenhotelbeijing.com\/es\/wp-json\/wp\/v2\/comments?post=2105"}],"version-history":[{"count":0,"href":"https:\/\/ssawgardenhotelbeijing.com\/es\/wp-json\/wp\/v2\/pages\/2105\/revisions"}],"wp:attachment":[{"href":"https:\/\/ssawgardenhotelbeijing.com\/es\/wp-json\/wp\/v2\/media?parent=2105"}],"curies":[{"name":"wp","href":"https:\/\/api.w.org\/{rel}","templated":true}]}}