{"id":612,"date":"2021-03-26T10:04:13","date_gmt":"2021-03-26T10:04:13","guid":{"rendered":"http:\/\/localhost\/nuss\/?page_id=612"},"modified":"2025-12-04T11:24:49","modified_gmt":"2025-12-04T11:24:49","slug":"restaurante","status":"publish","type":"page","link":"https:\/\/ssawgardenhotelbeijing.com\/es\/restaurant\/","title":{"rendered":"Restaurante"},"content":{"rendered":"<div data-elementor-type=\"wp-page\" data-elementor-id=\"612\" class=\"elementor elementor-612\">\n\t\t\t\t\t\t<section class=\"elementor-section elementor-top-section elementor-element elementor-element-e2effe8 elementor-section-boxed elementor-section-gap-beside-yes elementor-section-height-default elementor-section-height-default elementor-section-column-vertical-align-stretch\" data-id=\"e2effe8\" data-element_type=\"section\" data-e-type=\"section\">\n\t\t\t\t\t\t<div class=\"elementor-container elementor-column-gap-extended\">\n\t\t\t\t\t<div class=\"elementor-column elementor-col-100 elementor-top-column elementor-element elementor-element-e18f688\" data-id=\"e18f688\" data-element_type=\"column\" data-e-type=\"column\">\n\t\t\t<div class=\"elementor-widget-wrap elementor-element-populated\">\n\t\t\t\t\t\t<div class=\"elementor-element elementor-element-6db146d elementor-widget__width-initial elementor-invisible elementor-widget elementor-widget-text-editor\" data-id=\"6db146d\" data-element_type=\"widget\" data-e-type=\"widget\" data-settings=\"{&quot;_animation&quot;:&quot;nussFadeInUp&quot;}\" data-widget_type=\"text-editor.default\">\n\t\t\t\t\t\t\t\t\t<p><strong data-spm-anchor-id=\"a2ty_o01.29997173.0.i25.509dc921R3GeRF\">Disfrute de la esencia de la tradici\u00f3n y la innovaci\u00f3n en el restaurante Garden del SSAW Garden Hotel Beijing <\/strong><\/p>\t\t\t\t\t\t\t\t<\/div>\n\t\t\t\t\t<\/div>\n\t\t<\/div>\n\t\t\t\t\t<\/div>\n\t\t<\/section>\n\t\t<div class=\"elementor-element elementor-element-9eb47b5 e-flex e-con-boxed e-con e-parent\" data-id=\"9eb47b5\" data-element_type=\"container\" data-e-type=\"container\">\n\t\t\t\t\t<div class=\"e-con-inner\">\n\t\t<div class=\"elementor-element elementor-element-5bda012 e-con-full e-flex e-con e-child\" data-id=\"5bda012\" data-element_type=\"container\" data-e-type=\"container\">\n\t\t\t\t<div class=\"elementor-element elementor-element-53a4b91 elementor-widget elementor-widget-text-editor\" data-id=\"53a4b91\" data-element_type=\"widget\" data-e-type=\"widget\" data-widget_type=\"text-editor.default\">\n\t\t\t\t\t\t\t\t\t<p data-spm-anchor-id=\"a2ty_o01.29997173.0.i28.509dc921R3GeRF\">Escondido en el coraz\u00f3n hist\u00f3rico del distrito Dongcheng de Beijing, a solo unos pasos de los antiguos hutongs pero a momentos del pulso moderno de la ciudad, se encuentra una joya culinaria que redefine la alta gastronom\u00eda en la capital. <strong>Restaurante Jard\u00edn <\/strong>, ubicado dentro del sereno abrazo de <strong>Hotel SSAW Garden de Pek\u00edn <\/strong> en <strong>No. 5 Beixinqiao Santiao <\/strong>.<\/p><p>M\u00e1s que un simple restaurante, Garden Restaurant es un viaje inmersivo a trav\u00e9s de los sabores, texturas y aromas que definen la aut\u00e9ntica cocina china, presentados con maestr\u00eda y un toque contempor\u00e1neo. Dise\u00f1ado para reflejar la armon\u00eda entre la naturaleza y la gastronom\u00eda, nuestro comedor combina a la perfecci\u00f3n la elegancia arquitect\u00f3nica tradicional con la sofisticaci\u00f3n moderna. Rodeado de exuberante vegetaci\u00f3n, tranquilos estanques y la luz natural que se filtra a trav\u00e9s de las tradicionales ventanas enrejadas, cada comida se convierte en una experiencia sensorial impregnada de serenidad.<\/p>\t\t\t\t\t\t\t\t<\/div>\n\t\t\t\t<\/div>\n\t\t<div class=\"elementor-element elementor-element-0b654f7 e-con-full e-flex e-con e-child\" data-id=\"0b654f7\" data-element_type=\"container\" data-e-type=\"container\">\n\t\t\t\t<div class=\"elementor-element elementor-element-38098ca elementor-widget elementor-widget-image\" data-id=\"38098ca\" data-element_type=\"widget\" data-e-type=\"widget\" data-widget_type=\"image.default\">\n\t\t\t\t\t\t\t\t\t\t\t\t\t\t\t<img fetchpriority=\"high\" decoding=\"async\" width=\"637\" height=\"853\" src=\"https:\/\/ssawgardenhotelbeijing.com\/wp-content\/uploads\/2025\/07\/SSAW-Garden-Hotel-Beijing-11.webp\" class=\"attachment-large size-large wp-image-5564\" alt=\"\" srcset=\"https:\/\/ssawgardenhotelbeijing.com\/wp-content\/uploads\/2025\/07\/SSAW-Garden-Hotel-Beijing-11.webp 637w, https:\/\/ssawgardenhotelbeijing.com\/wp-content\/uploads\/2025\/07\/SSAW-Garden-Hotel-Beijing-11-224x300.webp 224w, https:\/\/ssawgardenhotelbeijing.com\/wp-content\/uploads\/2025\/07\/SSAW-Garden-Hotel-Beijing-11-9x12.webp 9w\" sizes=\"(max-width: 637px) 100vw, 637px\" \/>\t\t\t\t\t\t\t\t\t\t\t\t\t\t\t<\/div>\n\t\t\t\t<\/div>\n\t\t\t\t\t<\/div>\n\t\t\t\t<\/div>\n\t\t<div class=\"elementor-element elementor-element-f81fe42 e-flex e-con-boxed e-con e-parent\" data-id=\"f81fe42\" data-element_type=\"container\" data-e-type=\"container\">\n\t\t\t\t\t<div class=\"e-con-inner\">\n\t\t<div class=\"elementor-element elementor-element-00e373d e-con-full e-flex e-con e-child\" data-id=\"00e373d\" data-element_type=\"container\" data-e-type=\"container\">\n\t\t\t\t<div class=\"elementor-element elementor-element-af07eee elementor-widget elementor-widget-image\" data-id=\"af07eee\" data-element_type=\"widget\" data-e-type=\"widget\" data-widget_type=\"image.default\">\n\t\t\t\t\t\t\t\t\t\t\t\t\t\t\t<img decoding=\"async\" width=\"1024\" height=\"682\" src=\"https:\/\/ssawgardenhotelbeijing.com\/wp-content\/uploads\/2025\/07\/SSAW-Garden-Hotel-Beijing-35-1024x682.webp\" class=\"attachment-large size-large wp-image-5588\" alt=\"\" srcset=\"https:\/\/ssawgardenhotelbeijing.com\/wp-content\/uploads\/2025\/07\/SSAW-Garden-Hotel-Beijing-35-1024x682.webp 1024w, https:\/\/ssawgardenhotelbeijing.com\/wp-content\/uploads\/2025\/07\/SSAW-Garden-Hotel-Beijing-35-300x200.webp 300w, https:\/\/ssawgardenhotelbeijing.com\/wp-content\/uploads\/2025\/07\/SSAW-Garden-Hotel-Beijing-35-768x512.webp 768w, https:\/\/ssawgardenhotelbeijing.com\/wp-content\/uploads\/2025\/07\/SSAW-Garden-Hotel-Beijing-35-18x12.webp 18w, https:\/\/ssawgardenhotelbeijing.com\/wp-content\/uploads\/2025\/07\/SSAW-Garden-Hotel-Beijing-35.webp 1280w\" sizes=\"(max-width: 1024px) 100vw, 1024px\" \/>\t\t\t\t\t\t\t\t\t\t\t\t\t\t\t<\/div>\n\t\t\t\t<\/div>\n\t\t<div class=\"elementor-element elementor-element-f102e55 e-con-full e-flex e-con e-child\" data-id=\"f102e55\" data-element_type=\"container\" data-e-type=\"container\">\n\t\t\t\t<div class=\"elementor-element elementor-element-1cf6c9f elementor-widget elementor-widget-text-editor\" data-id=\"1cf6c9f\" data-element_type=\"widget\" data-e-type=\"widget\" data-widget_type=\"text-editor.default\">\n\t\t\t\t\t\t\t\t\t<p data-spm-anchor-id=\"a2ty_o01.29997173.0.i26.509dc921R3GeRF\">En el centro de nuestra filosof\u00eda se encuentra un profundo respeto por la tradici\u00f3n: utilizamos recetas ancestrales transmitidas de generaci\u00f3n en generaci\u00f3n, a la vez que apostamos por la innovaci\u00f3n mediante ingredientes de temporada y t\u00e9cnicas modernas. Nuestro men\u00fa es una celebraci\u00f3n de las delicias regionales chinas, con especial \u00e9nfasis en... <strong>Cl\u00e1sicos al estilo de Pek\u00edn <\/strong>, <strong>cocina huaiyang <\/strong>Y platos cuidadosamente seleccionados de la diversa gastronom\u00eda china. Ya sea nuestro pato pekin\u00e9s desmenuzado a mano, nuestro panceta de cerdo estofada a fuego lento con especias secretas o nuestros delicados dim sum elaborados con precisi\u00f3n, cada plato cuenta una historia de cultura, artesan\u00eda y dedicaci\u00f3n.<\/p><p data-spm-anchor-id=\"a2ty_o01.29997173.0.i29.509dc921R3GeRF\">Nuestro equipo de chefs expertos aporta d\u00e9cadas de experiencia y pasi\u00f3n a la cocina, garantizando que cada plato servido no solo sea delicioso, sino tambi\u00e9n visualmente impactante. Complementado con una cuidada selecci\u00f3n de t\u00e9s chinos premium, vinos de lujo y c\u00f3cteles de autor inspirados en plantas locales, su experiencia gastron\u00f3mica en Garden Restaurant promete ser extraordinaria.<\/p>\t\t\t\t\t\t\t\t<\/div>\n\t\t\t\t<\/div>\n\t\t\t\t\t<\/div>\n\t\t\t\t<\/div>\n\t\t<div class=\"elementor-element elementor-element-f1f84ff e-flex e-con-boxed e-con e-parent\" data-id=\"f1f84ff\" data-element_type=\"container\" data-e-type=\"container\">\n\t\t\t\t\t<div class=\"e-con-inner\">\n\t\t<div class=\"elementor-element elementor-element-dff343f e-con-full e-flex e-con e-child\" data-id=\"dff343f\" data-element_type=\"container\" data-e-type=\"container\">\n\t\t\t\t<div class=\"elementor-element elementor-element-fcff74f elementor-widget elementor-widget-text-editor\" data-id=\"fcff74f\" data-element_type=\"widget\" data-e-type=\"widget\" data-widget_type=\"text-editor.default\">\n\t\t\t\t\t\t\t\t\t<p data-spm-anchor-id=\"a2ty_o01.29997173.0.i31.509dc921R3GeRF\">Pero m\u00e1s all\u00e1 de la comida, lo que realmente nos distingue es el ambiente: una singular combinaci\u00f3n de intimidad y grandeza, donde tanto viajeros como locales pueden relajarse, celebrar o simplemente disfrutar de un momento de tranquilidad en medio del dinamismo de Pek\u00edn. Ya sea que nos visite para desayunar, comer o cenar, cada visita le ofrece una nueva oportunidad para descubrir el alma de la hospitalidad china en uno de los entornos m\u00e1s encantadores de la ciudad.<\/p><p data-spm-anchor-id=\"a2ty_o01.29997173.0.i32.509dc921R3GeRF\">Como parte de <strong>Hotel SSAW Garden de Pek\u00edn <\/strong>El restaurante Garden encarna los valores del hotel. <strong data-spm-anchor-id=\"a2ty_o01.29997173.0.i30.509dc921R3GeRF\">serenidad, sofisticaci\u00f3n, autenticidad y calidez <\/strong> \u2014 crear un espacio donde los hu\u00e9spedes no solo coman, sino que se conecten, se relajen y formen parte de nuestra historia en evoluci\u00f3n.<\/p>\t\t\t\t\t\t\t\t<\/div>\n\t\t\t\t<\/div>\n\t\t<div class=\"elementor-element elementor-element-f143b08 e-con-full e-flex e-con e-child\" data-id=\"f143b08\" data-element_type=\"container\" data-e-type=\"container\">\n\t\t\t\t<div class=\"elementor-element elementor-element-d4ef422 elementor-widget elementor-widget-image\" data-id=\"d4ef422\" data-element_type=\"widget\" data-e-type=\"widget\" data-widget_type=\"image.default\">\n\t\t\t\t\t\t\t\t\t\t\t\t\t\t\t<img decoding=\"async\" width=\"1024\" height=\"683\" src=\"https:\/\/ssawgardenhotelbeijing.com\/wp-content\/uploads\/2025\/07\/SSAW-Garden-Hotel-Beijing-29.jpg\" class=\"attachment-large size-large wp-image-5447\" alt=\"\" srcset=\"https:\/\/ssawgardenhotelbeijing.com\/wp-content\/uploads\/2025\/07\/SSAW-Garden-Hotel-Beijing-29.jpg 1024w, https:\/\/ssawgardenhotelbeijing.com\/wp-content\/uploads\/2025\/07\/SSAW-Garden-Hotel-Beijing-29-300x200.jpg 300w, https:\/\/ssawgardenhotelbeijing.com\/wp-content\/uploads\/2025\/07\/SSAW-Garden-Hotel-Beijing-29-768x512.jpg 768w\" sizes=\"(max-width: 1024px) 100vw, 1024px\" \/>\t\t\t\t\t\t\t\t\t\t\t\t\t\t\t<\/div>\n\t\t\t\t<\/div>\n\t\t\t\t\t<\/div>\n\t\t\t\t<\/div>\n\t\t<div class=\"elementor-element elementor-element-d2061a8 e-flex e-con-boxed e-con e-parent\" data-id=\"d2061a8\" data-element_type=\"container\" data-e-type=\"container\">\n\t\t\t\t\t<div class=\"e-con-inner\">\n\t\t\t\t<div class=\"elementor-element elementor-element-72030fd elementor-widget elementor-widget-text-editor\" data-id=\"72030fd\" data-element_type=\"widget\" data-e-type=\"widget\" data-widget_type=\"text-editor.default\">\n\t\t\t\t\t\t\t\t\t<p data-spm-anchor-id=\"a2ty_o01.29997173.0.i33.509dc921R3GeRF\">Ya sea un amante de la comida exigente, un viajero curioso o un local que busca una escapada refinada, lo invitamos a experimentar una comida como ninguna otra, donde la tradici\u00f3n se encuentra con la innovaci\u00f3n y cada bocado lleva el esp\u00edritu de Beijing.<\/p><p data-spm-anchor-id=\"a2ty_o01.29997173.0.i34.509dc921R3GeRF\">Ven a consentir tus sentidos. Esto es m\u00e1s que una cena: es... <strong>Restaurante Jard\u00edn <\/strong> en <strong>Hotel SSAW Garden de Pek\u00edn <\/strong>.<\/p>\t\t\t\t\t\t\t\t<\/div>\n\t\t\t\t\t<\/div>\n\t\t\t\t<\/div>\n\t\t\t\t<\/div>","protected":false},"excerpt":{"rendered":"<p>Savor the Essence of Tradition and Innovation at Garden Restaurant \u2013 SSAW Garden Hotel Beijing Tucked away in the historic heart of Beijing\u2019s Dongcheng District, just steps from the ancient hutongs yet moments from the city\u2019s modern pulse, lies a culinary gem that redefines fine dining in the capital \u2014 Garden Restaurant , located within [&hellip;]<\/p>\n","protected":false},"author":1,"featured_media":0,"parent":0,"menu_order":0,"comment_status":"closed","ping_status":"closed","template":"","meta":{"footnotes":""},"class_list":["post-612","page","type-page","status-publish","hentry","post-no-thumbnail"],"_links":{"self":[{"href":"https:\/\/ssawgardenhotelbeijing.com\/es\/wp-json\/wp\/v2\/pages\/612","targetHints":{"allow":["GET"]}}],"collection":[{"href":"https:\/\/ssawgardenhotelbeijing.com\/es\/wp-json\/wp\/v2\/pages"}],"about":[{"href":"https:\/\/ssawgardenhotelbeijing.com\/es\/wp-json\/wp\/v2\/types\/page"}],"author":[{"embeddable":true,"href":"https:\/\/ssawgardenhotelbeijing.com\/es\/wp-json\/wp\/v2\/users\/1"}],"replies":[{"embeddable":true,"href":"https:\/\/ssawgardenhotelbeijing.com\/es\/wp-json\/wp\/v2\/comments?post=612"}],"version-history":[{"count":0,"href":"https:\/\/ssawgardenhotelbeijing.com\/es\/wp-json\/wp\/v2\/pages\/612\/revisions"}],"wp:attachment":[{"href":"https:\/\/ssawgardenhotelbeijing.com\/es\/wp-json\/wp\/v2\/media?parent=612"}],"curies":[{"name":"wp","href":"https:\/\/api.w.org\/{rel}","templated":true}]}}