{"id":2104,"date":"2021-03-23T09:33:48","date_gmt":"2021-03-23T09:33:48","guid":{"rendered":"http:\/\/localhost\/nuss\/?page_id=167"},"modified":"2025-12-04T11:24:34","modified_gmt":"2025-12-04T11:24:34","slug":"notre-histoire","status":"publish","type":"page","link":"https:\/\/ssawgardenhotelbeijing.com\/fr\/our-story\/","title":{"rendered":"Notre histoire"},"content":{"rendered":"<div data-elementor-type=\"wp-page\" data-elementor-id=\"2104\" class=\"elementor elementor-2104\">\n\t\t\t\t\t\t<section class=\"elementor-section elementor-top-section elementor-element elementor-element-8f5bb9d elementor-section-boxed elementor-section-gap-beside-yes elementor-section-height-default elementor-section-height-default elementor-section-column-vertical-align-stretch\" data-id=\"8f5bb9d\" data-element_type=\"section\" data-e-type=\"section\">\n\t\t\t\t\t\t<div class=\"elementor-container elementor-column-gap-extended\">\n\t\t\t\t\t<div class=\"elementor-column elementor-col-100 elementor-top-column elementor-element elementor-element-7ec4215\" data-id=\"7ec4215\" data-element_type=\"column\" data-e-type=\"column\">\n\t\t\t<div class=\"elementor-widget-wrap elementor-element-populated\">\n\t\t\t\t\t\t<div class=\"elementor-element elementor-element-edd9d03 elementor-widget__width-initial elementor-invisible elementor-widget elementor-widget-text-editor\" data-id=\"edd9d03\" data-element_type=\"widget\" data-e-type=\"widget\" data-settings=\"{&quot;_animation&quot;:&quot;nussFadeInUp&quot;}\" data-widget_type=\"text-editor.default\">\n\t\t\t\t\t\t\t\t\t<p data-spm-anchor-id=\"a2ty_o01.29997173.0.i13.509dc921R3GeRF\">Nich\u00e9 au c\u0153ur du quartier historique de Dongcheng \u00e0 P\u00e9kin, au num\u00e9ro 5 de la rue Beixinqiao Santiao, se trouve un sanctuaire o\u00f9 le temps semble ralentir au rythme de l&#039;une des villes les plus dynamiques du monde. <strong>H\u00f4tel SSAW Garden P\u00e9kin <\/strong>, un lieu o\u00f9 l\u2019Orient rencontre l\u2019Occident non seulement g\u00e9ographiquement mais aussi spirituellement \u2014 un m\u00e9lange harmonieux de tradition et de modernit\u00e9, d\u2019h\u00e9ritage et d\u2019innovation, de tranquillit\u00e9 et de vitalit\u00e9.<\/p>\t\t\t\t\t\t\t\t<\/div>\n\t\t\t\t\t<\/div>\n\t\t<\/div>\n\t\t\t\t\t<\/div>\n\t\t<\/section>\n\t\t\t\t<section class=\"elementor-section elementor-top-section elementor-element elementor-element-fcc2c5b elementor-section-boxed elementor-section-gap-beside-yes elementor-section-height-default elementor-section-height-default elementor-section-column-vertical-align-stretch\" data-id=\"fcc2c5b\" data-element_type=\"section\" data-e-type=\"section\">\n\t\t\t\t\t\t<div class=\"elementor-container elementor-column-gap-extended\">\n\t\t\t\t\t<div class=\"elementor-column elementor-col-100 elementor-top-column elementor-element elementor-element-2f7d653\" data-id=\"2f7d653\" data-element_type=\"column\" data-e-type=\"column\">\n\t\t\t<div class=\"elementor-widget-wrap elementor-element-populated\">\n\t\t\t\t\t\t<section class=\"elementor-section elementor-inner-section elementor-element elementor-element-6f6d8ba elementor-section-boxed elementor-section-gap-beside-yes elementor-section-height-default elementor-section-height-default elementor-section-column-vertical-align-stretch\" data-id=\"6f6d8ba\" data-element_type=\"section\" data-e-type=\"section\">\n\t\t\t\t\t\t<div class=\"elementor-container elementor-column-gap-extended\">\n\t\t\t\t\t<div class=\"elementor-column elementor-col-50 elementor-inner-column elementor-element elementor-element-0878be6\" data-id=\"0878be6\" data-element_type=\"column\" data-e-type=\"column\">\n\t\t\t<div class=\"elementor-widget-wrap elementor-element-populated\">\n\t\t\t\t\t\t<div class=\"elementor-element elementor-element-2ba7908 elementor-invisible elementor-widget elementor-widget-text-editor\" data-id=\"2ba7908\" data-element_type=\"widget\" data-e-type=\"widget\" data-settings=\"{&quot;_animation&quot;:&quot;nussFadeInUp&quot;}\" data-widget_type=\"text-editor.default\">\n\t\t\t\t\t\t\t\t\t<p data-spm-anchor-id=\"a2ty_o01.29997173.0.i16.509dc921R3GeRF\">L&#039;histoire du SSAW Garden Hotel Beijing commence bien avant son ouverture aux clients. L&#039;adresse elle-m\u00eame, <strong>N\u00b05 Beixinqiao Santiao <\/strong>, se situe dans un quartier t\u00e9moin de si\u00e8cles de transformations. Autrefois partie int\u00e9grante de l&#039;ancien r\u00e9seau de hutongs qui sillonnait P\u00e9kin imp\u00e9rial, ce quartier abritait autrefois des \u00e9rudits, des artisans et des aristocrates qui ont fa\u00e7onn\u00e9 le tissu culturel de la ville. Ici, les murmures de l&#039;histoire r\u00e9sonnent encore doucement dans les ruelles \u00e9troites et les cours en briques rouges.<\/p><div class=\"my-2\">\u00a0<\/div><p data-spm-anchor-id=\"a2ty_o01.29997173.0.i14.509dc921R3GeRF\">Lorsque les visionnaires \u00e0 l&#039;origine du SSAW Garden Hotel ont d\u00e9couvert ce joyau cach\u00e9, ils ont vu plus qu&#039;un simple lieu\u00a0: ils ont vu un h\u00e9ritage qui attendait d&#039;\u00eatre honor\u00e9, r\u00e9invent\u00e9 et partag\u00e9 avec le monde. Plut\u00f4t que d&#039;effacer le pass\u00e9, ils ont choisi de le pr\u00e9server, en restaurant soigneusement l&#039;architecture traditionnelle tout en l&#039;impr\u00e9gnant d&#039;une \u00e9l\u00e9gance contemporaine et des standards d&#039;hospitalit\u00e9 internationaux. Ce qui en est ressorti n&#039;\u00e9tait pas seulement un h\u00f4tel, mais un r\u00e9cit vivant, un pont entre les \u00e9poques et les cultures.<\/p>\t\t\t\t\t\t\t\t<\/div>\n\t\t\t\t\t<\/div>\n\t\t<\/div>\n\t\t\t\t<div class=\"elementor-column elementor-col-50 elementor-inner-column elementor-element elementor-element-6f3f021\" data-id=\"6f3f021\" data-element_type=\"column\" data-e-type=\"column\">\n\t\t\t<div class=\"elementor-widget-wrap elementor-element-populated\">\n\t\t\t\t\t\t<div class=\"elementor-element elementor-element-63d8463 elementor-invisible nuss-elementor-loading nuss-slide-in-left elementor-widget elementor-widget-image\" data-id=\"63d8463\" data-element_type=\"widget\" data-e-type=\"widget\" data-settings=\"{&quot;_animation&quot;:&quot;nussSlideInLeft&quot;}\" data-widget_type=\"image.default\">\n\t\t\t\t\t\t\t\t\t\t\t\t\t\t\t<img fetchpriority=\"high\" decoding=\"async\" width=\"1280\" height=\"853\" src=\"https:\/\/ssawgardenhotelbeijing.com\/wp-content\/uploads\/2025\/07\/SSAW-Garden-Hotel-Beijing-32.webp\" class=\"attachment-full size-full wp-image-5585\" alt=\"\" srcset=\"https:\/\/ssawgardenhotelbeijing.com\/wp-content\/uploads\/2025\/07\/SSAW-Garden-Hotel-Beijing-32.webp 1280w, https:\/\/ssawgardenhotelbeijing.com\/wp-content\/uploads\/2025\/07\/SSAW-Garden-Hotel-Beijing-32-300x200.webp 300w, https:\/\/ssawgardenhotelbeijing.com\/wp-content\/uploads\/2025\/07\/SSAW-Garden-Hotel-Beijing-32-1024x682.webp 1024w, https:\/\/ssawgardenhotelbeijing.com\/wp-content\/uploads\/2025\/07\/SSAW-Garden-Hotel-Beijing-32-768x512.webp 768w, https:\/\/ssawgardenhotelbeijing.com\/wp-content\/uploads\/2025\/07\/SSAW-Garden-Hotel-Beijing-32-18x12.webp 18w\" sizes=\"(max-width: 1280px) 100vw, 1280px\" \/>\t\t\t\t\t\t\t\t\t\t\t\t\t\t\t<\/div>\n\t\t\t\t\t<\/div>\n\t\t<\/div>\n\t\t\t\t\t<\/div>\n\t\t<\/section>\n\t\t\t\t<section class=\"elementor-section elementor-inner-section elementor-element elementor-element-0ad233f elementor-section-boxed elementor-section-gap-beside-yes elementor-section-height-default elementor-section-height-default elementor-section-column-vertical-align-stretch\" data-id=\"0ad233f\" data-element_type=\"section\" data-e-type=\"section\">\n\t\t\t\t\t\t<div class=\"elementor-container elementor-column-gap-extended\">\n\t\t\t\t\t<div class=\"elementor-column elementor-col-50 elementor-inner-column elementor-element elementor-element-2cde083\" data-id=\"2cde083\" data-element_type=\"column\" data-e-type=\"column\">\n\t\t\t<div class=\"elementor-widget-wrap elementor-element-populated\">\n\t\t\t\t\t\t<div class=\"elementor-element elementor-element-2e83601 elementor-widget elementor-widget-image\" data-id=\"2e83601\" data-element_type=\"widget\" data-e-type=\"widget\" data-widget_type=\"image.default\">\n\t\t\t\t\t\t\t\t\t\t\t\t\t\t\t<img decoding=\"async\" width=\"1024\" height=\"683\" src=\"https:\/\/ssawgardenhotelbeijing.com\/wp-content\/uploads\/2025\/07\/SSAW-Garden-Hotel-Beijing-3.jpg\" class=\"attachment-large size-large wp-image-5481\" alt=\"\" srcset=\"https:\/\/ssawgardenhotelbeijing.com\/wp-content\/uploads\/2025\/07\/SSAW-Garden-Hotel-Beijing-3.jpg 1024w, https:\/\/ssawgardenhotelbeijing.com\/wp-content\/uploads\/2025\/07\/SSAW-Garden-Hotel-Beijing-3-300x200.jpg 300w, https:\/\/ssawgardenhotelbeijing.com\/wp-content\/uploads\/2025\/07\/SSAW-Garden-Hotel-Beijing-3-768x512.jpg 768w\" sizes=\"(max-width: 1024px) 100vw, 1024px\" \/>\t\t\t\t\t\t\t\t\t\t\t\t\t\t\t<\/div>\n\t\t\t\t\t<\/div>\n\t\t<\/div>\n\t\t\t\t<div class=\"elementor-column elementor-col-50 elementor-inner-column elementor-element elementor-element-ccbc7cc\" data-id=\"ccbc7cc\" data-element_type=\"column\" data-e-type=\"column\">\n\t\t\t<div class=\"elementor-widget-wrap elementor-element-populated\">\n\t\t\t\t\t\t<div class=\"elementor-element elementor-element-9956e21 elementor-invisible elementor-widget elementor-widget-text-editor\" data-id=\"9956e21\" data-element_type=\"widget\" data-e-type=\"widget\" data-settings=\"{&quot;_animation&quot;:&quot;nussFadeInUp&quot;}\" data-widget_type=\"text-editor.default\">\n\t\t\t\t\t\t\t\t\t<p data-spm-anchor-id=\"a2ty_o01.29997173.0.i18.509dc921R3GeRF\">D\u00e8s votre arriv\u00e9e, vous serez accueilli dans un espace \u00e0 la fois intemporel et rafra\u00eechissant. Nos jardins, inspir\u00e9s de l&#039;architecture paysag\u00e8re chinoise classique, invitent \u00e0 la contemplation. Le parfum des jasmins en fleurs se m\u00eale \u00e0 l&#039;air pur de P\u00e9kin, tandis que les carpes ko\u00ef glissent silencieusement sous la surface des bassins en pierre. Chaque recoin raconte une histoire\u00a0: des poutres en bois sculpt\u00e9es \u00e0 la main aux \u0153uvres d&#039;art soigneusement s\u00e9lectionn\u00e9es qui ornent nos halls, chacune choisie pour refl\u00e9ter l&#039;\u00e2me de P\u00e9kin.<\/p><div class=\"my-2\">\u00a0<\/div><p data-spm-anchor-id=\"a2ty_o01.29997173.0.i17.509dc921R3GeRF\">Au SSAW Garden Hotel, nous sommes convaincus que la v\u00e9ritable hospitalit\u00e9 va au-del\u00e0 du service\u00a0; il s&#039;agit de cr\u00e9er une exp\u00e9rience qui reste grav\u00e9e dans le c\u0153ur de nos clients. Notre nom, <strong>SSAW <\/strong>, est plus qu&#039;un acronyme \u2014 il repr\u00e9sente notre philosophie : <strong>S <\/strong>er\u00e8ne, <strong>S <\/strong>sophistiqu\u00e9, <strong>UN <\/strong>authentique, et <strong>W <\/strong>Accueillant. Ces valeurs fa\u00e7onnent tout ce que nous faisons, des sourires chaleureux de notre personnel aux int\u00e9rieurs m\u00e9ticuleusement con\u00e7us, en passant par les propositions culinaires d&#039;inspiration locale et les attentions attentionn\u00e9es qui rendent chaque s\u00e9jour inoubliable.<\/p>\t\t\t\t\t\t\t\t<\/div>\n\t\t\t\t\t<\/div>\n\t\t<\/div>\n\t\t\t\t\t<\/div>\n\t\t<\/section>\n\t\t\t\t<section class=\"elementor-section elementor-inner-section elementor-element elementor-element-c127b44 elementor-section-boxed elementor-section-gap-beside-yes elementor-section-height-default elementor-section-height-default elementor-section-column-vertical-align-stretch\" data-id=\"c127b44\" data-element_type=\"section\" data-e-type=\"section\">\n\t\t\t\t\t\t<div class=\"elementor-container elementor-column-gap-extended\">\n\t\t\t\t\t<div class=\"elementor-column elementor-col-50 elementor-inner-column elementor-element elementor-element-e050279\" data-id=\"e050279\" data-element_type=\"column\" data-e-type=\"column\">\n\t\t\t<div class=\"elementor-widget-wrap elementor-element-populated\">\n\t\t\t\t\t\t<div class=\"elementor-element elementor-element-818ffa2 elementor-invisible elementor-widget elementor-widget-text-editor\" data-id=\"818ffa2\" data-element_type=\"widget\" data-e-type=\"widget\" data-settings=\"{&quot;_animation&quot;:&quot;nussFadeInUp&quot;}\" data-widget_type=\"text-editor.default\">\n\t\t\t\t\t\t\t\t\t<p data-spm-anchor-id=\"a2ty_o01.29997173.0.i20.509dc921R3GeRF\">Au fil des ans, nous avons eu le privil\u00e8ge d&#039;accueillir des voyageurs du monde entier\u00a0: diplomates et r\u00eaveurs, chefs d&#039;entreprise et routards, familles et aventuriers solitaires. Chaque client s&#039;inscrit dans notre histoire en constante \u00e9volution, ajoutant son propre chapitre \u00e0 la riche palette d&#039;exp\u00e9riences qui caract\u00e9risent la vie au SSAW Garden Hotel Beijing.<\/p><div class=\"my-2\">\u00a0<\/div><p data-spm-anchor-id=\"a2ty_o01.29997173.0.i21.509dc921R3GeRF\">Alors que la ville continue d&#039;\u00e9voluer \u00e0 un rythme effr\u00e9n\u00e9, nous maintenons notre engagement \u00e0 offrir un havre de paix, de culture et de convivialit\u00e9. Que vous soyez ici pour une ou plusieurs nuits, nous esp\u00e9rons que vous vous sentirez non pas comme un visiteur de passage, mais comme un invit\u00e9 appr\u00e9ci\u00e9 qui rentre chez lui.<\/p><div class=\"my-2\">\u00a0<\/div><p>C&#039;est <strong>notre histoire <\/strong> \u2014 une histoire ancr\u00e9e dans le respect du pass\u00e9, la c\u00e9l\u00e9bration du pr\u00e9sent et l&#039;anticipation de l&#039;avenir. C&#039;est une histoire \u00e9crite en collaboration avec notre \u00e9quipe, nos clients et la communaut\u00e9 dynamique qui nous entoure. Et c&#039;est une histoire qui continue de se d\u00e9rouler, un moment significatif apr\u00e8s l&#039;autre.<\/p>\t\t\t\t\t\t\t\t<\/div>\n\t\t\t\t\t<\/div>\n\t\t<\/div>\n\t\t\t\t<div class=\"elementor-column elementor-col-50 elementor-inner-column elementor-element elementor-element-6cab6d3\" data-id=\"6cab6d3\" data-element_type=\"column\" data-e-type=\"column\">\n\t\t\t<div class=\"elementor-widget-wrap elementor-element-populated\">\n\t\t\t\t\t\t<div class=\"elementor-element elementor-element-4fa89d4 elementor-widget elementor-widget-image\" data-id=\"4fa89d4\" data-element_type=\"widget\" data-e-type=\"widget\" data-widget_type=\"image.default\">\n\t\t\t\t\t\t\t\t\t\t\t\t\t\t\t<img decoding=\"async\" width=\"1024\" height=\"683\" src=\"https:\/\/ssawgardenhotelbeijing.com\/wp-content\/uploads\/2025\/07\/SSAW-Garden-Hotel-Beijing-30.jpg\" class=\"attachment-large size-large wp-image-5482\" alt=\"\" srcset=\"https:\/\/ssawgardenhotelbeijing.com\/wp-content\/uploads\/2025\/07\/SSAW-Garden-Hotel-Beijing-30.jpg 1024w, https:\/\/ssawgardenhotelbeijing.com\/wp-content\/uploads\/2025\/07\/SSAW-Garden-Hotel-Beijing-30-300x200.jpg 300w, https:\/\/ssawgardenhotelbeijing.com\/wp-content\/uploads\/2025\/07\/SSAW-Garden-Hotel-Beijing-30-768x512.jpg 768w\" sizes=\"(max-width: 1024px) 100vw, 1024px\" \/>\t\t\t\t\t\t\t\t\t\t\t\t\t\t\t<\/div>\n\t\t\t\t\t<\/div>\n\t\t<\/div>\n\t\t\t\t\t<\/div>\n\t\t<\/section>\n\t\t\t\t\t<\/div>\n\t\t<\/div>\n\t\t\t\t\t<\/div>\n\t\t<\/section>\n\t\t\t\t<\/div>","protected":false},"excerpt":{"rendered":"<p>Tucked away in the heartive of Beijing\u2019s historic Dongcheng District, at No. 5 Beixinqiao Santiao, lies a sanctuary where time seems to slow down amidst the rhythm of one of the world\u2019s most dynamic cities. This is SSAW Garden Hotel Beijing , a place where East meets West not only in geography but in spirit [&hellip;]<\/p>\n","protected":false},"author":1,"featured_media":0,"parent":0,"menu_order":0,"comment_status":"closed","ping_status":"closed","template":"","meta":{"footnotes":""},"class_list":["post-2104","page","type-page","status-publish","hentry","post-no-thumbnail"],"_links":{"self":[{"href":"https:\/\/ssawgardenhotelbeijing.com\/fr\/wp-json\/wp\/v2\/pages\/2104","targetHints":{"allow":["GET"]}}],"collection":[{"href":"https:\/\/ssawgardenhotelbeijing.com\/fr\/wp-json\/wp\/v2\/pages"}],"about":[{"href":"https:\/\/ssawgardenhotelbeijing.com\/fr\/wp-json\/wp\/v2\/types\/page"}],"author":[{"embeddable":true,"href":"https:\/\/ssawgardenhotelbeijing.com\/fr\/wp-json\/wp\/v2\/users\/1"}],"replies":[{"embeddable":true,"href":"https:\/\/ssawgardenhotelbeijing.com\/fr\/wp-json\/wp\/v2\/comments?post=2104"}],"version-history":[{"count":0,"href":"https:\/\/ssawgardenhotelbeijing.com\/fr\/wp-json\/wp\/v2\/pages\/2104\/revisions"}],"wp:attachment":[{"href":"https:\/\/ssawgardenhotelbeijing.com\/fr\/wp-json\/wp\/v2\/media?parent=2104"}],"curies":[{"name":"wp","href":"https:\/\/api.w.org\/{rel}","templated":true}]}}