{"id":2105,"date":"2021-03-24T07:25:45","date_gmt":"2021-03-24T07:25:45","guid":{"rendered":"http:\/\/localhost\/nuss\/?page_id=235"},"modified":"2025-12-04T11:24:25","modified_gmt":"2025-12-04T11:24:25","slug":"faq","status":"publish","type":"page","link":"https:\/\/ssawgardenhotelbeijing.com\/fr\/faqs\/","title":{"rendered":"FAQ"},"content":{"rendered":"<div data-elementor-type=\"wp-page\" data-elementor-id=\"2105\" class=\"elementor elementor-2105\">\n\t\t\t\t\t\t<section class=\"elementor-section elementor-top-section elementor-element elementor-element-2a96a73 elementor-section-boxed elementor-section-gap-beside-yes elementor-section-height-default elementor-section-height-default elementor-section-column-vertical-align-stretch\" data-id=\"2a96a73\" data-element_type=\"section\" data-e-type=\"section\">\n\t\t\t\t\t\t<div class=\"elementor-container elementor-column-gap-extended\">\n\t\t\t\t\t<div class=\"elementor-column elementor-col-100 elementor-top-column elementor-element elementor-element-98ef20c\" data-id=\"98ef20c\" data-element_type=\"column\" data-e-type=\"column\">\n\t\t\t<div class=\"elementor-widget-wrap elementor-element-populated\">\n\t\t\t\t\t\t<div class=\"elementor-element elementor-element-97088c0 elementor-widget__width-initial elementor-invisible elementor-widget elementor-widget-text-editor\" data-id=\"97088c0\" data-element_type=\"widget\" data-e-type=\"widget\" data-settings=\"{&quot;_animation&quot;:&quot;nussFadeInUp&quot;}\" data-widget_type=\"text-editor.default\">\n\t\t\t\t\t\t\t\t\t<p>Ci-dessous, vous trouverez une liste des questions les plus fr\u00e9quemment pos\u00e9es par nos clients.<\/p>\t\t\t\t\t\t\t\t<\/div>\n\t\t\t\t\t<\/div>\n\t\t<\/div>\n\t\t\t\t\t<\/div>\n\t\t<\/section>\n\t\t\t\t<section class=\"elementor-section elementor-top-section elementor-element elementor-element-b184647 elementor-section-gap-beside-no elementor-section-boxed elementor-section-height-default elementor-section-height-default elementor-section-column-vertical-align-stretch\" data-id=\"b184647\" data-element_type=\"section\" data-e-type=\"section\">\n\t\t\t\t\t\t<div class=\"elementor-container elementor-column-gap-extended\">\n\t\t\t\t\t<div class=\"elementor-column elementor-col-100 elementor-top-column elementor-element elementor-element-1d49749\" data-id=\"1d49749\" data-element_type=\"column\" data-e-type=\"column\">\n\t\t\t<div class=\"elementor-widget-wrap elementor-element-populated\">\n\t\t\t\t\t\t<div class=\"elementor-element elementor-element-b986a9e elementor-invisible elementor-widget elementor-widget-nuss-heading\" data-id=\"b986a9e\" data-element_type=\"widget\" data-e-type=\"widget\" data-settings=\"{&quot;_animation&quot;:&quot;nussFadeInUp&quot;}\" data-widget_type=\"nuss-heading.default\">\n\t\t\t\t<div class=\"elementor-widget-container\">\n\t\t\t\t\t\t\t<div class=\"nuss-modern-heading\">\r\n\t\t\t\r\n\t\t\t\t\t\t<div class=\"heading-primary-wrap\">\r\n\t\t\t\t<h4 class=\"heading-primary elementor-heading-title\">FAQ<\/h4>\t\t\t<\/div>\r\n\t\t\r\n\t\t\t\t\t\t<div class=\"heading-divider-wrap\">\r\n\t\t\t\t<div class=\"heading-divider\" style=\"left: 0px;top: 6px\"><\/div>\r\n\t\t\t<\/div>\r\n\t\r\n\t\t\t\t\t<\/div>\r\n\t\t\t\t\t<\/div>\n\t\t\t\t<\/div>\n\t\t\t\t<div class=\"elementor-element elementor-element-50f0733 elementor-invisible elementor-widget elementor-widget-heading\" data-id=\"50f0733\" data-element_type=\"widget\" data-e-type=\"widget\" data-settings=\"{&quot;_animation&quot;:&quot;nussFadeInUp&quot;}\" data-widget_type=\"heading.default\">\n\t\t\t\t\t<h2 class=\"elementor-heading-title elementor-size-default\">Questions et r\u00e9ponses<\/h2>\t\t\t\t<\/div>\n\t\t\t\t<div class=\"elementor-element elementor-element-0c065cb elementor-widget elementor-widget-text-editor\" data-id=\"0c065cb\" data-element_type=\"widget\" data-e-type=\"widget\" data-widget_type=\"text-editor.default\">\n\t\t\t\t\t\t\t\t\t<p>Voici les **FAQ les plus populaires** pour **SSAW Garden Hotel Beijing**<\/p><p>\u2014<\/p><p><strong>### **Localisation et accessibilit\u00e9**<\/strong> <br \/>1. **\u00c0 quelle distance se trouve l&#039;h\u00f4tel de l&#039;a\u00e9roport de P\u00e9kin\u00a0?** <br \/>Environ 26 km (16 miles), avec un trajet de 30 \u00e0 40 minutes en fonction du trafic.<\/p><p>2. **L&#039;h\u00f4tel propose-t-il un service de navette a\u00e9roport\u00a0?** <br \/>Oui, un service de navette est disponible moyennant un suppl\u00e9ment. Veuillez contacter l&#039;h\u00f4tel \u00e0 l&#039;avance pour organiser votre transfert.<\/p><p>3. **L&#039;h\u00f4tel est-il proche des transports en commun\u00a0?** <br \/>Oui, il est proche de la **station Beixinqiao (ligne 5\/6\/8)** et \u00e0 distance de marche de plusieurs lignes de m\u00e9tro et arr\u00eats de bus.<\/p><p>4. **Quelles sont les attractions \u00e0 proximit\u00e9\u00a0?** <br \/>Situ\u00e9 dans le **district de Dongcheng**, il se trouve \u00e0 proximit\u00e9 de la Cit\u00e9 interdite, des tours de la cloche et du tambour et du quartier historique de Beixinqiao Santiao hutong.<\/p><p>5. **Un parking est-il disponible sur place\u00a0?** <br \/>Non, l&#039;h\u00f4tel ne dispose pas de parking priv\u00e9. Cependant, des places de stationnement dans la rue sont disponibles \u00e0 proximit\u00e9.<\/p><p>\u2014<\/p><p><strong>### **Arriv\u00e9e\/D\u00e9part et politiques**<\/strong> <br \/>6. **Quelles sont les heures d&#039;arriv\u00e9e et de d\u00e9part\u00a0?** <br \/>L&#039;enregistrement s&#039;effectue \u00e0 partir de **14h00** et le d\u00e9part jusqu&#039;\u00e0 **12h00**. Un d\u00e9part tardif est possible sur demande.<\/p><p>7. **L&#039;h\u00f4tel accepte-t-il les animaux de compagnie\u00a0?** <br \/>Non, les animaux ne sont pas autoris\u00e9s sur la propri\u00e9t\u00e9.<\/p><p>8. **Est-il permis de fumer dans les chambres\u00a0?** <br \/>L&#039;h\u00f4tel applique une **politique stricte d&#039;interdiction de fumer** dans toutes les chambres et les espaces publics.<\/p><p>9. **Quels modes de paiement sont accept\u00e9s\u00a0?** <br \/>Les principales cartes de cr\u00e9dit (Visa, MasterCard, American Express) et les paiements mobiles comme WeChat Pay sont accept\u00e9s.<\/p><p>10. **Quelle est la politique d&#039;annulation\u00a0?** <br \/>Les conditions varient selon la plateforme de r\u00e9servation. Sur Booking.com, l&#039;annulation est gratuite jusqu&#039;\u00e0 24 heures avant l&#039;arriv\u00e9e.<\/p><p>\u2014<\/p><p><strong>### **Commodit\u00e9s et services**<\/strong> <br \/>11. **L&#039;h\u00f4tel dispose-t-il d&#039;un restaurant\u00a0?** <br \/>Oui, l&#039;\u00e9tablissement propose un restaurant chinois servant une cuisine locale. Le petit-d\u00e9jeuner est servi tous les jours.<\/p><p>12. **Le Wi-Fi est-il gratuit\u00a0?** <br \/>Une connexion Wi-Fi haut d\u00e9bit gratuite est disponible dans toutes les chambres et les espaces publics.<\/p><p>13. **Y a-t-il des espaces de r\u00e9union ou d&#039;\u00e9v\u00e9nement\u00a0?** <br \/>L&#039;h\u00f4tel dispose d&#039;une **salle de conf\u00e9rence** pour les petits rassemblements ou les r\u00e9unions d&#039;affaires.<\/p><p>14. **Quels types de chambres sont disponibles\u00a0?** <br \/>Les options comprennent des chambres de luxe, des suites et des chambres familiales dot\u00e9es d&#039;\u00e9quipements modernes tels que la climatisation et des t\u00e9l\u00e9viseurs \u00e0 \u00e9cran plat.<\/p><p>15. **Y a-t-il un jardin ou un espace ext\u00e9rieur\u00a0?** <br \/>Oui, les clients peuvent se d\u00e9tendre dans le **jardin traditionnel** dot\u00e9 de paysages sereins et de coins salon.<\/p>\t\t\t\t\t\t\t\t<\/div>\n\t\t\t\t\t<\/div>\n\t\t<\/div>\n\t\t\t\t\t<\/div>\n\t\t<\/section>\n\t\t\t\t<\/div>","protected":false},"excerpt":{"rendered":"<p>Below, you will find a list of the questions most frequently asked by our guests. FAQ&#8217;S Questions &amp; Answers Here are the **most popular FAQs** for **SSAW Garden Hotel Beijing** &#8212; ### **Location &amp; Accessibility** 1. **How far is the hotel from Beijing Capital Airport?** Approximately 26 km (16 miles), with a 30\u201340 minute drive [&hellip;]<\/p>\n","protected":false},"author":1,"featured_media":0,"parent":0,"menu_order":0,"comment_status":"closed","ping_status":"closed","template":"","meta":{"footnotes":""},"class_list":["post-2105","page","type-page","status-publish","hentry","post-no-thumbnail"],"_links":{"self":[{"href":"https:\/\/ssawgardenhotelbeijing.com\/fr\/wp-json\/wp\/v2\/pages\/2105","targetHints":{"allow":["GET"]}}],"collection":[{"href":"https:\/\/ssawgardenhotelbeijing.com\/fr\/wp-json\/wp\/v2\/pages"}],"about":[{"href":"https:\/\/ssawgardenhotelbeijing.com\/fr\/wp-json\/wp\/v2\/types\/page"}],"author":[{"embeddable":true,"href":"https:\/\/ssawgardenhotelbeijing.com\/fr\/wp-json\/wp\/v2\/users\/1"}],"replies":[{"embeddable":true,"href":"https:\/\/ssawgardenhotelbeijing.com\/fr\/wp-json\/wp\/v2\/comments?post=2105"}],"version-history":[{"count":0,"href":"https:\/\/ssawgardenhotelbeijing.com\/fr\/wp-json\/wp\/v2\/pages\/2105\/revisions"}],"wp:attachment":[{"href":"https:\/\/ssawgardenhotelbeijing.com\/fr\/wp-json\/wp\/v2\/media?parent=2105"}],"curies":[{"name":"wp","href":"https:\/\/api.w.org\/{rel}","templated":true}]}}