{"id":2106,"date":"2021-03-25T04:08:26","date_gmt":"2021-03-25T04:08:26","guid":{"rendered":"http:\/\/localhost\/nuss\/?page_id=298"},"modified":"2025-12-04T11:24:17","modified_gmt":"2025-12-04T11:24:17","slug":"experiences","status":"publish","type":"page","link":"https:\/\/ssawgardenhotelbeijing.com\/fr\/experiences\/","title":{"rendered":"Exp\u00e9riences"},"content":{"rendered":"<div data-elementor-type=\"wp-page\" data-elementor-id=\"2106\" class=\"elementor elementor-2106\">\n\t\t\t\t\t\t<section class=\"elementor-section elementor-top-section elementor-element elementor-element-1954ffc elementor-section-boxed elementor-section-gap-beside-yes elementor-section-height-default elementor-section-height-default elementor-section-column-vertical-align-stretch\" data-id=\"1954ffc\" data-element_type=\"section\" data-e-type=\"section\">\n\t\t\t\t\t\t<div class=\"elementor-container elementor-column-gap-extended\">\n\t\t\t\t\t<div class=\"elementor-column elementor-col-100 elementor-top-column elementor-element elementor-element-86aebc5\" data-id=\"86aebc5\" data-element_type=\"column\" data-e-type=\"column\">\n\t\t\t<div class=\"elementor-widget-wrap elementor-element-populated\">\n\t\t\t\t\t\t<div class=\"elementor-element elementor-element-11803d1 elementor-widget__width-initial elementor-invisible elementor-widget elementor-widget-text-editor\" data-id=\"11803d1\" data-element_type=\"widget\" data-e-type=\"widget\" data-settings=\"{&quot;_animation&quot;:&quot;nussFadeInUp&quot;}\" data-widget_type=\"text-editor.default\">\n\t\t\t\t\t\t\t\t\t<p>Nich\u00e9 au c\u0153ur du quartier historique de Dongcheng \u00e0 P\u00e9kin, <strong>N\u00b05 Beixinqiao Santiao<\/strong>, <strong>H\u00f4tel SSAW Garden P\u00e9kin<\/strong> offre un m\u00e9lange harmonieux de charme traditionnel chinois et de luxe moderne.<\/p>\t\t\t\t\t\t\t\t<\/div>\n\t\t\t\t\t<\/div>\n\t\t<\/div>\n\t\t\t\t\t<\/div>\n\t\t<\/section>\n\t\t\t\t<section class=\"elementor-section elementor-top-section elementor-element elementor-element-b2344ff elementor-section-gap-beside-no elementor-section-boxed elementor-section-height-default elementor-section-height-default elementor-section-column-vertical-align-stretch\" data-id=\"b2344ff\" data-element_type=\"section\" data-e-type=\"section\">\n\t\t\t\t\t\t<div class=\"elementor-container elementor-column-gap-extended\">\n\t\t\t\t\t<div class=\"elementor-column elementor-col-50 elementor-top-column elementor-element elementor-element-4698ec8\" data-id=\"4698ec8\" data-element_type=\"column\" data-e-type=\"column\">\n\t\t\t<div class=\"elementor-widget-wrap elementor-element-populated\">\n\t\t\t\t\t\t<div class=\"elementor-element elementor-element-88e5290 elementor-invisible nuss-elementor-loading nuss-slide-in-right elementor-widget elementor-widget-image\" data-id=\"88e5290\" data-element_type=\"widget\" data-e-type=\"widget\" data-settings=\"{&quot;_animation&quot;:&quot;nussSlideInRight&quot;}\" data-widget_type=\"image.default\">\n\t\t\t\t\t\t\t\t\t\t\t\t\t\t\t<img fetchpriority=\"high\" decoding=\"async\" width=\"1280\" height=\"853\" src=\"https:\/\/ssawgardenhotelbeijing.com\/wp-content\/uploads\/2025\/07\/SSAW-Garden-Hotel-Beijing-34.webp\" class=\"attachment-full size-full wp-image-5587\" alt=\"\" srcset=\"https:\/\/ssawgardenhotelbeijing.com\/wp-content\/uploads\/2025\/07\/SSAW-Garden-Hotel-Beijing-34.webp 1280w, https:\/\/ssawgardenhotelbeijing.com\/wp-content\/uploads\/2025\/07\/SSAW-Garden-Hotel-Beijing-34-300x200.webp 300w, https:\/\/ssawgardenhotelbeijing.com\/wp-content\/uploads\/2025\/07\/SSAW-Garden-Hotel-Beijing-34-1024x682.webp 1024w, https:\/\/ssawgardenhotelbeijing.com\/wp-content\/uploads\/2025\/07\/SSAW-Garden-Hotel-Beijing-34-768x512.webp 768w, https:\/\/ssawgardenhotelbeijing.com\/wp-content\/uploads\/2025\/07\/SSAW-Garden-Hotel-Beijing-34-18x12.webp 18w\" sizes=\"(max-width: 1280px) 100vw, 1280px\" \/>\t\t\t\t\t\t\t\t\t\t\t\t\t\t\t<\/div>\n\t\t\t\t\t<\/div>\n\t\t<\/div>\n\t\t\t\t<div class=\"elementor-column elementor-col-50 elementor-top-column elementor-element elementor-element-4b9e677\" data-id=\"4b9e677\" data-element_type=\"column\" data-e-type=\"column\">\n\t\t\t<div class=\"elementor-widget-wrap elementor-element-populated\">\n\t\t\t\t\t\t<div class=\"elementor-element elementor-element-bc0b7e2 elementor-invisible elementor-widget elementor-widget-text-editor\" data-id=\"bc0b7e2\" data-element_type=\"widget\" data-e-type=\"widget\" data-settings=\"{&quot;_animation&quot;:&quot;nussFadeInUp&quot;}\" data-widget_type=\"text-editor.default\">\n\t\t\t\t\t\t\t\t\t<p>Cet h\u00f4tel-boutique est largement reconnu pour son service personnalis\u00e9, son jardin paisible et son emplacement privil\u00e9gi\u00e9 \u00e0 proximit\u00e9 d&#039;attractions embl\u00e9matiques comme la Cit\u00e9 interdite et les tours de la Cloche et du Tambour. Les voyageurs en qu\u00eate d&#039;un s\u00e9jour authentique et confortable appr\u00e9cient syst\u00e9matiquement sa capacit\u00e9 unique \u00e0 immerger les clients dans le patrimoine culturel de P\u00e9kin tout en leur offrant des \u00e9quipements contemporains.<\/p>\t\t\t\t\t\t\t\t<\/div>\n\t\t\t\t\t<\/div>\n\t\t<\/div>\n\t\t\t\t\t<\/div>\n\t\t<\/section>\n\t\t\t\t<section class=\"elementor-section elementor-top-section elementor-element elementor-element-575fc68 elementor-section-gap-beside-no elementor-section-boxed elementor-section-height-default elementor-section-height-default elementor-section-column-vertical-align-stretch\" data-id=\"575fc68\" data-element_type=\"section\" data-e-type=\"section\">\n\t\t\t\t\t\t<div class=\"elementor-container elementor-column-gap-extended\">\n\t\t\t\t\t<div class=\"elementor-column elementor-col-50 elementor-top-column elementor-element elementor-element-dd03a56\" data-id=\"dd03a56\" data-element_type=\"column\" data-e-type=\"column\">\n\t\t\t<div class=\"elementor-widget-wrap elementor-element-populated\">\n\t\t\t\t\t\t<div class=\"elementor-element elementor-element-78ab5be elementor-invisible nuss-elementor-loading nuss-slide-in-right elementor-widget elementor-widget-image\" data-id=\"78ab5be\" data-element_type=\"widget\" data-e-type=\"widget\" data-settings=\"{&quot;_animation&quot;:&quot;nussSlideInRight&quot;}\" data-widget_type=\"image.default\">\n\t\t\t\t\t\t\t\t\t\t\t\t\t\t\t<img decoding=\"async\" width=\"1280\" height=\"853\" src=\"https:\/\/ssawgardenhotelbeijing.com\/wp-content\/uploads\/2025\/07\/SSAW-Garden-Hotel-Beijing-4.webp\" class=\"attachment-full size-full wp-image-5557\" alt=\"\" srcset=\"https:\/\/ssawgardenhotelbeijing.com\/wp-content\/uploads\/2025\/07\/SSAW-Garden-Hotel-Beijing-4.webp 1280w, https:\/\/ssawgardenhotelbeijing.com\/wp-content\/uploads\/2025\/07\/SSAW-Garden-Hotel-Beijing-4-300x200.webp 300w, https:\/\/ssawgardenhotelbeijing.com\/wp-content\/uploads\/2025\/07\/SSAW-Garden-Hotel-Beijing-4-1024x682.webp 1024w, https:\/\/ssawgardenhotelbeijing.com\/wp-content\/uploads\/2025\/07\/SSAW-Garden-Hotel-Beijing-4-768x512.webp 768w, https:\/\/ssawgardenhotelbeijing.com\/wp-content\/uploads\/2025\/07\/SSAW-Garden-Hotel-Beijing-4-18x12.webp 18w\" sizes=\"(max-width: 1280px) 100vw, 1280px\" \/>\t\t\t\t\t\t\t\t\t\t\t\t\t\t\t<\/div>\n\t\t\t\t\t<\/div>\n\t\t<\/div>\n\t\t\t\t<div class=\"elementor-column elementor-col-50 elementor-top-column elementor-element elementor-element-364a6b2\" data-id=\"364a6b2\" data-element_type=\"column\" data-e-type=\"column\">\n\t\t\t<div class=\"elementor-widget-wrap elementor-element-populated\">\n\t\t\t\t\t\t<div class=\"elementor-element elementor-element-ccbb94d elementor-invisible elementor-widget elementor-widget-text-editor\" data-id=\"ccbb94d\" data-element_type=\"widget\" data-e-type=\"widget\" data-settings=\"{&quot;_animation&quot;:&quot;nussFadeInUp&quot;}\" data-widget_type=\"text-editor.default\">\n\t\t\t\t\t\t\t\t\t<p>Les avis r\u00e9cents soulignent les atouts de l&#039;h\u00f4tel <strong>\u00ab Personnel incroyablement sympathique et arrangeant \u00bb<\/strong> Ils se surpassent pour vous garantir une exp\u00e9rience inoubliable, qu&#039;il s&#039;agisse d&#039;organiser des visites locales ou de vous donner des conseils avis\u00e9s sur la cuisine des hutongs des environs. Les chambres spacieuses et bien entretenues, agr\u00e9ment\u00e9es d&#039;une d\u00e9coration traditionnelle et de tout le confort moderne comme le Wi-Fi gratuit et une literie moelleuse, ont \u00e9t\u00e9 d\u00e9crites comme \u00ab un havre de paix loin de l&#039;agitation de la ville \u00bb.<\/p>\t\t\t\t\t\t\t\t<\/div>\n\t\t\t\t\t<\/div>\n\t\t<\/div>\n\t\t\t\t\t<\/div>\n\t\t<\/section>\n\t\t\t\t<section class=\"elementor-section elementor-top-section elementor-element elementor-element-7853fd5 elementor-section-gap-beside-no elementor-section-boxed elementor-section-height-default elementor-section-height-default elementor-section-column-vertical-align-stretch\" data-id=\"7853fd5\" data-element_type=\"section\" data-e-type=\"section\">\n\t\t\t\t\t\t<div class=\"elementor-container elementor-column-gap-extended\">\n\t\t\t\t\t<div class=\"elementor-column elementor-col-50 elementor-top-column elementor-element elementor-element-9a8fa64\" data-id=\"9a8fa64\" data-element_type=\"column\" data-e-type=\"column\">\n\t\t\t<div class=\"elementor-widget-wrap elementor-element-populated\">\n\t\t\t\t\t\t<div class=\"elementor-element elementor-element-6f7d3f1 elementor-invisible nuss-elementor-loading nuss-slide-in-right elementor-widget elementor-widget-image\" data-id=\"6f7d3f1\" data-element_type=\"widget\" data-e-type=\"widget\" data-settings=\"{&quot;_animation&quot;:&quot;nussSlideInRight&quot;}\" data-widget_type=\"image.default\">\n\t\t\t\t\t\t\t\t\t\t\t\t\t\t\t<img decoding=\"async\" width=\"1280\" height=\"853\" src=\"https:\/\/ssawgardenhotelbeijing.com\/wp-content\/uploads\/2025\/07\/SSAW-Garden-Hotel-Beijing-32.webp\" class=\"attachment-full size-full wp-image-5585\" alt=\"\" srcset=\"https:\/\/ssawgardenhotelbeijing.com\/wp-content\/uploads\/2025\/07\/SSAW-Garden-Hotel-Beijing-32.webp 1280w, https:\/\/ssawgardenhotelbeijing.com\/wp-content\/uploads\/2025\/07\/SSAW-Garden-Hotel-Beijing-32-300x200.webp 300w, https:\/\/ssawgardenhotelbeijing.com\/wp-content\/uploads\/2025\/07\/SSAW-Garden-Hotel-Beijing-32-1024x682.webp 1024w, https:\/\/ssawgardenhotelbeijing.com\/wp-content\/uploads\/2025\/07\/SSAW-Garden-Hotel-Beijing-32-768x512.webp 768w, https:\/\/ssawgardenhotelbeijing.com\/wp-content\/uploads\/2025\/07\/SSAW-Garden-Hotel-Beijing-32-18x12.webp 18w\" sizes=\"(max-width: 1280px) 100vw, 1280px\" \/>\t\t\t\t\t\t\t\t\t\t\t\t\t\t\t<\/div>\n\t\t\t\t\t<\/div>\n\t\t<\/div>\n\t\t\t\t<div class=\"elementor-column elementor-col-50 elementor-top-column elementor-element elementor-element-abd874b\" data-id=\"abd874b\" data-element_type=\"column\" data-e-type=\"column\">\n\t\t\t<div class=\"elementor-widget-wrap elementor-element-populated\">\n\t\t\t\t\t\t<div class=\"elementor-element elementor-element-a80ff28 elementor-invisible elementor-widget elementor-widget-text-editor\" data-id=\"a80ff28\" data-element_type=\"widget\" data-e-type=\"widget\" data-settings=\"{&quot;_animation&quot;:&quot;nussFadeInUp&quot;}\" data-widget_type=\"text-editor.default\">\n\t\t\t\t\t\t\t\t\t<p>L&#039;un des \u00e9l\u00e9ments les plus remarquables de l&#039;h\u00f4tel est le jardin luxuriant, fr\u00e9quemment mentionn\u00e9 dans <strong>Avis TripAdvisor<\/strong> C&#039;est un havre de paix o\u00f9 les clients peuvent se d\u00e9tendre avec une tasse de th\u00e9 au jasmin ou explorer le quartier environnant de Beixinqiao \u00e0 pied. Sa proximit\u00e9 avec les c\u00e9l\u00e8bres ruelles p\u00e9kinoises (hutongs) permet aux visiteurs de d\u00e9couvrir facilement la vie locale. De nombreux voyageurs ont soulign\u00e9 que l&#039;emplacement de l&#039;h\u00f4tel transformait leur s\u00e9jour en \u00ab v\u00e9ritable voyage culturel \u00bb.<\/p>\t\t\t\t\t\t\t\t<\/div>\n\t\t\t\t\t<\/div>\n\t\t<\/div>\n\t\t\t\t\t<\/div>\n\t\t<\/section>\n\t\t\t\t<section class=\"elementor-section elementor-top-section elementor-element elementor-element-d73f00d elementor-section-gap-beside-no elementor-section-boxed elementor-section-height-default elementor-section-height-default elementor-section-column-vertical-align-stretch\" data-id=\"d73f00d\" data-element_type=\"section\" data-e-type=\"section\">\n\t\t\t\t\t\t<div class=\"elementor-container elementor-column-gap-extended\">\n\t\t\t\t\t<div class=\"elementor-column elementor-col-50 elementor-top-column elementor-element elementor-element-d37ac2f\" data-id=\"d37ac2f\" data-element_type=\"column\" data-e-type=\"column\">\n\t\t\t<div class=\"elementor-widget-wrap elementor-element-populated\">\n\t\t\t\t\t\t<div class=\"elementor-element elementor-element-ac5b23e elementor-invisible nuss-elementor-loading nuss-slide-in-right elementor-widget elementor-widget-image\" data-id=\"ac5b23e\" data-element_type=\"widget\" data-e-type=\"widget\" data-settings=\"{&quot;_animation&quot;:&quot;nussSlideInRight&quot;}\" data-widget_type=\"image.default\">\n\t\t\t\t\t\t\t\t\t\t\t\t\t\t\t<img loading=\"lazy\" decoding=\"async\" width=\"639\" height=\"853\" src=\"https:\/\/ssawgardenhotelbeijing.com\/wp-content\/uploads\/2025\/07\/SSAW-Garden-Hotel-Beijing-1.webp\" class=\"attachment-full size-full wp-image-5554\" alt=\"\" srcset=\"https:\/\/ssawgardenhotelbeijing.com\/wp-content\/uploads\/2025\/07\/SSAW-Garden-Hotel-Beijing-1.webp 639w, https:\/\/ssawgardenhotelbeijing.com\/wp-content\/uploads\/2025\/07\/SSAW-Garden-Hotel-Beijing-1-225x300.webp 225w, https:\/\/ssawgardenhotelbeijing.com\/wp-content\/uploads\/2025\/07\/SSAW-Garden-Hotel-Beijing-1-9x12.webp 9w\" sizes=\"(max-width: 639px) 100vw, 639px\" \/>\t\t\t\t\t\t\t\t\t\t\t\t\t\t\t<\/div>\n\t\t\t\t\t<\/div>\n\t\t<\/div>\n\t\t\t\t<div class=\"elementor-column elementor-col-50 elementor-top-column elementor-element elementor-element-56b792c\" data-id=\"56b792c\" data-element_type=\"column\" data-e-type=\"column\">\n\t\t\t<div class=\"elementor-widget-wrap elementor-element-populated\">\n\t\t\t\t\t\t<div class=\"elementor-element elementor-element-bb6e469 elementor-invisible elementor-widget elementor-widget-text-editor\" data-id=\"bb6e469\" data-element_type=\"widget\" data-e-type=\"widget\" data-settings=\"{&quot;_animation&quot;:&quot;nussFadeInUp&quot;}\" data-widget_type=\"text-editor.default\">\n\t\t\t\t\t\t\t\t\t<p>Bien que la plupart des retours soient extr\u00eamement positifs, certains <strong>Avis sur les OTA<\/strong> mentionnent des inqui\u00e9tudes mineures concernant les niveaux de bruit dans certaines chambres, bien que celles-ci soient souvent contrebalanc\u00e9es par des \u00e9loges concernant le rapport qualit\u00e9-prix exceptionnel de l&#039;h\u00f4tel. <strong>Note de 9,4\/10 sur Trip.com<\/strong> et une r\u00e9putation d&#039;excellence sur des plateformes comme TripAdvisor, le SSAW Garden Hotel Beijing reste un choix de premier ordre pour les voyageurs exigeants \u00e0 la recherche d&#039;une exp\u00e9rience unique et centr\u00e9e sur le client dans le c\u0153ur culturel de la ville.<\/p>\t\t\t\t\t\t\t\t<\/div>\n\t\t\t\t\t<\/div>\n\t\t<\/div>\n\t\t\t\t\t<\/div>\n\t\t<\/section>\n\t\t<div class=\"elementor-element elementor-element-a48e9d7 e-flex e-con-boxed e-con e-parent\" data-id=\"a48e9d7\" data-element_type=\"container\" data-e-type=\"container\">\n\t\t\t\t\t<div class=\"e-con-inner\">\n\t\t\t\t<div class=\"elementor-element elementor-element-cac874b elementor-widget elementor-widget-text-editor\" data-id=\"cac874b\" data-element_type=\"widget\" data-e-type=\"widget\" data-widget_type=\"text-editor.default\">\n\t\t\t\t\t\t\t\t\t<div class=\"markdown-SpwdOz __markdown\" dir=\"auto\"><p>Pr\u00eat \u00e0 d\u00e9couvrir pourquoi les voyageurs le consid\u00e8rent comme \u00ab le point de d\u00e9part id\u00e9al pour explorer P\u00e9kin \u00bb ? R\u00e9servez votre s\u00e9jour et d\u00e9couvrez par vous-m\u00eame son m\u00e9lange de tradition, de confort et d&#039;hospitalit\u00e9 !<\/p><\/div>\t\t\t\t\t\t\t\t<\/div>\n\t\t\t\t\t<\/div>\n\t\t\t\t<\/div>\n\t\t\t\t<\/div>","protected":false},"excerpt":{"rendered":"<p>Nestled in the heart of Beijing\u2019s historic Dongcheng District at No.5 Beixinqiao Santiao, SSAW Garden Hotel Beijing offers a harmonious blend of traditional Chinese charm and modern luxury. This boutique hotel has garnered widespread acclaim for its personalized service, serene garden oasis, and prime location near iconic attractions like the Forbidden City and Bell and [&hellip;]<\/p>\n","protected":false},"author":1,"featured_media":0,"parent":0,"menu_order":0,"comment_status":"closed","ping_status":"closed","template":"","meta":{"footnotes":""},"class_list":["post-2106","page","type-page","status-publish","hentry","post-no-thumbnail"],"_links":{"self":[{"href":"https:\/\/ssawgardenhotelbeijing.com\/fr\/wp-json\/wp\/v2\/pages\/2106","targetHints":{"allow":["GET"]}}],"collection":[{"href":"https:\/\/ssawgardenhotelbeijing.com\/fr\/wp-json\/wp\/v2\/pages"}],"about":[{"href":"https:\/\/ssawgardenhotelbeijing.com\/fr\/wp-json\/wp\/v2\/types\/page"}],"author":[{"embeddable":true,"href":"https:\/\/ssawgardenhotelbeijing.com\/fr\/wp-json\/wp\/v2\/users\/1"}],"replies":[{"embeddable":true,"href":"https:\/\/ssawgardenhotelbeijing.com\/fr\/wp-json\/wp\/v2\/comments?post=2106"}],"version-history":[{"count":0,"href":"https:\/\/ssawgardenhotelbeijing.com\/fr\/wp-json\/wp\/v2\/pages\/2106\/revisions"}],"wp:attachment":[{"href":"https:\/\/ssawgardenhotelbeijing.com\/fr\/wp-json\/wp\/v2\/media?parent=2106"}],"curies":[{"name":"wp","href":"https:\/\/api.w.org\/{rel}","templated":true}]}}