{"id":2108,"date":"2021-03-26T06:46:16","date_gmt":"2021-03-26T06:46:16","guid":{"rendered":"http:\/\/localhost\/nuss\/?page_id=437"},"modified":"2025-12-04T11:25:07","modified_gmt":"2025-12-04T11:25:07","slug":"spa","status":"publish","type":"page","link":"https:\/\/ssawgardenhotelbeijing.com\/fr\/spa\/","title":{"rendered":"Spa"},"content":{"rendered":"<div data-elementor-type=\"wp-page\" data-elementor-id=\"2108\" class=\"elementor elementor-2108\">\n\t\t\t\t\t\t<section class=\"elementor-section elementor-top-section elementor-element elementor-element-e56a0cd elementor-section-boxed elementor-section-gap-beside-yes elementor-section-height-default elementor-section-height-default elementor-section-column-vertical-align-stretch\" data-id=\"e56a0cd\" data-element_type=\"section\" data-e-type=\"section\">\n\t\t\t\t\t\t<div class=\"elementor-container elementor-column-gap-extended\">\n\t\t\t\t\t<div class=\"elementor-column elementor-col-100 elementor-top-column elementor-element elementor-element-0b4465f\" data-id=\"0b4465f\" data-element_type=\"column\" data-e-type=\"column\">\n\t\t\t<div class=\"elementor-widget-wrap elementor-element-populated\">\n\t\t\t\t\t\t<div class=\"elementor-element elementor-element-c5bfb65 elementor-widget__width-initial elementor-invisible elementor-widget elementor-widget-text-editor\" data-id=\"c5bfb65\" data-element_type=\"widget\" data-e-type=\"widget\" data-settings=\"{&quot;_animation&quot;:&quot;nussFadeInUp&quot;}\" data-widget_type=\"text-editor.default\">\n\t\t\t\t\t\t\t\t\t<p>Nich\u00e9 dans l&#039;\u00e9treinte sereine du quartier historique de Dongcheng \u00e0 P\u00e9kin, <strong>H\u00f4tel SSAW Garden P\u00e9kin<\/strong> Plus qu&#039;un s\u00e9jour luxueux, notre h\u00f4tel vous invite \u00e0 un voyage bien-\u00eatre transformateur. Situ\u00e9 au 5 Beixinqiao Santiao, notre h\u00f4tel est un v\u00e9ritable sanctuaire o\u00f9 les philosophies de gu\u00e9rison traditionnelles chinoises rencontrent les innovations modernes en mati\u00e8re de bien-\u00eatre, le tout dans la beaut\u00e9 paisible de notre oasis de verdure luxuriante. Que vous recherchiez d\u00e9tente, ressourcement ou une escapade holistique loin de l&#039;agitation de la ville, notre <strong>installations de bien-\u00eatre<\/strong> sont con\u00e7us pour favoriser votre bien-\u00eatre \u00e0 tous points de vue.<\/p>\t\t\t\t\t\t\t\t<\/div>\n\t\t\t\t\t<\/div>\n\t\t<\/div>\n\t\t\t\t\t<\/div>\n\t\t<\/section>\n\t\t\t\t<section class=\"elementor-section elementor-top-section elementor-element elementor-element-8339aed elementor-section-boxed elementor-section-gap-beside-yes elementor-section-height-default elementor-section-height-default elementor-section-column-vertical-align-stretch\" data-id=\"8339aed\" data-element_type=\"section\" data-e-type=\"section\">\n\t\t\t\t\t\t<div class=\"elementor-container elementor-column-gap-extended\">\n\t\t\t\t\t<div class=\"elementor-column elementor-col-100 elementor-top-column elementor-element elementor-element-24d8af3\" data-id=\"24d8af3\" data-element_type=\"column\" data-e-type=\"column\">\n\t\t\t<div class=\"elementor-widget-wrap elementor-element-populated\">\n\t\t\t\t\t\t<div class=\"elementor-element elementor-element-cd863cd elementor-invisible elementor-widget elementor-widget-heading\" data-id=\"cd863cd\" data-element_type=\"widget\" data-e-type=\"widget\" data-settings=\"{&quot;_animation&quot;:&quot;nussFadeInUp&quot;}\" data-widget_type=\"heading.default\">\n\t\t\t\t\t<h2 class=\"elementor-heading-title elementor-size-default\">Nos services<\/h2>\t\t\t\t<\/div>\n\t\t\t\t<section class=\"elementor-section elementor-inner-section elementor-element elementor-element-40ed5a4 elementor-section-boxed elementor-section-gap-beside-yes elementor-section-height-default elementor-section-height-default elementor-section-column-vertical-align-stretch\" data-id=\"40ed5a4\" data-element_type=\"section\" data-e-type=\"section\">\n\t\t\t\t\t\t<div class=\"elementor-container elementor-column-gap-extended\">\n\t\t\t\t\t<div class=\"elementor-column elementor-col-50 elementor-inner-column elementor-element elementor-element-6305cc0\" data-id=\"6305cc0\" data-element_type=\"column\" data-e-type=\"column\">\n\t\t\t<div class=\"elementor-widget-wrap elementor-element-populated\">\n\t\t\t\t\t\t<div class=\"elementor-element elementor-element-f53bd83 elementor-invisible nuss-elementor-loading nuss-slide-in-right elementor-widget elementor-widget-image\" data-id=\"f53bd83\" data-element_type=\"widget\" data-e-type=\"widget\" data-settings=\"{&quot;_animation&quot;:&quot;nussSlideInRight&quot;}\" data-widget_type=\"image.default\">\n\t\t\t\t\t\t\t\t\t\t\t\t\t\t\t<img fetchpriority=\"high\" decoding=\"async\" width=\"1280\" height=\"853\" src=\"https:\/\/ssawgardenhotelbeijing.com\/wp-content\/uploads\/2025\/07\/SSAW-Garden-Hotel-Beijing-13.webp\" class=\"attachment-full size-full wp-image-5566\" alt=\"\" srcset=\"https:\/\/ssawgardenhotelbeijing.com\/wp-content\/uploads\/2025\/07\/SSAW-Garden-Hotel-Beijing-13.webp 1280w, https:\/\/ssawgardenhotelbeijing.com\/wp-content\/uploads\/2025\/07\/SSAW-Garden-Hotel-Beijing-13-300x200.webp 300w, https:\/\/ssawgardenhotelbeijing.com\/wp-content\/uploads\/2025\/07\/SSAW-Garden-Hotel-Beijing-13-1024x682.webp 1024w, https:\/\/ssawgardenhotelbeijing.com\/wp-content\/uploads\/2025\/07\/SSAW-Garden-Hotel-Beijing-13-768x512.webp 768w, https:\/\/ssawgardenhotelbeijing.com\/wp-content\/uploads\/2025\/07\/SSAW-Garden-Hotel-Beijing-13-18x12.webp 18w\" sizes=\"(max-width: 1280px) 100vw, 1280px\" \/>\t\t\t\t\t\t\t\t\t\t\t\t\t\t\t<\/div>\n\t\t\t\t\t<\/div>\n\t\t<\/div>\n\t\t\t\t<div class=\"elementor-column elementor-col-50 elementor-inner-column elementor-element elementor-element-8c7af75\" data-id=\"8c7af75\" data-element_type=\"column\" data-e-type=\"column\">\n\t\t\t<div class=\"elementor-widget-wrap elementor-element-populated\">\n\t\t\t\t\t\t<div class=\"elementor-element elementor-element-cbb2b16 elementor-invisible elementor-widget elementor-widget-heading\" data-id=\"cbb2b16\" data-element_type=\"widget\" data-e-type=\"widget\" data-settings=\"{&quot;_animation&quot;:&quot;nussFadeInUp&quot;}\" data-widget_type=\"heading.default\">\n\t\t\t\t\t<h3 class=\"elementor-heading-title elementor-size-default\">Une harmonie entre tradition et modernit\u00e9\n<\/h3>\t\t\t\t<\/div>\n\t\t\t\t<div class=\"elementor-element elementor-element-8251470 elementor-invisible elementor-widget elementor-widget-text-editor\" data-id=\"8251470\" data-element_type=\"widget\" data-e-type=\"widget\" data-settings=\"{&quot;_animation&quot;:&quot;nussFadeInUp&quot;}\" data-widget_type=\"text-editor.default\">\n\t\t\t\t\t\t\t\t\t<p>Inspir\u00e9e par les hutongs centenaires qui nous entourent, notre philosophie bien-\u00eatre honore la sagesse ancestrale de l&#039;\u00e9quilibre et de l&#039;harmonie. Le design de l&#039;h\u00f4tel int\u00e8gre harmonieusement les \u00e9l\u00e9ments naturels \u2013 fontaines, jardins d&#039;herbes aromatiques et pavillons baign\u00e9s de lumi\u00e8re \u2013 cr\u00e9ant un environnement o\u00f9 le stress se dissipe et o\u00f9 la vitalit\u00e9 s&#039;\u00e9panouit. Ici, le bien-\u00eatre n&#039;est pas seulement un service, mais une exp\u00e9rience culturelle, ancr\u00e9e dans les traditions p\u00e9kinoises et sublim\u00e9e par le luxe contemporain.<\/p>\t\t\t\t\t\t\t\t<\/div>\n\t\t\t\t\t<\/div>\n\t\t<\/div>\n\t\t\t\t\t<\/div>\n\t\t<\/section>\n\t\t\t\t<section class=\"elementor-section elementor-inner-section elementor-element elementor-element-18bbaf4 elementor-section-boxed elementor-section-gap-beside-yes elementor-section-height-default elementor-section-height-default elementor-section-column-vertical-align-stretch\" data-id=\"18bbaf4\" data-element_type=\"section\" data-e-type=\"section\">\n\t\t\t\t\t\t<div class=\"elementor-container elementor-column-gap-extended\">\n\t\t\t\t\t<div class=\"elementor-column elementor-col-50 elementor-inner-column elementor-element elementor-element-b592f99\" data-id=\"b592f99\" data-element_type=\"column\" data-e-type=\"column\">\n\t\t\t<div class=\"elementor-widget-wrap elementor-element-populated\">\n\t\t\t\t\t\t<div class=\"elementor-element elementor-element-fec5a6a elementor-invisible nuss-elementor-loading nuss-slide-in-right elementor-widget elementor-widget-image\" data-id=\"fec5a6a\" data-element_type=\"widget\" data-e-type=\"widget\" data-settings=\"{&quot;_animation&quot;:&quot;nussSlideInRight&quot;}\" data-widget_type=\"image.default\">\n\t\t\t\t\t\t\t\t\t\t\t\t\t\t\t<img decoding=\"async\" width=\"1280\" height=\"853\" src=\"https:\/\/ssawgardenhotelbeijing.com\/wp-content\/uploads\/2025\/07\/SSAW-Garden-Hotel-Beijing-7.webp\" class=\"attachment-full size-full wp-image-5560\" alt=\"\" srcset=\"https:\/\/ssawgardenhotelbeijing.com\/wp-content\/uploads\/2025\/07\/SSAW-Garden-Hotel-Beijing-7.webp 1280w, https:\/\/ssawgardenhotelbeijing.com\/wp-content\/uploads\/2025\/07\/SSAW-Garden-Hotel-Beijing-7-300x200.webp 300w, https:\/\/ssawgardenhotelbeijing.com\/wp-content\/uploads\/2025\/07\/SSAW-Garden-Hotel-Beijing-7-1024x682.webp 1024w, https:\/\/ssawgardenhotelbeijing.com\/wp-content\/uploads\/2025\/07\/SSAW-Garden-Hotel-Beijing-7-768x512.webp 768w, https:\/\/ssawgardenhotelbeijing.com\/wp-content\/uploads\/2025\/07\/SSAW-Garden-Hotel-Beijing-7-18x12.webp 18w\" sizes=\"(max-width: 1280px) 100vw, 1280px\" \/>\t\t\t\t\t\t\t\t\t\t\t\t\t\t\t<\/div>\n\t\t\t\t\t<\/div>\n\t\t<\/div>\n\t\t\t\t<div class=\"elementor-column elementor-col-50 elementor-inner-column elementor-element elementor-element-e2c0f75\" data-id=\"e2c0f75\" data-element_type=\"column\" data-e-type=\"column\">\n\t\t\t<div class=\"elementor-widget-wrap elementor-element-populated\">\n\t\t\t\t\t\t<div class=\"elementor-element elementor-element-ca3c19a elementor-invisible elementor-widget elementor-widget-heading\" data-id=\"ca3c19a\" data-element_type=\"widget\" data-e-type=\"widget\" data-settings=\"{&quot;_animation&quot;:&quot;nussFadeInUp&quot;}\" data-widget_type=\"heading.default\">\n\t\t\t\t\t<h3 class=\"elementor-heading-title elementor-size-default\">Centre de remise en forme ultramoderne\n<\/h3>\t\t\t\t<\/div>\n\t\t\t\t<div class=\"elementor-element elementor-element-545a5ef elementor-invisible elementor-widget elementor-widget-text-editor\" data-id=\"545a5ef\" data-element_type=\"widget\" data-e-type=\"widget\" data-settings=\"{&quot;_animation&quot;:&quot;nussFadeInUp&quot;}\" data-widget_type=\"text-editor.default\">\n\t\t\t\t\t\t\t\t\t<p>Pour les clients qui souhaitent maintenir leur routine de remise en forme, notre <strong>centre de fitness ouvert 24h\/24<\/strong> L&#039;h\u00f4tel propose des \u00e9quipements de pointe avec vue panoramique sur la cour verdoyante de l&#039;h\u00f4tel. Des appareils de cardio aux stations de musculation, chaque d\u00e9tail est pens\u00e9 pour votre efficacit\u00e9 et votre confort. Besoin de conseils\u00a0? Nos coachs certifi\u00e9s sont \u00e0 votre disposition pour personnaliser vos s\u00e9ances d&#039;entra\u00eenement en fonction de vos objectifs et vous garantir un s\u00e9jour plein d&#039;\u00e9nergie et de dynamisme.<\/p>\t\t\t\t\t\t\t\t<\/div>\n\t\t\t\t\t<\/div>\n\t\t<\/div>\n\t\t\t\t\t<\/div>\n\t\t<\/section>\n\t\t\t\t<section class=\"elementor-section elementor-inner-section elementor-element elementor-element-b6bfe2b elementor-section-boxed elementor-section-gap-beside-yes elementor-section-height-default elementor-section-height-default elementor-section-column-vertical-align-stretch\" data-id=\"b6bfe2b\" data-element_type=\"section\" data-e-type=\"section\">\n\t\t\t\t\t\t<div class=\"elementor-container elementor-column-gap-extended\">\n\t\t\t\t\t<div class=\"elementor-column elementor-col-50 elementor-inner-column elementor-element elementor-element-d6b89b0\" data-id=\"d6b89b0\" data-element_type=\"column\" data-e-type=\"column\">\n\t\t\t<div class=\"elementor-widget-wrap elementor-element-populated\">\n\t\t\t\t\t\t<div class=\"elementor-element elementor-element-40cc37f elementor-invisible nuss-elementor-loading nuss-slide-in-right elementor-widget elementor-widget-image\" data-id=\"40cc37f\" data-element_type=\"widget\" data-e-type=\"widget\" data-settings=\"{&quot;_animation&quot;:&quot;nussSlideInRight&quot;}\" data-widget_type=\"image.default\">\n\t\t\t\t\t\t\t\t\t\t\t\t\t\t\t<img decoding=\"async\" width=\"639\" height=\"853\" src=\"https:\/\/ssawgardenhotelbeijing.com\/wp-content\/uploads\/2025\/07\/SSAW-Garden-Hotel-Beijing-1.webp\" class=\"attachment-full size-full wp-image-5554\" alt=\"\" srcset=\"https:\/\/ssawgardenhotelbeijing.com\/wp-content\/uploads\/2025\/07\/SSAW-Garden-Hotel-Beijing-1.webp 639w, https:\/\/ssawgardenhotelbeijing.com\/wp-content\/uploads\/2025\/07\/SSAW-Garden-Hotel-Beijing-1-225x300.webp 225w, https:\/\/ssawgardenhotelbeijing.com\/wp-content\/uploads\/2025\/07\/SSAW-Garden-Hotel-Beijing-1-9x12.webp 9w\" sizes=\"(max-width: 639px) 100vw, 639px\" \/>\t\t\t\t\t\t\t\t\t\t\t\t\t\t\t<\/div>\n\t\t\t\t\t<\/div>\n\t\t<\/div>\n\t\t\t\t<div class=\"elementor-column elementor-col-50 elementor-inner-column elementor-element elementor-element-e39de15\" data-id=\"e39de15\" data-element_type=\"column\" data-e-type=\"column\">\n\t\t\t<div class=\"elementor-widget-wrap elementor-element-populated\">\n\t\t\t\t\t\t<div class=\"elementor-element elementor-element-a8fdc55 elementor-invisible elementor-widget elementor-widget-heading\" data-id=\"a8fdc55\" data-element_type=\"widget\" data-e-type=\"widget\" data-settings=\"{&quot;_animation&quot;:&quot;nussFadeInUp&quot;}\" data-widget_type=\"heading.default\">\n\t\t\t\t\t<h3 class=\"elementor-heading-title elementor-size-default\">Le Garden Spa : un sanctuaire de gu\u00e9rison\n<\/h3>\t\t\t\t<\/div>\n\t\t\t\t<div class=\"elementor-element elementor-element-4ca716d elementor-invisible elementor-widget elementor-widget-text-editor\" data-id=\"4ca716d\" data-element_type=\"widget\" data-e-type=\"widget\" data-settings=\"{&quot;_animation&quot;:&quot;nussFadeInUp&quot;}\" data-widget_type=\"text-editor.default\">\n\t\t\t\t\t\t\t\t\t<p>Entrez dans notre <strong>Spa de jardin<\/strong>, o\u00f9 le temps s&#039;arr\u00eate et o\u00f9 chaque soin est une c\u00e9l\u00e9bration du plaisir des sens. Inspir\u00e9s de la m\u00e9decine traditionnelle chinoise, nos soins int\u00e8grent compresses aux herbes, acupression et rouleaux de jade pour r\u00e9\u00e9quilibrer le corps. Offrez-vous un massage signature aux pierres chaudes des montagnes p\u00e9kinoises, ou offrez-vous un soin du visage infus\u00e9 de chrysanth\u00e8me et de ginseng locaux pour une peau \u00e9clatante. L&#039;am\u00e9nagement en plein air du spa permet au doux bruissement du bambou et au parfum du jasmin en fleurs d&#039;approfondir votre d\u00e9tente.<\/p>\t\t\t\t\t\t\t\t<\/div>\n\t\t\t\t\t<\/div>\n\t\t<\/div>\n\t\t\t\t\t<\/div>\n\t\t<\/section>\n\t\t\t\t<section class=\"elementor-section elementor-inner-section elementor-element elementor-element-d2c850e elementor-section-boxed elementor-section-gap-beside-yes elementor-section-height-default elementor-section-height-default elementor-section-column-vertical-align-stretch\" data-id=\"d2c850e\" data-element_type=\"section\" data-e-type=\"section\">\n\t\t\t\t\t\t<div class=\"elementor-container elementor-column-gap-extended\">\n\t\t\t\t\t<div class=\"elementor-column elementor-col-50 elementor-inner-column elementor-element elementor-element-a3d1a3b\" data-id=\"a3d1a3b\" data-element_type=\"column\" data-e-type=\"column\">\n\t\t\t<div class=\"elementor-widget-wrap elementor-element-populated\">\n\t\t\t\t\t\t<div class=\"elementor-element elementor-element-1f151dc elementor-invisible nuss-elementor-loading nuss-slide-in-right elementor-widget elementor-widget-image\" data-id=\"1f151dc\" data-element_type=\"widget\" data-e-type=\"widget\" data-settings=\"{&quot;_animation&quot;:&quot;nussSlideInRight&quot;}\" data-widget_type=\"image.default\">\n\t\t\t\t\t\t\t\t\t\t\t\t\t\t\t<img decoding=\"async\" src=\"http:\/\/ssawgardenhotelbeijing.com\/wp-content\/uploads\/2025\/07\/SSAW-Garden-Hotel-Beijing-43.jpg\" title=\"\" alt=\"\" loading=\"lazy\" \/>\t\t\t\t\t\t\t\t\t\t\t\t\t\t\t<\/div>\n\t\t\t\t\t<\/div>\n\t\t<\/div>\n\t\t\t\t<div class=\"elementor-column elementor-col-50 elementor-inner-column elementor-element elementor-element-81019a0\" data-id=\"81019a0\" data-element_type=\"column\" data-e-type=\"column\">\n\t\t\t<div class=\"elementor-widget-wrap elementor-element-populated\">\n\t\t\t\t\t\t<div class=\"elementor-element elementor-element-cd6a077 elementor-invisible elementor-widget elementor-widget-heading\" data-id=\"cd6a077\" data-element_type=\"widget\" data-e-type=\"widget\" data-settings=\"{&quot;_animation&quot;:&quot;nussFadeInUp&quot;}\" data-widget_type=\"heading.default\">\n\t\t\t\t\t<h3 class=\"elementor-heading-title elementor-size-default\">Pleine conscience en mouvement\u00a0: yoga et m\u00e9ditation\n<\/h3>\t\t\t\t<\/div>\n\t\t\t\t<div class=\"elementor-element elementor-element-30df2d5 elementor-invisible elementor-widget elementor-widget-text-editor\" data-id=\"30df2d5\" data-element_type=\"widget\" data-e-type=\"widget\" data-settings=\"{&quot;_animation&quot;:&quot;nussFadeInUp&quot;}\" data-widget_type=\"text-editor.default\">\n\t\t\t\t\t\t\t\t\t<p>Au c\u0153ur de notre jardin, un pavillon d\u00e9di\u00e9 accueille quotidiennement <strong>s\u00e9ances de yoga et de m\u00e9ditation<\/strong>, alliant les encha\u00eenements Vinyasa aux mouvements inspir\u00e9s du Tai Chi. Que vous soyez un pratiquant exp\u00e9riment\u00e9 ou un d\u00e9butant curieux, ces s\u00e9ances, anim\u00e9es par des instructeurs experts, sont con\u00e7ues pour harmoniser votre \u00e9nergie avec les rythmes de la nature. Les cours du matin d\u00e9butent la journ\u00e9e par des salutations au soleil revigorantes, tandis que les s\u00e9ances du soir se concentrent sur des postures r\u00e9paratrices pour pr\u00e9parer le corps \u00e0 un sommeil profond.<\/p>\t\t\t\t\t\t\t\t<\/div>\n\t\t\t\t\t<\/div>\n\t\t<\/div>\n\t\t\t\t\t<\/div>\n\t\t<\/section>\n\t\t\t\t<section class=\"elementor-section elementor-inner-section elementor-element elementor-element-b4d10c8 elementor-section-boxed elementor-section-gap-beside-yes elementor-section-height-default elementor-section-height-default elementor-section-column-vertical-align-stretch\" data-id=\"b4d10c8\" data-element_type=\"section\" data-e-type=\"section\">\n\t\t\t\t\t\t<div class=\"elementor-container elementor-column-gap-extended\">\n\t\t\t\t\t<div class=\"elementor-column elementor-col-50 elementor-inner-column elementor-element elementor-element-92960b7\" data-id=\"92960b7\" data-element_type=\"column\" data-e-type=\"column\">\n\t\t\t<div class=\"elementor-widget-wrap elementor-element-populated\">\n\t\t\t\t\t\t<div class=\"elementor-element elementor-element-c5b7dbc elementor-widget elementor-widget-image\" data-id=\"c5b7dbc\" data-element_type=\"widget\" data-e-type=\"widget\" data-widget_type=\"image.default\">\n\t\t\t\t\t\t\t\t\t\t\t\t\t\t\t<img loading=\"lazy\" decoding=\"async\" width=\"1024\" height=\"768\" src=\"https:\/\/ssawgardenhotelbeijing.com\/wp-content\/uploads\/2025\/07\/SSAW-Garden-Hotel-Beijing-Pool-1024x768.jpg\" class=\"attachment-large size-large wp-image-5654\" alt=\"\" srcset=\"https:\/\/ssawgardenhotelbeijing.com\/wp-content\/uploads\/2025\/07\/SSAW-Garden-Hotel-Beijing-Pool-1024x768.jpg 1024w, https:\/\/ssawgardenhotelbeijing.com\/wp-content\/uploads\/2025\/07\/SSAW-Garden-Hotel-Beijing-Pool-300x225.jpg 300w, https:\/\/ssawgardenhotelbeijing.com\/wp-content\/uploads\/2025\/07\/SSAW-Garden-Hotel-Beijing-Pool-768x576.jpg 768w, https:\/\/ssawgardenhotelbeijing.com\/wp-content\/uploads\/2025\/07\/SSAW-Garden-Hotel-Beijing-Pool-16x12.jpg 16w, https:\/\/ssawgardenhotelbeijing.com\/wp-content\/uploads\/2025\/07\/SSAW-Garden-Hotel-Beijing-Pool.jpg 1200w\" sizes=\"(max-width: 1024px) 100vw, 1024px\" \/>\t\t\t\t\t\t\t\t\t\t\t\t\t\t\t<\/div>\n\t\t\t\t\t<\/div>\n\t\t<\/div>\n\t\t\t\t<div class=\"elementor-column elementor-col-50 elementor-inner-column elementor-element elementor-element-515a3eb\" data-id=\"515a3eb\" data-element_type=\"column\" data-e-type=\"column\">\n\t\t\t<div class=\"elementor-widget-wrap elementor-element-populated\">\n\t\t\t\t\t\t<div class=\"elementor-element elementor-element-d03c97e elementor-invisible elementor-widget elementor-widget-heading\" data-id=\"d03c97e\" data-element_type=\"widget\" data-e-type=\"widget\" data-settings=\"{&quot;_animation&quot;:&quot;nussFadeInUp&quot;}\" data-widget_type=\"heading.default\">\n\t\t\t\t\t<h3 class=\"elementor-heading-title elementor-size-default\">Hydroth\u00e9rapie et exp\u00e9riences thermales\n<\/h3>\t\t\t\t<\/div>\n\t\t\t\t<div class=\"elementor-element elementor-element-a38bb1c elementor-invisible elementor-widget elementor-widget-text-editor\" data-id=\"a38bb1c\" data-element_type=\"widget\" data-e-type=\"widget\" data-settings=\"{&quot;_animation&quot;:&quot;nussFadeInUp&quot;}\" data-widget_type=\"text-editor.default\">\n\t\t\t\t\t\t\t\t\t<p>Nos installations de bien-\u00eatre comprennent \u00e9galement un <strong>piscine d&#039;hydroth\u00e9rapie<\/strong> avec jets massants et hammam traditionnel chinois aux herbes. Les stations d&#039;hydromassage de la piscine ciblent les tensions musculaires, tandis que les m\u00e9langes aromatiques d&#039;eucalyptus et de menthol du hammam d\u00e9toxifient et rafra\u00eechissent. \u00c0 c\u00f4t\u00e9, un espace paisible <strong>salon de th\u00e9<\/strong> propose des infusions de baies de goji, de th\u00e9 pu&#039;er et de chrysanth\u00e8me, des rem\u00e8des intemporels pour l&#039;harmonie int\u00e9rieure.<\/p>\t\t\t\t\t\t\t\t<\/div>\n\t\t\t\t\t<\/div>\n\t\t<\/div>\n\t\t\t\t\t<\/div>\n\t\t<\/section>\n\t\t\t\t\t<\/div>\n\t\t<\/div>\n\t\t\t\t\t<\/div>\n\t\t<\/section>\n\t\t\t\t<\/div>","protected":false},"excerpt":{"rendered":"<p>Nestled in the serene embrace of Beijing\u2019s historic Dongcheng district, SSAW Garden Hotel Beijing offers more than just a luxurious stay\u2014it invites you to embark on a transformative wellness journey. Located at No.5 Beixinqiao Santiao, our hotel is a sanctuary where traditional Chinese healing philosophies meet modern wellness innovations, all framed by the tranquil beauty [&hellip;]<\/p>\n","protected":false},"author":1,"featured_media":0,"parent":0,"menu_order":0,"comment_status":"closed","ping_status":"closed","template":"","meta":{"footnotes":""},"class_list":["post-2108","page","type-page","status-publish","hentry","post-no-thumbnail"],"_links":{"self":[{"href":"https:\/\/ssawgardenhotelbeijing.com\/fr\/wp-json\/wp\/v2\/pages\/2108","targetHints":{"allow":["GET"]}}],"collection":[{"href":"https:\/\/ssawgardenhotelbeijing.com\/fr\/wp-json\/wp\/v2\/pages"}],"about":[{"href":"https:\/\/ssawgardenhotelbeijing.com\/fr\/wp-json\/wp\/v2\/types\/page"}],"author":[{"embeddable":true,"href":"https:\/\/ssawgardenhotelbeijing.com\/fr\/wp-json\/wp\/v2\/users\/1"}],"replies":[{"embeddable":true,"href":"https:\/\/ssawgardenhotelbeijing.com\/fr\/wp-json\/wp\/v2\/comments?post=2108"}],"version-history":[{"count":0,"href":"https:\/\/ssawgardenhotelbeijing.com\/fr\/wp-json\/wp\/v2\/pages\/2108\/revisions"}],"wp:attachment":[{"href":"https:\/\/ssawgardenhotelbeijing.com\/fr\/wp-json\/wp\/v2\/media?parent=2108"}],"curies":[{"name":"wp","href":"https:\/\/api.w.org\/{rel}","templated":true}]}}