{"id":2109,"date":"2021-03-26T08:35:58","date_gmt":"2021-03-26T08:35:58","guid":{"rendered":"http:\/\/localhost\/nuss\/?page_id=536"},"modified":"2025-12-04T11:24:00","modified_gmt":"2025-12-04T11:24:00","slug":"salle-de-reunion","status":"publish","type":"page","link":"https:\/\/ssawgardenhotelbeijing.com\/fr\/meeting-room\/","title":{"rendered":"Installations commerciales"},"content":{"rendered":"<div data-elementor-type=\"wp-page\" data-elementor-id=\"2109\" class=\"elementor elementor-2109\">\n\t\t\t\t\t\t<section class=\"elementor-section elementor-top-section elementor-element elementor-element-bb2901b elementor-section-boxed elementor-section-gap-beside-yes elementor-section-height-default elementor-section-height-default elementor-section-column-vertical-align-stretch\" data-id=\"bb2901b\" data-element_type=\"section\" data-e-type=\"section\">\n\t\t\t\t\t\t<div class=\"elementor-container elementor-column-gap-extended\">\n\t\t\t\t\t<div class=\"elementor-column elementor-col-100 elementor-top-column elementor-element elementor-element-1919db9\" data-id=\"1919db9\" data-element_type=\"column\" data-e-type=\"column\">\n\t\t\t<div class=\"elementor-widget-wrap elementor-element-populated\">\n\t\t\t\t\t\t<div class=\"elementor-element elementor-element-41a7b9c elementor-widget__width-initial elementor-invisible elementor-widget elementor-widget-text-editor\" data-id=\"41a7b9c\" data-element_type=\"widget\" data-e-type=\"widget\" data-settings=\"{&quot;_animation&quot;:&quot;nussFadeInUp&quot;}\" data-widget_type=\"text-editor.default\">\n\t\t\t\t\t\t\t\t\t<p>Id\u00e9alement situ\u00e9 \u00e0 proximit\u00e9 de sites culturels et de centres commerciaux anim\u00e9s, cet h\u00f4tel raffin\u00e9 est non seulement un havre de paix pour les voyageurs d&#039;agr\u00e9ment, mais aussi une destination de choix pour les professionnels en qu\u00eate d&#039;une exp\u00e9rience fluide et productive. Les installations de l&#039;h\u00f4tel sont soigneusement con\u00e7ues pour r\u00e9pondre aux divers besoins de la client\u00e8le d&#039;affaires, alliant parfaitement fonctionnalit\u00e9, technologie et confort.<\/p>\t\t\t\t\t\t\t\t<\/div>\n\t\t\t\t\t<\/div>\n\t\t<\/div>\n\t\t\t\t\t<\/div>\n\t\t<\/section>\n\t\t\t\t<section class=\"elementor-section elementor-top-section elementor-element elementor-element-fad87ed elementor-section-boxed elementor-section-gap-beside-yes elementor-section-height-default elementor-section-height-default elementor-section-column-vertical-align-stretch\" data-id=\"fad87ed\" data-element_type=\"section\" data-e-type=\"section\">\n\t\t\t\t\t\t<div class=\"elementor-container elementor-column-gap-extended\">\n\t\t\t\t\t<div class=\"elementor-column elementor-col-50 elementor-top-column elementor-element elementor-element-9b3c6b5\" data-id=\"9b3c6b5\" data-element_type=\"column\" data-e-type=\"column\">\n\t\t\t<div class=\"elementor-widget-wrap elementor-element-populated\">\n\t\t\t\t\t\t<div class=\"elementor-element elementor-element-ce91d58 elementor-invisible nuss-elementor-loading nuss-slide-in-right elementor-widget elementor-widget-image\" data-id=\"ce91d58\" data-element_type=\"widget\" data-e-type=\"widget\" data-settings=\"{&quot;_animation&quot;:&quot;nussSlideInRight&quot;}\" data-widget_type=\"image.default\">\n\t\t\t\t\t\t\t\t\t\t\t\t\t\t\t<img fetchpriority=\"high\" decoding=\"async\" width=\"1280\" height=\"853\" src=\"https:\/\/ssawgardenhotelbeijing.com\/wp-content\/uploads\/2025\/07\/SSAW-Garden-Hotel-Beijing-6.webp\" class=\"attachment-full size-full wp-image-5559\" alt=\"\" srcset=\"https:\/\/ssawgardenhotelbeijing.com\/wp-content\/uploads\/2025\/07\/SSAW-Garden-Hotel-Beijing-6.webp 1280w, https:\/\/ssawgardenhotelbeijing.com\/wp-content\/uploads\/2025\/07\/SSAW-Garden-Hotel-Beijing-6-300x200.webp 300w, https:\/\/ssawgardenhotelbeijing.com\/wp-content\/uploads\/2025\/07\/SSAW-Garden-Hotel-Beijing-6-1024x682.webp 1024w, https:\/\/ssawgardenhotelbeijing.com\/wp-content\/uploads\/2025\/07\/SSAW-Garden-Hotel-Beijing-6-768x512.webp 768w, https:\/\/ssawgardenhotelbeijing.com\/wp-content\/uploads\/2025\/07\/SSAW-Garden-Hotel-Beijing-6-18x12.webp 18w\" sizes=\"(max-width: 1280px) 100vw, 1280px\" \/>\t\t\t\t\t\t\t\t\t\t\t\t\t\t\t<\/div>\n\t\t\t\t\t<\/div>\n\t\t<\/div>\n\t\t\t\t<div class=\"elementor-column elementor-col-50 elementor-top-column elementor-element elementor-element-27e1142\" data-id=\"27e1142\" data-element_type=\"column\" data-e-type=\"column\">\n\t\t\t<div class=\"elementor-widget-wrap elementor-element-populated\">\n\t\t\t\t\t\t<div class=\"elementor-element elementor-element-46af239 elementor-invisible elementor-widget elementor-widget-text-editor\" data-id=\"46af239\" data-element_type=\"widget\" data-e-type=\"widget\" data-settings=\"{&quot;_animation&quot;:&quot;nussFadeInUp&quot;}\" data-widget_type=\"text-editor.default\">\n\t\t\t\t\t\t\t\t\t<p>Le SSAW Garden Hotel Beijing est fier de proposer une gamme d&#039;\u00e9quipements professionnels ultramodernes, con\u00e7us pour faciliter la r\u00e9ussite de vos r\u00e9unions, conf\u00e9rences et \u00e9v\u00e9nements d&#039;entreprise. Au c\u0153ur de son offre se trouvent des salles de r\u00e9union et de conf\u00e9rence polyvalentes, \u00e9quip\u00e9es des derni\u00e8res technologies audiovisuelles, d&#039;un acc\u00e8s internet haut d\u00e9bit et d&#039;une disposition flexible des si\u00e8ges. Qu&#039;il s&#039;agisse d&#039;une petite r\u00e9union de conseil d&#039;administration, d&#039;un s\u00e9minaire d&#039;envergure ou d&#039;une conf\u00e9rence internationale, l&#039;h\u00f4tel veille \u00e0 ce que chaque \u00e9v\u00e9nement soit organis\u00e9 avec pr\u00e9cision et professionnalisme. Notre \u00e9quipe d&#039;organisation d&#039;\u00e9v\u00e9nements d\u00e9di\u00e9e est \u00e0 votre disposition pour vous accompagner dans chaque d\u00e9tail, de l&#039;am\u00e9nagement personnalis\u00e9 des salles aux services traiteur proposant un savoureux m\u00e9lange de cuisine locale et internationale, garantissant ainsi que chaque r\u00e9union d&#039;affaires laisse une impression durable.<\/p>\t\t\t\t\t\t\t\t<\/div>\n\t\t\t\t\t<\/div>\n\t\t<\/div>\n\t\t\t\t\t<\/div>\n\t\t<\/section>\n\t\t\t\t<section class=\"elementor-section elementor-top-section elementor-element elementor-element-9645f63 elementor-section-boxed elementor-section-gap-beside-yes elementor-section-height-default elementor-section-height-default elementor-section-column-vertical-align-stretch\" data-id=\"9645f63\" data-element_type=\"section\" data-e-type=\"section\">\n\t\t\t\t\t\t<div class=\"elementor-container elementor-column-gap-extended\">\n\t\t\t\t\t<div class=\"elementor-column elementor-col-50 elementor-top-column elementor-element elementor-element-1855656\" data-id=\"1855656\" data-element_type=\"column\" data-e-type=\"column\">\n\t\t\t<div class=\"elementor-widget-wrap elementor-element-populated\">\n\t\t\t\t\t\t<div class=\"elementor-element elementor-element-e29928c elementor-invisible elementor-widget elementor-widget-text-editor\" data-id=\"e29928c\" data-element_type=\"widget\" data-e-type=\"widget\" data-settings=\"{&quot;_animation&quot;:&quot;nussFadeInUp&quot;}\" data-widget_type=\"text-editor.default\">\n\t\t\t\t\t\t\t\t\t<p>Outre ses espaces de r\u00e9union, l&#039;h\u00f4tel dispose d&#039;un centre d&#039;affaires enti\u00e8rement \u00e9quip\u00e9, id\u00e9al pour les professionnels en d\u00e9placement. Ouvert 24h\/24 et 7j\/7, il offre un acc\u00e8s Wi-Fi haut d\u00e9bit, des services d&#039;impression, de num\u00e9risation et de photocopie, ainsi que des postes de travail priv\u00e9s pour ceux qui recherchent un espace calme et concentr\u00e9. Des services de secr\u00e9tariat et de traduction sont \u00e9galement disponibles sur demande, r\u00e9pondant aux besoins de la client\u00e8le internationale et garantissant une communication fluide entre les langues et les cultures. Ce souci du d\u00e9tail fait du SSAW Garden Hotel Beijing un choix id\u00e9al pour les voyageurs d&#039;affaires en qu\u00eate d&#039;efficacit\u00e9 sans compromis sur le confort.<\/p>\t\t\t\t\t\t\t\t<\/div>\n\t\t\t\t\t<\/div>\n\t\t<\/div>\n\t\t\t\t<div class=\"elementor-column elementor-col-50 elementor-top-column elementor-element elementor-element-ec6e38d\" data-id=\"ec6e38d\" data-element_type=\"column\" data-e-type=\"column\">\n\t\t\t<div class=\"elementor-widget-wrap elementor-element-populated\">\n\t\t\t\t\t\t<div class=\"elementor-element elementor-element-477bc87 elementor-invisible nuss-elementor-loading nuss-slide-in-left elementor-widget elementor-widget-image\" data-id=\"477bc87\" data-element_type=\"widget\" data-e-type=\"widget\" data-settings=\"{&quot;_animation&quot;:&quot;nussSlideInLeft&quot;}\" data-widget_type=\"image.default\">\n\t\t\t\t\t\t\t\t\t\t\t\t\t\t\t<img decoding=\"async\" width=\"1280\" height=\"853\" src=\"https:\/\/ssawgardenhotelbeijing.com\/wp-content\/uploads\/2025\/07\/SSAW-Garden-Hotel-Beijing-5.webp\" class=\"attachment-full size-full wp-image-5558\" alt=\"\" srcset=\"https:\/\/ssawgardenhotelbeijing.com\/wp-content\/uploads\/2025\/07\/SSAW-Garden-Hotel-Beijing-5.webp 1280w, https:\/\/ssawgardenhotelbeijing.com\/wp-content\/uploads\/2025\/07\/SSAW-Garden-Hotel-Beijing-5-300x200.webp 300w, https:\/\/ssawgardenhotelbeijing.com\/wp-content\/uploads\/2025\/07\/SSAW-Garden-Hotel-Beijing-5-1024x682.webp 1024w, https:\/\/ssawgardenhotelbeijing.com\/wp-content\/uploads\/2025\/07\/SSAW-Garden-Hotel-Beijing-5-768x512.webp 768w, https:\/\/ssawgardenhotelbeijing.com\/wp-content\/uploads\/2025\/07\/SSAW-Garden-Hotel-Beijing-5-18x12.webp 18w\" sizes=\"(max-width: 1280px) 100vw, 1280px\" \/>\t\t\t\t\t\t\t\t\t\t\t\t\t\t\t<\/div>\n\t\t\t\t\t<\/div>\n\t\t<\/div>\n\t\t\t\t\t<\/div>\n\t\t<\/section>\n\t\t\t\t<section class=\"elementor-section elementor-top-section elementor-element elementor-element-b8143ba elementor-section-boxed elementor-section-gap-beside-yes elementor-section-height-default elementor-section-height-default elementor-section-column-vertical-align-stretch\" data-id=\"b8143ba\" data-element_type=\"section\" data-e-type=\"section\">\n\t\t\t\t\t\t<div class=\"elementor-container elementor-column-gap-extended\">\n\t\t\t\t\t<div class=\"elementor-column elementor-col-50 elementor-top-column elementor-element elementor-element-d6bf0c7\" data-id=\"d6bf0c7\" data-element_type=\"column\" data-e-type=\"column\">\n\t\t\t<div class=\"elementor-widget-wrap elementor-element-populated\">\n\t\t\t\t\t\t<div class=\"elementor-element elementor-element-7cd42ac elementor-invisible nuss-elementor-loading nuss-slide-in-right elementor-widget elementor-widget-image\" data-id=\"7cd42ac\" data-element_type=\"widget\" data-e-type=\"widget\" data-settings=\"{&quot;_animation&quot;:&quot;nussSlideInRight&quot;}\" data-widget_type=\"image.default\">\n\t\t\t\t\t\t\t\t\t\t\t\t\t\t\t<img decoding=\"async\" width=\"1280\" height=\"853\" src=\"https:\/\/ssawgardenhotelbeijing.com\/wp-content\/uploads\/2025\/07\/SSAW-Garden-Hotel-Beijing-4.webp\" class=\"attachment-full size-full wp-image-5557\" alt=\"\" srcset=\"https:\/\/ssawgardenhotelbeijing.com\/wp-content\/uploads\/2025\/07\/SSAW-Garden-Hotel-Beijing-4.webp 1280w, https:\/\/ssawgardenhotelbeijing.com\/wp-content\/uploads\/2025\/07\/SSAW-Garden-Hotel-Beijing-4-300x200.webp 300w, https:\/\/ssawgardenhotelbeijing.com\/wp-content\/uploads\/2025\/07\/SSAW-Garden-Hotel-Beijing-4-1024x682.webp 1024w, https:\/\/ssawgardenhotelbeijing.com\/wp-content\/uploads\/2025\/07\/SSAW-Garden-Hotel-Beijing-4-768x512.webp 768w, https:\/\/ssawgardenhotelbeijing.com\/wp-content\/uploads\/2025\/07\/SSAW-Garden-Hotel-Beijing-4-18x12.webp 18w\" sizes=\"(max-width: 1280px) 100vw, 1280px\" \/>\t\t\t\t\t\t\t\t\t\t\t\t\t\t\t<\/div>\n\t\t\t\t\t<\/div>\n\t\t<\/div>\n\t\t\t\t<div class=\"elementor-column elementor-col-50 elementor-top-column elementor-element elementor-element-5ff247c\" data-id=\"5ff247c\" data-element_type=\"column\" data-e-type=\"column\">\n\t\t\t<div class=\"elementor-widget-wrap elementor-element-populated\">\n\t\t\t\t\t\t<div class=\"elementor-element elementor-element-39964a3 elementor-invisible elementor-widget elementor-widget-text-editor\" data-id=\"39964a3\" data-element_type=\"widget\" data-e-type=\"widget\" data-settings=\"{&quot;_animation&quot;:&quot;nussFadeInUp&quot;}\" data-widget_type=\"text-editor.default\">\n\t\t\t\t\t\t\t\t\t<p>Outre ses installations d\u00e9di\u00e9es, l&#039;h\u00f4tel offre un environnement propice aux affaires dans ses chambres et suites, dont beaucoup sont con\u00e7ues pour les voyageurs d&#039;affaires. Bureaux spacieux, chaises ergonomiques et acc\u00e8s internet haut d\u00e9bit gratuit cr\u00e9ent un cadre id\u00e9al pour la productivit\u00e9, tandis que l&#039;ambiance sereine des chambres, impr\u00e9gn\u00e9e d&#039;\u00e9l\u00e9ments de d\u00e9coration traditionnelle chinoise, offre un havre de paix apr\u00e8s une journ\u00e9e bien remplie. Les clients peuvent \u00e9galement profiter d&#039;un service d&#039;enregistrement et de d\u00e9part express, garantissant ainsi une interruption minimale de leur emploi du temps.<\/p><p>Le SSAW Garden Hotel Beijing va au-del\u00e0 de la simple fonctionnalit\u00e9 en favorisant une atmosph\u00e8re de connectivit\u00e9 et de collaboration. Son emplacement privil\u00e9gi\u00e9 \u00e0 Dongcheng le place \u00e0 proximit\u00e9 du quartier central des affaires de P\u00e9kin, des bureaux gouvernementaux et des principaux p\u00f4les de transport comme l&#039;a\u00e9roport international de P\u00e9kin et les principales gares ferroviaires. Cette accessibilit\u00e9, combin\u00e9e \u00e0 l&#039;engagement de l&#039;h\u00f4tel envers un service exceptionnel, en fait un choix privil\u00e9gi\u00e9 pour les s\u00e9minaires d&#039;entreprise, les lancements de produits et les \u00e9v\u00e9nements de r\u00e9seautage.<\/p>\t\t\t\t\t\t\t\t<\/div>\n\t\t\t\t\t<\/div>\n\t\t<\/div>\n\t\t\t\t\t<\/div>\n\t\t<\/section>\n\t\t\t\t<section class=\"elementor-section elementor-top-section elementor-element elementor-element-95dff68 elementor-section-boxed elementor-section-gap-beside-yes elementor-section-height-default elementor-section-height-default elementor-section-column-vertical-align-stretch\" data-id=\"95dff68\" data-element_type=\"section\" data-e-type=\"section\">\n\t\t\t\t\t\t<div class=\"elementor-container elementor-column-gap-extended\">\n\t\t\t\t\t<div class=\"elementor-column elementor-col-50 elementor-top-column elementor-element elementor-element-7241c7c\" data-id=\"7241c7c\" data-element_type=\"column\" data-e-type=\"column\">\n\t\t\t<div class=\"elementor-widget-wrap elementor-element-populated\">\n\t\t\t\t\t\t<div class=\"elementor-element elementor-element-9f034f3 elementor-invisible elementor-widget elementor-widget-text-editor\" data-id=\"9f034f3\" data-element_type=\"widget\" data-e-type=\"widget\" data-settings=\"{&quot;_animation&quot;:&quot;nussFadeInUp&quot;}\" data-widget_type=\"text-editor.default\">\n\t\t\t\t\t\t\t\t\t<p>Pour les voyageurs d&#039;affaires souhaitant concilier travail et bien-\u00eatre, l&#039;h\u00f4tel propose des prestations suppl\u00e9mentaires, comme une salle de sport pour se ressourcer apr\u00e8s de longues r\u00e9unions, et des restaurants \u00e9l\u00e9gants o\u00f9 clients et coll\u00e8gues peuvent se divertir avec style. Les restaurants sur place proposent une vari\u00e9t\u00e9 de d\u00e9lices culinaires, des sp\u00e9cialit\u00e9s p\u00e9kinoises authentiques aux plats internationaux, offrant un cadre id\u00e9al pour les d\u00e9jeuners d&#039;affaires ou les discussions informelles autour d&#039;un d\u00eener.<\/p>\t\t\t\t\t\t\t\t<\/div>\n\t\t\t\t\t<\/div>\n\t\t<\/div>\n\t\t\t\t<div class=\"elementor-column elementor-col-50 elementor-top-column elementor-element elementor-element-08ba09f\" data-id=\"08ba09f\" data-element_type=\"column\" data-e-type=\"column\">\n\t\t\t<div class=\"elementor-widget-wrap elementor-element-populated\">\n\t\t\t\t\t\t<div class=\"elementor-element elementor-element-bc39a8c elementor-invisible nuss-elementor-loading nuss-slide-in-left elementor-widget elementor-widget-image\" data-id=\"bc39a8c\" data-element_type=\"widget\" data-e-type=\"widget\" data-settings=\"{&quot;_animation&quot;:&quot;nussSlideInLeft&quot;}\" data-widget_type=\"image.default\">\n\t\t\t\t\t\t\t\t\t\t\t\t\t\t\t<img loading=\"lazy\" decoding=\"async\" width=\"571\" height=\"853\" src=\"https:\/\/ssawgardenhotelbeijing.com\/wp-content\/uploads\/2025\/07\/SSAW-Garden-Hotel-Beijing-3.webp\" class=\"attachment-full size-full wp-image-5556\" alt=\"\" srcset=\"https:\/\/ssawgardenhotelbeijing.com\/wp-content\/uploads\/2025\/07\/SSAW-Garden-Hotel-Beijing-3.webp 571w, https:\/\/ssawgardenhotelbeijing.com\/wp-content\/uploads\/2025\/07\/SSAW-Garden-Hotel-Beijing-3-201x300.webp 201w, https:\/\/ssawgardenhotelbeijing.com\/wp-content\/uploads\/2025\/07\/SSAW-Garden-Hotel-Beijing-3-8x12.webp 8w\" sizes=\"(max-width: 571px) 100vw, 571px\" \/>\t\t\t\t\t\t\t\t\t\t\t\t\t\t\t<\/div>\n\t\t\t\t\t<\/div>\n\t\t<\/div>\n\t\t\t\t\t<\/div>\n\t\t<\/section>\n\t\t<div class=\"elementor-element elementor-element-9ce2786 e-flex e-con-boxed e-con e-parent\" data-id=\"9ce2786\" data-element_type=\"container\" data-e-type=\"container\">\n\t\t\t\t\t<div class=\"e-con-inner\">\n\t\t\t\t<div class=\"elementor-element elementor-element-03dfcbf elementor-widget elementor-widget-text-editor\" data-id=\"03dfcbf\" data-element_type=\"widget\" data-e-type=\"widget\" data-widget_type=\"text-editor.default\">\n\t\t\t\t\t\t\t\t\tLes installations d&#039;affaires du SSAW Garden Hotel Beijing t\u00e9moignent de son engagement envers l&#039;excellence en mati\u00e8re d&#039;hospitalit\u00e9. En alliant technologie de pointe, service personnalis\u00e9 et environnement culturel riche, l&#039;h\u00f4tel garantit \u00e0 chaque voyageur d&#039;affaires un s\u00e9jour non seulement productif, mais aussi m\u00e9morable. Qu&#039;il s&#039;agisse de conclure un accord, de r\u00e9fl\u00e9chir \u00e0 des id\u00e9es innovantes ou de nouer des contacts avec des partenaires internationaux, le SSAW Garden Hotel Beijing offre le cadre id\u00e9al pour r\u00e9ussir dans la dynamique capitale chinoise.\n\n\t\t\t\t\t\t\t\t<\/div>\n\t\t\t\t\t<\/div>\n\t\t\t\t<\/div>\n\t\t\t\t<\/div>","protected":false},"excerpt":{"rendered":"<p>Strategically located near cultural landmarks and bustling commercial hubs, this exquisite hotel is not only a haven for leisure travelers but also a premier destination for business professionals seeking a seamless and productive experience. The hotel\u2019s business facilities are meticulously designed to cater to the diverse needs of corporate guests, offering a perfect fusion of [&hellip;]<\/p>\n","protected":false},"author":1,"featured_media":0,"parent":0,"menu_order":0,"comment_status":"closed","ping_status":"closed","template":"","meta":{"footnotes":""},"class_list":["post-2109","page","type-page","status-publish","hentry","post-no-thumbnail"],"_links":{"self":[{"href":"https:\/\/ssawgardenhotelbeijing.com\/fr\/wp-json\/wp\/v2\/pages\/2109","targetHints":{"allow":["GET"]}}],"collection":[{"href":"https:\/\/ssawgardenhotelbeijing.com\/fr\/wp-json\/wp\/v2\/pages"}],"about":[{"href":"https:\/\/ssawgardenhotelbeijing.com\/fr\/wp-json\/wp\/v2\/types\/page"}],"author":[{"embeddable":true,"href":"https:\/\/ssawgardenhotelbeijing.com\/fr\/wp-json\/wp\/v2\/users\/1"}],"replies":[{"embeddable":true,"href":"https:\/\/ssawgardenhotelbeijing.com\/fr\/wp-json\/wp\/v2\/comments?post=2109"}],"version-history":[{"count":0,"href":"https:\/\/ssawgardenhotelbeijing.com\/fr\/wp-json\/wp\/v2\/pages\/2109\/revisions"}],"wp:attachment":[{"href":"https:\/\/ssawgardenhotelbeijing.com\/fr\/wp-json\/wp\/v2\/media?parent=2109"}],"curies":[{"name":"wp","href":"https:\/\/api.w.org\/{rel}","templated":true}]}}