{"id":612,"date":"2021-03-26T10:04:13","date_gmt":"2021-03-26T10:04:13","guid":{"rendered":"http:\/\/localhost\/nuss\/?page_id=612"},"modified":"2025-12-04T11:24:49","modified_gmt":"2025-12-04T11:24:49","slug":"restaurant","status":"publish","type":"page","link":"https:\/\/ssawgardenhotelbeijing.com\/fr\/restaurant\/","title":{"rendered":"Restaurant"},"content":{"rendered":"<div data-elementor-type=\"wp-page\" data-elementor-id=\"612\" class=\"elementor elementor-612\">\n\t\t\t\t\t\t<section class=\"elementor-section elementor-top-section elementor-element elementor-element-e2effe8 elementor-section-boxed elementor-section-gap-beside-yes elementor-section-height-default elementor-section-height-default elementor-section-column-vertical-align-stretch\" data-id=\"e2effe8\" data-element_type=\"section\" data-e-type=\"section\">\n\t\t\t\t\t\t<div class=\"elementor-container elementor-column-gap-extended\">\n\t\t\t\t\t<div class=\"elementor-column elementor-col-100 elementor-top-column elementor-element elementor-element-e18f688\" data-id=\"e18f688\" data-element_type=\"column\" data-e-type=\"column\">\n\t\t\t<div class=\"elementor-widget-wrap elementor-element-populated\">\n\t\t\t\t\t\t<div class=\"elementor-element elementor-element-6db146d elementor-widget__width-initial elementor-invisible elementor-widget elementor-widget-text-editor\" data-id=\"6db146d\" data-element_type=\"widget\" data-e-type=\"widget\" data-settings=\"{&quot;_animation&quot;:&quot;nussFadeInUp&quot;}\" data-widget_type=\"text-editor.default\">\n\t\t\t\t\t\t\t\t\t<p><strong data-spm-anchor-id=\"a2ty_o01.29997173.0.i25.509dc921R3GeRF\">Savourez l&#039;essence de la tradition et de l&#039;innovation au restaurant Garden \u2013 SSAW Garden Hotel Beijing <\/strong><\/p>\t\t\t\t\t\t\t\t<\/div>\n\t\t\t\t\t<\/div>\n\t\t<\/div>\n\t\t\t\t\t<\/div>\n\t\t<\/section>\n\t\t<div class=\"elementor-element elementor-element-9eb47b5 e-flex e-con-boxed e-con e-parent\" data-id=\"9eb47b5\" data-element_type=\"container\" data-e-type=\"container\">\n\t\t\t\t\t<div class=\"e-con-inner\">\n\t\t<div class=\"elementor-element elementor-element-5bda012 e-con-full e-flex e-con e-child\" data-id=\"5bda012\" data-element_type=\"container\" data-e-type=\"container\">\n\t\t\t\t<div class=\"elementor-element elementor-element-53a4b91 elementor-widget elementor-widget-text-editor\" data-id=\"53a4b91\" data-element_type=\"widget\" data-e-type=\"widget\" data-widget_type=\"text-editor.default\">\n\t\t\t\t\t\t\t\t\t<p data-spm-anchor-id=\"a2ty_o01.29997173.0.i28.509dc921R3GeRF\">Nich\u00e9 dans le c\u0153ur historique du quartier de Dongcheng \u00e0 P\u00e9kin, \u00e0 quelques pas des anciens hutongs mais \u00e0 quelques minutes du rythme moderne de la ville, se trouve un joyau culinaire qui red\u00e9finit la gastronomie dans la capitale \u2014 <strong>Restaurant du jardin <\/strong>, situ\u00e9 dans l&#039;\u00e9treinte sereine de <strong>H\u00f4tel SSAW Garden P\u00e9kin <\/strong> \u00e0 <strong>N\u00b05 Beixinqiao Santiao <\/strong>.<\/p><p>Plus qu&#039;un simple restaurant, le Garden Restaurant est un voyage immersif \u00e0 travers les saveurs, les textures et les ar\u00f4mes qui caract\u00e9risent la cuisine chinoise authentique, pr\u00e9sent\u00e9e avec art et une touche contemporaine. Con\u00e7u pour refl\u00e9ter l&#039;harmonie entre nature et gastronomie, notre espace de restauration allie harmonieusement \u00e9l\u00e9gance architecturale traditionnelle et sophistication moderne. Entour\u00e9 d&#039;une v\u00e9g\u00e9tation luxuriante, de points d&#039;eau paisibles et d&#039;une lumi\u00e8re naturelle filtrant \u00e0 travers des fen\u00eatres \u00e0 croisillons traditionnelles, chaque repas devient une exp\u00e9rience sensorielle empreinte de s\u00e9r\u00e9nit\u00e9.<\/p>\t\t\t\t\t\t\t\t<\/div>\n\t\t\t\t<\/div>\n\t\t<div class=\"elementor-element elementor-element-0b654f7 e-con-full e-flex e-con e-child\" data-id=\"0b654f7\" data-element_type=\"container\" data-e-type=\"container\">\n\t\t\t\t<div class=\"elementor-element elementor-element-38098ca elementor-widget elementor-widget-image\" data-id=\"38098ca\" data-element_type=\"widget\" data-e-type=\"widget\" data-widget_type=\"image.default\">\n\t\t\t\t\t\t\t\t\t\t\t\t\t\t\t<img fetchpriority=\"high\" decoding=\"async\" width=\"637\" height=\"853\" src=\"https:\/\/ssawgardenhotelbeijing.com\/wp-content\/uploads\/2025\/07\/SSAW-Garden-Hotel-Beijing-11.webp\" class=\"attachment-large size-large wp-image-5564\" alt=\"\" srcset=\"https:\/\/ssawgardenhotelbeijing.com\/wp-content\/uploads\/2025\/07\/SSAW-Garden-Hotel-Beijing-11.webp 637w, https:\/\/ssawgardenhotelbeijing.com\/wp-content\/uploads\/2025\/07\/SSAW-Garden-Hotel-Beijing-11-224x300.webp 224w, https:\/\/ssawgardenhotelbeijing.com\/wp-content\/uploads\/2025\/07\/SSAW-Garden-Hotel-Beijing-11-9x12.webp 9w\" sizes=\"(max-width: 637px) 100vw, 637px\" \/>\t\t\t\t\t\t\t\t\t\t\t\t\t\t\t<\/div>\n\t\t\t\t<\/div>\n\t\t\t\t\t<\/div>\n\t\t\t\t<\/div>\n\t\t<div class=\"elementor-element elementor-element-f81fe42 e-flex e-con-boxed e-con e-parent\" data-id=\"f81fe42\" data-element_type=\"container\" data-e-type=\"container\">\n\t\t\t\t\t<div class=\"e-con-inner\">\n\t\t<div class=\"elementor-element elementor-element-00e373d e-con-full e-flex e-con e-child\" data-id=\"00e373d\" data-element_type=\"container\" data-e-type=\"container\">\n\t\t\t\t<div class=\"elementor-element elementor-element-af07eee elementor-widget elementor-widget-image\" data-id=\"af07eee\" data-element_type=\"widget\" data-e-type=\"widget\" data-widget_type=\"image.default\">\n\t\t\t\t\t\t\t\t\t\t\t\t\t\t\t<img decoding=\"async\" width=\"1024\" height=\"682\" src=\"https:\/\/ssawgardenhotelbeijing.com\/wp-content\/uploads\/2025\/07\/SSAW-Garden-Hotel-Beijing-35-1024x682.webp\" class=\"attachment-large size-large wp-image-5588\" alt=\"\" srcset=\"https:\/\/ssawgardenhotelbeijing.com\/wp-content\/uploads\/2025\/07\/SSAW-Garden-Hotel-Beijing-35-1024x682.webp 1024w, https:\/\/ssawgardenhotelbeijing.com\/wp-content\/uploads\/2025\/07\/SSAW-Garden-Hotel-Beijing-35-300x200.webp 300w, https:\/\/ssawgardenhotelbeijing.com\/wp-content\/uploads\/2025\/07\/SSAW-Garden-Hotel-Beijing-35-768x512.webp 768w, https:\/\/ssawgardenhotelbeijing.com\/wp-content\/uploads\/2025\/07\/SSAW-Garden-Hotel-Beijing-35-18x12.webp 18w, https:\/\/ssawgardenhotelbeijing.com\/wp-content\/uploads\/2025\/07\/SSAW-Garden-Hotel-Beijing-35.webp 1280w\" sizes=\"(max-width: 1024px) 100vw, 1024px\" \/>\t\t\t\t\t\t\t\t\t\t\t\t\t\t\t<\/div>\n\t\t\t\t<\/div>\n\t\t<div class=\"elementor-element elementor-element-f102e55 e-con-full e-flex e-con e-child\" data-id=\"f102e55\" data-element_type=\"container\" data-e-type=\"container\">\n\t\t\t\t<div class=\"elementor-element elementor-element-1cf6c9f elementor-widget elementor-widget-text-editor\" data-id=\"1cf6c9f\" data-element_type=\"widget\" data-e-type=\"widget\" data-widget_type=\"text-editor.default\">\n\t\t\t\t\t\t\t\t\t<p data-spm-anchor-id=\"a2ty_o01.29997173.0.i26.509dc921R3GeRF\">Au c\u0153ur de notre philosophie se trouve un profond respect du patrimoine\u00a0: nous nous inspirons de recettes ancestrales transmises de g\u00e9n\u00e9ration en g\u00e9n\u00e9ration, tout en privil\u00e9giant l&#039;innovation gr\u00e2ce \u00e0 des ingr\u00e9dients de saison et des techniques modernes. Notre menu c\u00e9l\u00e8bre les sp\u00e9cialit\u00e9s r\u00e9gionales chinoises, avec une attention particuli\u00e8re port\u00e9e aux produits locaux. <strong>Classiques \u00e0 la p\u00e9kinoise <\/strong>, <strong>La cuisine de Huaiyang <\/strong>et des plats soigneusement s\u00e9lectionn\u00e9s, issus de la diversit\u00e9 culinaire chinoise. Qu&#039;il s&#039;agisse de notre canard laqu\u00e9 effiloch\u00e9 \u00e0 la main et d\u00e9coup\u00e9 \u00e0 la table, de notre poitrine de porc mijot\u00e9e et infus\u00e9e d&#039;\u00e9pices secr\u00e8tes, ou de d\u00e9licats dim sum pr\u00e9par\u00e9s avec pr\u00e9cision, chaque plat raconte une histoire de culture, de savoir-faire et de soin.<\/p><p data-spm-anchor-id=\"a2ty_o01.29997173.0.i29.509dc921R3GeRF\">Notre \u00e9quipe de chefs experts met \u00e0 profit des d\u00e9cennies d&#039;exp\u00e9rience et de passion en cuisine, garantissant que chaque plat servi est non seulement d\u00e9licieux, mais aussi visuellement \u00e9poustouflant. Accompagn\u00e9 d&#039;une s\u00e9lection soign\u00e9e de th\u00e9s chinois haut de gamme, de vins de prestige et de cocktails signature inspir\u00e9s des plantes locales, votre exp\u00e9rience culinaire au Garden Restaurant promet d&#039;\u00eatre tout simplement extraordinaire.<\/p>\t\t\t\t\t\t\t\t<\/div>\n\t\t\t\t<\/div>\n\t\t\t\t\t<\/div>\n\t\t\t\t<\/div>\n\t\t<div class=\"elementor-element elementor-element-f1f84ff e-flex e-con-boxed e-con e-parent\" data-id=\"f1f84ff\" data-element_type=\"container\" data-e-type=\"container\">\n\t\t\t\t\t<div class=\"e-con-inner\">\n\t\t<div class=\"elementor-element elementor-element-dff343f e-con-full e-flex e-con e-child\" data-id=\"dff343f\" data-element_type=\"container\" data-e-type=\"container\">\n\t\t\t\t<div class=\"elementor-element elementor-element-fcff74f elementor-widget elementor-widget-text-editor\" data-id=\"fcff74f\" data-element_type=\"widget\" data-e-type=\"widget\" data-widget_type=\"text-editor.default\">\n\t\t\t\t\t\t\t\t\t<p data-spm-anchor-id=\"a2ty_o01.29997173.0.i31.509dc921R3GeRF\">Mais au-del\u00e0 de la cuisine, c&#039;est l&#039;atmosph\u00e8re qui nous distingue v\u00e9ritablement\u00a0: un m\u00e9lange rare d&#039;intimit\u00e9 et de grandeur, o\u00f9 voyageurs et habitants peuvent se d\u00e9tendre, c\u00e9l\u00e9brer ou simplement savourer un moment de calme au c\u0153ur de l&#039;effervescence p\u00e9kinoise. Que vous veniez pour le petit-d\u00e9jeuner, le d\u00e9jeuner ou le d\u00eener, chaque visite est une nouvelle occasion de d\u00e9couvrir l&#039;\u00e2me de l&#039;hospitalit\u00e9 chinoise dans l&#039;un des cadres les plus enchanteurs de la ville.<\/p><p data-spm-anchor-id=\"a2ty_o01.29997173.0.i32.509dc921R3GeRF\">Dans le cadre de <strong>H\u00f4tel SSAW Garden P\u00e9kin <\/strong>Le restaurant Garden incarne les valeurs de l&#039;h\u00f4tel <strong data-spm-anchor-id=\"a2ty_o01.29997173.0.i30.509dc921R3GeRF\">s\u00e9r\u00e9nit\u00e9, sophistication, authenticit\u00e9 et chaleur <\/strong> \u2014 cr\u00e9er un espace o\u00f9 les invit\u00e9s ne se contentent pas de manger, ils se connectent, se d\u00e9tendent et font partie de notre histoire en \u00e9volution.<\/p>\t\t\t\t\t\t\t\t<\/div>\n\t\t\t\t<\/div>\n\t\t<div class=\"elementor-element elementor-element-f143b08 e-con-full e-flex e-con e-child\" data-id=\"f143b08\" data-element_type=\"container\" data-e-type=\"container\">\n\t\t\t\t<div class=\"elementor-element elementor-element-d4ef422 elementor-widget elementor-widget-image\" data-id=\"d4ef422\" data-element_type=\"widget\" data-e-type=\"widget\" data-widget_type=\"image.default\">\n\t\t\t\t\t\t\t\t\t\t\t\t\t\t\t<img decoding=\"async\" width=\"1024\" height=\"683\" src=\"https:\/\/ssawgardenhotelbeijing.com\/wp-content\/uploads\/2025\/07\/SSAW-Garden-Hotel-Beijing-29.jpg\" class=\"attachment-large size-large wp-image-5447\" alt=\"\" srcset=\"https:\/\/ssawgardenhotelbeijing.com\/wp-content\/uploads\/2025\/07\/SSAW-Garden-Hotel-Beijing-29.jpg 1024w, https:\/\/ssawgardenhotelbeijing.com\/wp-content\/uploads\/2025\/07\/SSAW-Garden-Hotel-Beijing-29-300x200.jpg 300w, https:\/\/ssawgardenhotelbeijing.com\/wp-content\/uploads\/2025\/07\/SSAW-Garden-Hotel-Beijing-29-768x512.jpg 768w\" sizes=\"(max-width: 1024px) 100vw, 1024px\" \/>\t\t\t\t\t\t\t\t\t\t\t\t\t\t\t<\/div>\n\t\t\t\t<\/div>\n\t\t\t\t\t<\/div>\n\t\t\t\t<\/div>\n\t\t<div class=\"elementor-element elementor-element-d2061a8 e-flex e-con-boxed e-con e-parent\" data-id=\"d2061a8\" data-element_type=\"container\" data-e-type=\"container\">\n\t\t\t\t\t<div class=\"e-con-inner\">\n\t\t\t\t<div class=\"elementor-element elementor-element-72030fd elementor-widget elementor-widget-text-editor\" data-id=\"72030fd\" data-element_type=\"widget\" data-e-type=\"widget\" data-widget_type=\"text-editor.default\">\n\t\t\t\t\t\t\t\t\t<p data-spm-anchor-id=\"a2ty_o01.29997173.0.i33.509dc921R3GeRF\">Que vous soyez un amateur de cuisine exigeant, un voyageur curieux ou un local en qu\u00eate d&#039;une escapade raffin\u00e9e, nous vous invitons \u00e0 d\u00e9couvrir un repas pas comme les autres, o\u00f9 la tradition rencontre l&#039;innovation et o\u00f9 chaque bouch\u00e9e porte l&#039;esprit de P\u00e9kin.<\/p><p data-spm-anchor-id=\"a2ty_o01.29997173.0.i34.509dc921R3GeRF\">Venez, r\u00e9galez vos sens. C&#039;est bien plus qu&#039;un simple repas, c&#039;est <strong>Restaurant du jardin <\/strong> \u00e0 <strong>H\u00f4tel SSAW Garden P\u00e9kin <\/strong>.<\/p>\t\t\t\t\t\t\t\t<\/div>\n\t\t\t\t\t<\/div>\n\t\t\t\t<\/div>\n\t\t\t\t<\/div>","protected":false},"excerpt":{"rendered":"<p>Savor the Essence of Tradition and Innovation at Garden Restaurant \u2013 SSAW Garden Hotel Beijing Tucked away in the historic heart of Beijing\u2019s Dongcheng District, just steps from the ancient hutongs yet moments from the city\u2019s modern pulse, lies a culinary gem that redefines fine dining in the capital \u2014 Garden Restaurant , located within [&hellip;]<\/p>\n","protected":false},"author":1,"featured_media":0,"parent":0,"menu_order":0,"comment_status":"closed","ping_status":"closed","template":"","meta":{"footnotes":""},"class_list":["post-612","page","type-page","status-publish","hentry","post-no-thumbnail"],"_links":{"self":[{"href":"https:\/\/ssawgardenhotelbeijing.com\/fr\/wp-json\/wp\/v2\/pages\/612","targetHints":{"allow":["GET"]}}],"collection":[{"href":"https:\/\/ssawgardenhotelbeijing.com\/fr\/wp-json\/wp\/v2\/pages"}],"about":[{"href":"https:\/\/ssawgardenhotelbeijing.com\/fr\/wp-json\/wp\/v2\/types\/page"}],"author":[{"embeddable":true,"href":"https:\/\/ssawgardenhotelbeijing.com\/fr\/wp-json\/wp\/v2\/users\/1"}],"replies":[{"embeddable":true,"href":"https:\/\/ssawgardenhotelbeijing.com\/fr\/wp-json\/wp\/v2\/comments?post=612"}],"version-history":[{"count":0,"href":"https:\/\/ssawgardenhotelbeijing.com\/fr\/wp-json\/wp\/v2\/pages\/612\/revisions"}],"wp:attachment":[{"href":"https:\/\/ssawgardenhotelbeijing.com\/fr\/wp-json\/wp\/v2\/media?parent=612"}],"curies":[{"name":"wp","href":"https:\/\/api.w.org\/{rel}","templated":true}]}}