{"id":647,"date":"2021-03-29T02:13:52","date_gmt":"2021-03-29T02:13:52","guid":{"rendered":"http:\/\/localhost\/nuss\/?page_id=647"},"modified":"2025-12-04T11:24:57","modified_gmt":"2025-12-04T11:24:57","slug":"services","status":"publish","type":"page","link":"https:\/\/ssawgardenhotelbeijing.com\/fr\/services\/","title":{"rendered":"Services"},"content":{"rendered":"<div data-elementor-type=\"wp-page\" data-elementor-id=\"647\" class=\"elementor elementor-647\">\n\t\t\t\t\t\t<section class=\"elementor-section elementor-top-section elementor-element elementor-element-3353bc8 elementor-section-boxed elementor-section-gap-beside-yes elementor-section-height-default elementor-section-height-default elementor-section-column-vertical-align-stretch\" data-id=\"3353bc8\" data-element_type=\"section\" data-e-type=\"section\">\n\t\t\t\t\t\t<div class=\"elementor-container elementor-column-gap-extended\">\n\t\t\t\t\t<div class=\"elementor-column elementor-col-100 elementor-top-column elementor-element elementor-element-0a2bc64\" data-id=\"0a2bc64\" data-element_type=\"column\" data-e-type=\"column\">\n\t\t\t<div class=\"elementor-widget-wrap elementor-element-populated\">\n\t\t\t\t\t\t<div class=\"elementor-element elementor-element-447e3ef elementor-widget__width-initial elementor-invisible elementor-widget elementor-widget-text-editor\" data-id=\"447e3ef\" data-element_type=\"widget\" data-e-type=\"widget\" data-settings=\"{&quot;_animation&quot;:&quot;nussFadeInUp&quot;}\" data-widget_type=\"text-editor.default\">\n\t\t\t\t\t\t\t\t\t<p>Nich\u00e9 au c\u0153ur du district de Dongcheng, au 5 Beixinqiao Santiao, le SSAW Garden Hotel Beijing est une oasis urbaine qui red\u00e9finit l&#039;hospitalit\u00e9 gr\u00e2ce \u00e0 ses services soigneusement s\u00e9lectionn\u00e9s. Notre philosophie est de cr\u00e9er des exp\u00e9riences m\u00e9morables alliant confort contemporain et attention personnalis\u00e9e, le tout dans un havre de paix inspir\u00e9 par un jardin.<\/p>\t\t\t\t\t\t\t\t<\/div>\n\t\t\t\t\t<\/div>\n\t\t<\/div>\n\t\t\t\t\t<\/div>\n\t\t<\/section>\n\t\t\t\t<section class=\"elementor-section elementor-top-section elementor-element elementor-element-eb870d9 elementor-section-boxed elementor-section-gap-beside-yes elementor-section-height-default elementor-section-height-default elementor-section-column-vertical-align-stretch\" data-id=\"eb870d9\" data-element_type=\"section\" data-e-type=\"section\">\n\t\t\t\t\t\t<div class=\"elementor-container elementor-column-gap-extended\">\n\t\t\t\t\t<div class=\"elementor-column elementor-col-50 elementor-top-column elementor-element elementor-element-2f5d206\" data-id=\"2f5d206\" data-element_type=\"column\" data-e-type=\"column\">\n\t\t\t<div class=\"elementor-widget-wrap elementor-element-populated\">\n\t\t\t\t\t\t<div class=\"elementor-element elementor-element-a0de317 elementor-invisible nuss-elementor-loading nuss-slide-in-right elementor-widget elementor-widget-image\" data-id=\"a0de317\" data-element_type=\"widget\" data-e-type=\"widget\" data-settings=\"{&quot;_animation&quot;:&quot;nussSlideInRight&quot;}\" data-widget_type=\"image.default\">\n\t\t\t\t\t\t\t\t\t\t\t\t\t\t\t<img fetchpriority=\"high\" decoding=\"async\" width=\"1024\" height=\"683\" src=\"https:\/\/ssawgardenhotelbeijing.com\/wp-content\/uploads\/2025\/07\/SSAW-Garden-Hotel-Beijing-33.jpg\" class=\"attachment-full size-full wp-image-5485\" alt=\"\" srcset=\"https:\/\/ssawgardenhotelbeijing.com\/wp-content\/uploads\/2025\/07\/SSAW-Garden-Hotel-Beijing-33.jpg 1024w, https:\/\/ssawgardenhotelbeijing.com\/wp-content\/uploads\/2025\/07\/SSAW-Garden-Hotel-Beijing-33-300x200.jpg 300w, https:\/\/ssawgardenhotelbeijing.com\/wp-content\/uploads\/2025\/07\/SSAW-Garden-Hotel-Beijing-33-768x512.jpg 768w\" sizes=\"(max-width: 1024px) 100vw, 1024px\" \/>\t\t\t\t\t\t\t\t\t\t\t\t\t\t\t<\/div>\n\t\t\t\t\t<\/div>\n\t\t<\/div>\n\t\t\t\t<div class=\"elementor-column elementor-col-50 elementor-top-column elementor-element elementor-element-36be69e\" data-id=\"36be69e\" data-element_type=\"column\" data-e-type=\"column\">\n\t\t\t<div class=\"elementor-widget-wrap elementor-element-populated\">\n\t\t\t\t\t\t<div class=\"elementor-element elementor-element-aa4c247 elementor-invisible elementor-widget elementor-widget-nuss-heading\" data-id=\"aa4c247\" data-element_type=\"widget\" data-e-type=\"widget\" data-settings=\"{&quot;_animation&quot;:&quot;nussFadeInUp&quot;}\" data-widget_type=\"nuss-heading.default\">\n\t\t\t\t<div class=\"elementor-widget-container\">\n\t\t\t\t\t\t\t<div class=\"nuss-modern-heading\">\r\n\t\t\t\r\n\t\t\t\t\t\t<div class=\"heading-primary-wrap\">\r\n\t\t\t\t<p class=\"heading-primary elementor-heading-title\">1. Services d&#039;h\u00e9bergement : <\/p>\t\t\t<\/div>\r\n\t\t\r\n\t\t\t\t\t\t<div class=\"heading-divider-wrap\">\r\n\t\t\t\t<div class=\"heading-divider\" style=\"left: 0px;top: 11px\"><\/div>\r\n\t\t\t<\/div>\r\n\t\r\n\t\t\t\t\t<\/div>\r\n\t\t\t\t\t<\/div>\n\t\t\t\t<\/div>\n\t\t\t\t<div class=\"elementor-element elementor-element-157da33 elementor-invisible elementor-widget elementor-widget-heading\" data-id=\"157da33\" data-element_type=\"widget\" data-e-type=\"widget\" data-settings=\"{&quot;_animation&quot;:&quot;nussFadeInUp&quot;}\" data-widget_type=\"heading.default\">\n\t\t\t\t\t<h3 class=\"elementor-heading-title elementor-size-default\">Votre sanctuaire dans la ville\n<\/h3>\t\t\t\t<\/div>\n\t\t\t\t<div class=\"elementor-element elementor-element-a5c4fb7 elementor-invisible elementor-widget elementor-widget-text-editor\" data-id=\"a5c4fb7\" data-element_type=\"widget\" data-e-type=\"widget\" data-settings=\"{&quot;_animation&quot;:&quot;nussFadeInUp&quot;}\" data-widget_type=\"text-editor.default\">\n\t\t\t\t\t\t\t\t\t<p>Chaque chambre et suite du SSAW Garden Hotel est con\u00e7ue pour allier esth\u00e9tique moderne et tranquillit\u00e9 naturelle. Nos services comprennent\u00a0:<\/p><ul><li><strong>Literie de luxe et exp\u00e9rience de sommeil personnalis\u00e9e<\/strong>:Des matelas haut de gamme, des draps \u00e0 nombre de fils \u00e9lev\u00e9 et un menu d&#039;oreillers garantissent un sommeil r\u00e9parateur.<\/li><li><strong>Commandes de pi\u00e8ce intelligentes<\/strong>:R\u00e9glez l&#039;\u00e9clairage, la temp\u00e9rature et le divertissement via des tablettes intuitives dans la chambre.<\/li><li><strong>Service de majordome 24h\/24<\/strong>:Du d\u00e9ballage des bagages \u00e0 l&#039;organisation de surprises, nos majordomes discrets r\u00e9pondent \u00e0 tous les besoins.<\/li><\/ul>\t\t\t\t\t\t\t\t<\/div>\n\t\t\t\t\t<\/div>\n\t\t<\/div>\n\t\t\t\t\t<\/div>\n\t\t<\/section>\n\t\t\t\t<section class=\"elementor-section elementor-top-section elementor-element elementor-element-30e46d3 elementor-section-boxed elementor-section-gap-beside-yes elementor-section-height-default elementor-section-height-default elementor-section-column-vertical-align-stretch\" data-id=\"30e46d3\" data-element_type=\"section\" data-e-type=\"section\">\n\t\t\t\t\t\t<div class=\"elementor-container elementor-column-gap-extended\">\n\t\t\t\t\t<div class=\"elementor-column elementor-col-50 elementor-top-column elementor-element elementor-element-5100fae\" data-id=\"5100fae\" data-element_type=\"column\" data-e-type=\"column\">\n\t\t\t<div class=\"elementor-widget-wrap elementor-element-populated\">\n\t\t\t\t\t\t<div class=\"elementor-element elementor-element-97e0b89 elementor-invisible elementor-widget elementor-widget-nuss-heading\" data-id=\"97e0b89\" data-element_type=\"widget\" data-e-type=\"widget\" data-settings=\"{&quot;_animation&quot;:&quot;nussFadeInUp&quot;}\" data-widget_type=\"nuss-heading.default\">\n\t\t\t\t<div class=\"elementor-widget-container\">\n\t\t\t\t\t\t\t<div class=\"nuss-modern-heading\">\r\n\t\t\t\r\n\t\t\t\t\t\t<div class=\"heading-primary-wrap\">\r\n\t\t\t\t<p class=\"heading-primary elementor-heading-title\">2. Excellence culinaire<\/p>\t\t\t<\/div>\r\n\t\t\r\n\t\t\t\t\t\t<div class=\"heading-divider-wrap\">\r\n\t\t\t\t<div class=\"heading-divider\" style=\"left: 0px;top: 11px\"><\/div>\r\n\t\t\t<\/div>\r\n\t\r\n\t\t\t\t\t<\/div>\r\n\t\t\t\t\t<\/div>\n\t\t\t\t<\/div>\n\t\t\t\t<div class=\"elementor-element elementor-element-e6d67a7 elementor-invisible elementor-widget elementor-widget-heading\" data-id=\"e6d67a7\" data-element_type=\"widget\" data-e-type=\"widget\" data-settings=\"{&quot;_animation&quot;:&quot;nussFadeInUp&quot;}\" data-widget_type=\"heading.default\">\n\t\t\t\t\t<h3 class=\"elementor-heading-title elementor-size-default\">Un voyage pour les sens<\/h3>\t\t\t\t<\/div>\n\t\t\t\t<div class=\"elementor-element elementor-element-5b35b86 elementor-invisible elementor-widget elementor-widget-text-editor\" data-id=\"5b35b86\" data-element_type=\"widget\" data-e-type=\"widget\" data-settings=\"{&quot;_animation&quot;:&quot;nussFadeInUp&quot;}\" data-widget_type=\"text-editor.default\">\n\t\t\t\t\t\t\t\t\t<p>D\u00eener au SSAW Garden Hotel est une exploration des saveurs, avec :<\/p><ul><li><strong>Le restaurant Le Verger<\/strong>:Un concept de la ferme \u00e0 la table proposant des buffets de petit-d\u00e9jeuner biologiques et une cuisine fusion chinoise-occidentale de saison.<\/li><li><strong>Salon du jardin secret<\/strong>:Un cadre en plein air o\u00f9 des cocktails artisanaux sont associ\u00e9s \u00e0 des tapas s\u00e9lectionn\u00e9es au milieu d&#039;une v\u00e9g\u00e9tation luxuriante.<\/li><li><strong>Salle \u00e0 manger priv\u00e9e et table du chef<\/strong>:Menus exclusifs adapt\u00e9s aux pr\u00e9f\u00e9rences alimentaires, avec accords mets et vins par notre sommelier.<\/li><\/ul>\t\t\t\t\t\t\t\t<\/div>\n\t\t\t\t\t<\/div>\n\t\t<\/div>\n\t\t\t\t<div class=\"elementor-column elementor-col-50 elementor-top-column elementor-element elementor-element-79980b6\" data-id=\"79980b6\" data-element_type=\"column\" data-e-type=\"column\">\n\t\t\t<div class=\"elementor-widget-wrap elementor-element-populated\">\n\t\t\t\t\t\t<div class=\"elementor-element elementor-element-59c2d22 elementor-invisible nuss-elementor-loading nuss-slide-in-left elementor-widget elementor-widget-image\" data-id=\"59c2d22\" data-element_type=\"widget\" data-e-type=\"widget\" data-settings=\"{&quot;_animation&quot;:&quot;nussSlideInLeft&quot;}\" data-widget_type=\"image.default\">\n\t\t\t\t\t\t\t\t\t\t\t\t\t\t\t<img decoding=\"async\" width=\"1024\" height=\"683\" src=\"https:\/\/ssawgardenhotelbeijing.com\/wp-content\/uploads\/2025\/07\/SSAW-Garden-Hotel-Beijing-31.jpg\" class=\"attachment-full size-full wp-image-5448\" alt=\"\" srcset=\"https:\/\/ssawgardenhotelbeijing.com\/wp-content\/uploads\/2025\/07\/SSAW-Garden-Hotel-Beijing-31.jpg 1024w, https:\/\/ssawgardenhotelbeijing.com\/wp-content\/uploads\/2025\/07\/SSAW-Garden-Hotel-Beijing-31-300x200.jpg 300w, https:\/\/ssawgardenhotelbeijing.com\/wp-content\/uploads\/2025\/07\/SSAW-Garden-Hotel-Beijing-31-768x512.jpg 768w\" sizes=\"(max-width: 1024px) 100vw, 1024px\" \/>\t\t\t\t\t\t\t\t\t\t\t\t\t\t\t<\/div>\n\t\t\t\t\t<\/div>\n\t\t<\/div>\n\t\t\t\t\t<\/div>\n\t\t<\/section>\n\t\t\t\t<section class=\"elementor-section elementor-top-section elementor-element elementor-element-57e1072 elementor-section-boxed elementor-section-gap-beside-yes elementor-section-height-default elementor-section-height-default elementor-section-column-vertical-align-stretch\" data-id=\"57e1072\" data-element_type=\"section\" data-e-type=\"section\">\n\t\t\t\t\t\t<div class=\"elementor-container elementor-column-gap-extended\">\n\t\t\t\t\t<div class=\"elementor-column elementor-col-50 elementor-top-column elementor-element elementor-element-ae65b33\" data-id=\"ae65b33\" data-element_type=\"column\" data-e-type=\"column\">\n\t\t\t<div class=\"elementor-widget-wrap elementor-element-populated\">\n\t\t\t\t\t\t<div class=\"elementor-element elementor-element-3a0dcad elementor-invisible nuss-elementor-loading nuss-slide-in-right elementor-widget elementor-widget-image\" data-id=\"3a0dcad\" data-element_type=\"widget\" data-e-type=\"widget\" data-settings=\"{&quot;_animation&quot;:&quot;nussSlideInRight&quot;}\" data-widget_type=\"image.default\">\n\t\t\t\t\t\t\t\t\t\t\t\t\t\t\t<img decoding=\"async\" width=\"1024\" height=\"683\" src=\"https:\/\/ssawgardenhotelbeijing.com\/wp-content\/uploads\/2025\/07\/SSAW-Garden-Hotel-Beijing-1.jpg\" class=\"attachment-full size-full wp-image-5449\" alt=\"\" srcset=\"https:\/\/ssawgardenhotelbeijing.com\/wp-content\/uploads\/2025\/07\/SSAW-Garden-Hotel-Beijing-1.jpg 1024w, https:\/\/ssawgardenhotelbeijing.com\/wp-content\/uploads\/2025\/07\/SSAW-Garden-Hotel-Beijing-1-300x200.jpg 300w, https:\/\/ssawgardenhotelbeijing.com\/wp-content\/uploads\/2025\/07\/SSAW-Garden-Hotel-Beijing-1-768x512.jpg 768w\" sizes=\"(max-width: 1024px) 100vw, 1024px\" \/>\t\t\t\t\t\t\t\t\t\t\t\t\t\t\t<\/div>\n\t\t\t\t\t<\/div>\n\t\t<\/div>\n\t\t\t\t<div class=\"elementor-column elementor-col-50 elementor-top-column elementor-element elementor-element-ecff995\" data-id=\"ecff995\" data-element_type=\"column\" data-e-type=\"column\">\n\t\t\t<div class=\"elementor-widget-wrap elementor-element-populated\">\n\t\t\t\t\t\t<div class=\"elementor-element elementor-element-6fdffe5 elementor-invisible elementor-widget elementor-widget-nuss-heading\" data-id=\"6fdffe5\" data-element_type=\"widget\" data-e-type=\"widget\" data-settings=\"{&quot;_animation&quot;:&quot;nussFadeInUp&quot;}\" data-widget_type=\"nuss-heading.default\">\n\t\t\t\t<div class=\"elementor-widget-container\">\n\t\t\t\t\t\t\t<div class=\"nuss-modern-heading\">\r\n\t\t\t\r\n\t\t\t\t\t\t<div class=\"heading-primary-wrap\">\r\n\t\t\t\t<p class=\"heading-primary elementor-heading-title\">3. Bien-\u00eatre et loisirs<\/p>\t\t\t<\/div>\r\n\t\t\r\n\t\t\t\t\t\t<div class=\"heading-divider-wrap\">\r\n\t\t\t\t<div class=\"heading-divider\" style=\"left: 0px;top: 11px\"><\/div>\r\n\t\t\t<\/div>\r\n\t\r\n\t\t\t\t\t<\/div>\r\n\t\t\t\t\t<\/div>\n\t\t\t\t<\/div>\n\t\t\t\t<div class=\"elementor-element elementor-element-d2e16ee elementor-invisible elementor-widget elementor-widget-heading\" data-id=\"d2e16ee\" data-element_type=\"widget\" data-e-type=\"widget\" data-settings=\"{&quot;_animation&quot;:&quot;nussFadeInUp&quot;}\" data-widget_type=\"heading.default\">\n\t\t\t\t\t<h3 class=\"elementor-heading-title elementor-size-default\">Revitaliser l&#039;esprit et le corps<\/h3>\t\t\t\t<\/div>\n\t\t\t\t<div class=\"elementor-element elementor-element-4543a9b elementor-invisible elementor-widget elementor-widget-text-editor\" data-id=\"4543a9b\" data-element_type=\"widget\" data-e-type=\"widget\" data-settings=\"{&quot;_animation&quot;:&quot;nussFadeInUp&quot;}\" data-widget_type=\"text-editor.default\">\n\t\t\t\t\t\t\t\t\t<p>Nos services de bien-\u00eatre sont con\u00e7us pour r\u00e9tablir l&#039;\u00e9quilibre :<\/p><ul><li><strong>Spa tranquille<\/strong>:Th\u00e9rapies traditionnelles chinoises (par exemple, acupuncture, compresses \u00e0 base de plantes) ainsi que massages occidentaux dans des suites de soins priv\u00e9es.<\/li><li><strong>Pavillon de yoga<\/strong>:S\u00e9ances au lever du soleil avec vue sur nos jardins int\u00e9rieurs, dirig\u00e9es par des instructeurs certifi\u00e9s.<\/li><li><strong>Centre de remise en forme ouvert 24h\/24<\/strong>:\u00c9quip\u00e9 de v\u00e9los Peloton et de machines Technogym, ainsi que de plans d&#039;entra\u00eenement personnalis\u00e9s.<\/li><\/ul>\t\t\t\t\t\t\t\t<\/div>\n\t\t\t\t\t<\/div>\n\t\t<\/div>\n\t\t\t\t\t<\/div>\n\t\t<\/section>\n\t\t\t\t<section class=\"elementor-section elementor-top-section elementor-element elementor-element-515005f elementor-section-boxed elementor-section-gap-beside-yes elementor-section-height-default elementor-section-height-default elementor-section-column-vertical-align-stretch\" data-id=\"515005f\" data-element_type=\"section\" data-e-type=\"section\">\n\t\t\t\t\t\t<div class=\"elementor-container elementor-column-gap-extended\">\n\t\t\t\t\t<div class=\"elementor-column elementor-col-50 elementor-top-column elementor-element elementor-element-b8bc943\" data-id=\"b8bc943\" data-element_type=\"column\" data-e-type=\"column\">\n\t\t\t<div class=\"elementor-widget-wrap elementor-element-populated\">\n\t\t\t\t\t\t<div class=\"elementor-element elementor-element-ce85d41 elementor-invisible elementor-widget elementor-widget-nuss-heading\" data-id=\"ce85d41\" data-element_type=\"widget\" data-e-type=\"widget\" data-settings=\"{&quot;_animation&quot;:&quot;nussFadeInUp&quot;}\" data-widget_type=\"nuss-heading.default\">\n\t\t\t\t<div class=\"elementor-widget-container\">\n\t\t\t\t\t\t\t<div class=\"nuss-modern-heading\">\r\n\t\t\t\r\n\t\t\t\t\t\t<div class=\"heading-primary-wrap\">\r\n\t\t\t\t<p class=\"heading-primary elementor-heading-title\">4. Services aux entreprises et aux \u00e9v\u00e9nements<\/p>\t\t\t<\/div>\r\n\t\t\r\n\t\t\t\t\t\t<div class=\"heading-divider-wrap\">\r\n\t\t\t\t<div class=\"heading-divider\" style=\"left: 0px;top: 11px\"><\/div>\r\n\t\t\t<\/div>\r\n\t\r\n\t\t\t\t\t<\/div>\r\n\t\t\t\t\t<\/div>\n\t\t\t\t<\/div>\n\t\t\t\t<div class=\"elementor-element elementor-element-b61074b elementor-invisible elementor-widget elementor-widget-heading\" data-id=\"b61074b\" data-element_type=\"widget\" data-e-type=\"widget\" data-settings=\"{&quot;_animation&quot;:&quot;nussFadeInUp&quot;}\" data-widget_type=\"heading.default\">\n\t\t\t\t\t<h3 class=\"elementor-heading-title elementor-size-default\">Sans couture et inspirant<\/h3>\t\t\t\t<\/div>\n\t\t\t\t<div class=\"elementor-element elementor-element-0415e9c elementor-invisible elementor-widget elementor-widget-text-editor\" data-id=\"0415e9c\" data-element_type=\"widget\" data-e-type=\"widget\" data-settings=\"{&quot;_animation&quot;:&quot;nussFadeInUp&quot;}\" data-widget_type=\"text-editor.default\">\n\t\t\t\t\t\t\t\t\t<p>Pour les invit\u00e9s d&#039;affaires et les rassemblements sociaux, nous proposons :<\/p><ul><li><strong>Les salles de r\u00e9union de la serre<\/strong>:Des espaces baign\u00e9s de lumi\u00e8re naturelle avec des configurations modulaires et un support audiovisuel de haute technologie.<\/li><li><strong>Mariages et c\u00e9l\u00e9brations dans les jardins<\/strong>:Compositions florales personnalis\u00e9es, traiteur gastronomique et organisateurs d&#039;\u00e9v\u00e9nements pour ex\u00e9cuter des occasions sans faille.<\/li><li><strong>Solutions de bureaux virtuels<\/strong>:Wi-Fi haut d\u00e9bit, stations d&#039;impression et espaces de travail silencieux pour les nomades num\u00e9riques.<\/li><\/ul>\t\t\t\t\t\t\t\t<\/div>\n\t\t\t\t\t<\/div>\n\t\t<\/div>\n\t\t\t\t<div class=\"elementor-column elementor-col-50 elementor-top-column elementor-element elementor-element-74f1a85\" data-id=\"74f1a85\" data-element_type=\"column\" data-e-type=\"column\">\n\t\t\t<div class=\"elementor-widget-wrap elementor-element-populated\">\n\t\t\t\t\t\t<div class=\"elementor-element elementor-element-d007f5e elementor-invisible nuss-elementor-loading nuss-slide-in-left elementor-widget elementor-widget-image\" data-id=\"d007f5e\" data-element_type=\"widget\" data-e-type=\"widget\" data-settings=\"{&quot;_animation&quot;:&quot;nussSlideInLeft&quot;}\" data-widget_type=\"image.default\">\n\t\t\t\t\t\t\t\t\t\t\t\t\t\t\t<img decoding=\"async\" src=\"http:\/\/ssawgardenhotelbeijing.com\/wp-content\/uploads\/2025\/07\/SSAW-Garden-Hotel-Beijing-43.jpg\" title=\"\" alt=\"\" loading=\"lazy\" \/>\t\t\t\t\t\t\t\t\t\t\t\t\t\t\t<\/div>\n\t\t\t\t\t<\/div>\n\t\t<\/div>\n\t\t\t\t\t<\/div>\n\t\t<\/section>\n\t\t\t\t<section class=\"elementor-section elementor-top-section elementor-element elementor-element-b85c265 elementor-section-boxed elementor-section-gap-beside-yes elementor-section-height-default elementor-section-height-default elementor-section-column-vertical-align-stretch\" data-id=\"b85c265\" data-element_type=\"section\" data-e-type=\"section\">\n\t\t\t\t\t\t<div class=\"elementor-container elementor-column-gap-extended\">\n\t\t\t\t\t<div class=\"elementor-column elementor-col-50 elementor-top-column elementor-element elementor-element-94bb377\" data-id=\"94bb377\" data-element_type=\"column\" data-e-type=\"column\">\n\t\t\t<div class=\"elementor-widget-wrap elementor-element-populated\">\n\t\t\t\t\t\t<div class=\"elementor-element elementor-element-6a092a8 elementor-invisible nuss-elementor-loading nuss-slide-in-right elementor-widget elementor-widget-image\" data-id=\"6a092a8\" data-element_type=\"widget\" data-e-type=\"widget\" data-settings=\"{&quot;_animation&quot;:&quot;nussSlideInRight&quot;}\" data-widget_type=\"image.default\">\n\t\t\t\t\t\t\t\t\t\t\t\t\t\t\t<img loading=\"lazy\" decoding=\"async\" width=\"1024\" height=\"683\" src=\"https:\/\/ssawgardenhotelbeijing.com\/wp-content\/uploads\/2025\/07\/SSAW-Garden-Hotel-Beijing-38.jpg\" class=\"attachment-full size-full wp-image-5476\" alt=\"\" srcset=\"https:\/\/ssawgardenhotelbeijing.com\/wp-content\/uploads\/2025\/07\/SSAW-Garden-Hotel-Beijing-38.jpg 1024w, https:\/\/ssawgardenhotelbeijing.com\/wp-content\/uploads\/2025\/07\/SSAW-Garden-Hotel-Beijing-38-300x200.jpg 300w, https:\/\/ssawgardenhotelbeijing.com\/wp-content\/uploads\/2025\/07\/SSAW-Garden-Hotel-Beijing-38-768x512.jpg 768w\" sizes=\"(max-width: 1024px) 100vw, 1024px\" \/>\t\t\t\t\t\t\t\t\t\t\t\t\t\t\t<\/div>\n\t\t\t\t\t<\/div>\n\t\t<\/div>\n\t\t\t\t<div class=\"elementor-column elementor-col-50 elementor-top-column elementor-element elementor-element-15de2f1\" data-id=\"15de2f1\" data-element_type=\"column\" data-e-type=\"column\">\n\t\t\t<div class=\"elementor-widget-wrap elementor-element-populated\">\n\t\t\t\t\t\t<div class=\"elementor-element elementor-element-def2487 elementor-invisible elementor-widget elementor-widget-nuss-heading\" data-id=\"def2487\" data-element_type=\"widget\" data-e-type=\"widget\" data-settings=\"{&quot;_animation&quot;:&quot;nussFadeInUp&quot;}\" data-widget_type=\"nuss-heading.default\">\n\t\t\t\t<div class=\"elementor-widget-container\">\n\t\t\t\t\t\t\t<div class=\"nuss-modern-heading\">\r\n\t\t\t\r\n\t\t\t\t\t\t<div class=\"heading-primary-wrap\">\r\n\t\t\t\t<p class=\"heading-primary elementor-heading-title\">5. Conciergerie et exp\u00e9riences locales<\/p>\t\t\t<\/div>\r\n\t\t\r\n\t\t\t\t\t\t<div class=\"heading-divider-wrap\">\r\n\t\t\t\t<div class=\"heading-divider\" style=\"left: 0px;top: 11px\"><\/div>\r\n\t\t\t<\/div>\r\n\t\r\n\t\t\t\t\t<\/div>\r\n\t\t\t\t\t<\/div>\n\t\t\t\t<\/div>\n\t\t\t\t<div class=\"elementor-element elementor-element-39bfedc elementor-invisible elementor-widget elementor-widget-heading\" data-id=\"39bfedc\" data-element_type=\"widget\" data-e-type=\"widget\" data-settings=\"{&quot;_animation&quot;:&quot;nussFadeInUp&quot;}\" data-widget_type=\"heading.default\">\n\t\t\t\t\t<h3 class=\"elementor-heading-title elementor-size-default\">Au-del\u00e0 de l&#039;ordinaire<\/h3>\t\t\t\t<\/div>\n\t\t\t\t<div class=\"elementor-element elementor-element-9aba2d4 elementor-invisible elementor-widget elementor-widget-text-editor\" data-id=\"9aba2d4\" data-element_type=\"widget\" data-e-type=\"widget\" data-settings=\"{&quot;_animation&quot;:&quot;nussFadeInUp&quot;}\" data-widget_type=\"text-editor.default\">\n\t\t\t\t\t\t\t\t\t<p>Notre \u00e9quipe de conciergerie \u00e9labore des itin\u00e9raires sur mesure :<\/p><ul><li><strong>Immersion culturelle<\/strong>:Visites priv\u00e9es des hutongs \u00e0 proximit\u00e9, ateliers de calligraphie ou c\u00e9r\u00e9monies du th\u00e9 avec des ma\u00eetres locaux.<\/li><li><strong>Acc\u00e8s exclusif<\/strong>:R\u00e9servations dans des restaurants \u00e9toil\u00e9s Michelin ou visites des coulisses des galeries d&#039;art de P\u00e9kin.<\/li><li><strong>Explorations \u00e9co-conscientes<\/strong>:Location de v\u00e9los pour explorer la ville de mani\u00e8re durable, avec des cartes organis\u00e9es d&#039;espaces verts cach\u00e9s.<\/li><\/ul>\t\t\t\t\t\t\t\t<\/div>\n\t\t\t\t\t<\/div>\n\t\t<\/div>\n\t\t\t\t\t<\/div>\n\t\t<\/section>\n\t\t<div class=\"elementor-element elementor-element-2bda020 e-flex e-con-boxed e-con e-parent\" data-id=\"2bda020\" data-element_type=\"container\" data-e-type=\"container\">\n\t\t\t\t\t<div class=\"e-con-inner\">\n\t\t\t\t<div class=\"elementor-element elementor-element-443be1d elementor-widget elementor-widget-nuss-heading\" data-id=\"443be1d\" data-element_type=\"widget\" data-e-type=\"widget\" data-widget_type=\"nuss-heading.default\">\n\t\t\t\t<div class=\"elementor-widget-container\">\n\t\t\t\t\t\t\t<div class=\"nuss-modern-heading\">\r\n\t\t\t\t\t\t<div class=\"heading-secondary-wrap\">\r\n\t\t\t\t<h3 class=\"heading-secondary elementor-heading-title\">Pourquoi choisir SSAW Garden Hotel ?\n<\/h3>\t\t\t<\/div>\r\n\t\t\r\n\t\t\t\r\n\t\t\t\r\n\t\t\t\t\t<\/div>\r\n\t\t\t\t\t<\/div>\n\t\t\t\t<\/div>\n\t\t\t\t<div class=\"elementor-element elementor-element-153bebf elementor-widget elementor-widget-text-editor\" data-id=\"153bebf\" data-element_type=\"widget\" data-e-type=\"widget\" data-widget_type=\"text-editor.default\">\n\t\t\t\t\t\t\t\t\t<p>Au-del\u00e0 des services, nous cultivons <em>relations<\/em>\u2014 que ce soit par un mot de bienvenue manuscrit, une pr\u00e9f\u00e9rence m\u00e9moris\u00e9e ou un surclassement spontan\u00e9 pour sublimer votre s\u00e9jour. Chaque d\u00e9tail, de la fragrance signature de notre hall d&#039;accueil inspir\u00e9e du jardin aux attentions artisanales de notre service de couverture, refl\u00e8te notre engagement pour un luxe attentionn\u00e9.<\/p><p>D\u00e9couvrez un h\u00f4tel o\u00f9 le service n&#039;est pas seulement un protocole mais une passion. <strong>H\u00f4tel SSAW Garden P\u00e9kin<\/strong> vous attend pour vous envelopper de chaleur, de sophistication et du charme tranquille d&#039;un jardin secret en ville.<\/p>\t\t\t\t\t\t\t\t<\/div>\n\t\t\t\t\t<\/div>\n\t\t\t\t<\/div>\n\t\t\t\t<\/div>","protected":false},"excerpt":{"rendered":"<p>Nestled in the heart of Dongcheng District at No.5 Beixinqiao Santiao, SSAW Garden Hotel Beijing is an urban oasis that redefines hospitality through its meticulously curated services. Our philosophy centers on creating memorable experiences that blend contemporary comfort with personalized attention, all within our serene garden-inspired retreat. 1. Accommodation Services: Your Sanctuary in the City [&hellip;]<\/p>\n","protected":false},"author":1,"featured_media":0,"parent":0,"menu_order":0,"comment_status":"closed","ping_status":"closed","template":"","meta":{"footnotes":""},"class_list":["post-647","page","type-page","status-publish","hentry","post-no-thumbnail"],"_links":{"self":[{"href":"https:\/\/ssawgardenhotelbeijing.com\/fr\/wp-json\/wp\/v2\/pages\/647","targetHints":{"allow":["GET"]}}],"collection":[{"href":"https:\/\/ssawgardenhotelbeijing.com\/fr\/wp-json\/wp\/v2\/pages"}],"about":[{"href":"https:\/\/ssawgardenhotelbeijing.com\/fr\/wp-json\/wp\/v2\/types\/page"}],"author":[{"embeddable":true,"href":"https:\/\/ssawgardenhotelbeijing.com\/fr\/wp-json\/wp\/v2\/users\/1"}],"replies":[{"embeddable":true,"href":"https:\/\/ssawgardenhotelbeijing.com\/fr\/wp-json\/wp\/v2\/comments?post=647"}],"version-history":[{"count":0,"href":"https:\/\/ssawgardenhotelbeijing.com\/fr\/wp-json\/wp\/v2\/pages\/647\/revisions"}],"wp:attachment":[{"href":"https:\/\/ssawgardenhotelbeijing.com\/fr\/wp-json\/wp\/v2\/media?parent=647"}],"curies":[{"name":"wp","href":"https:\/\/api.w.org\/{rel}","templated":true}]}}