{"id":612,"date":"2021-03-26T10:04:13","date_gmt":"2021-03-26T10:04:13","guid":{"rendered":"http:\/\/localhost\/nuss\/?page_id=612"},"modified":"2025-12-04T11:24:49","modified_gmt":"2025-12-04T11:24:49","slug":"ristorante","status":"publish","type":"page","link":"https:\/\/ssawgardenhotelbeijing.com\/it\/restaurant\/","title":{"rendered":"Ristorante"},"content":{"rendered":"<div data-elementor-type=\"wp-page\" data-elementor-id=\"612\" class=\"elementor elementor-612\">\n\t\t\t\t\t\t<section class=\"elementor-section elementor-top-section elementor-element elementor-element-e2effe8 elementor-section-boxed elementor-section-gap-beside-yes elementor-section-height-default elementor-section-height-default elementor-section-column-vertical-align-stretch\" data-id=\"e2effe8\" data-element_type=\"section\" data-e-type=\"section\">\n\t\t\t\t\t\t<div class=\"elementor-container elementor-column-gap-extended\">\n\t\t\t\t\t<div class=\"elementor-column elementor-col-100 elementor-top-column elementor-element elementor-element-e18f688\" data-id=\"e18f688\" data-element_type=\"column\" data-e-type=\"column\">\n\t\t\t<div class=\"elementor-widget-wrap elementor-element-populated\">\n\t\t\t\t\t\t<div class=\"elementor-element elementor-element-6db146d elementor-widget__width-initial elementor-invisible elementor-widget elementor-widget-text-editor\" data-id=\"6db146d\" data-element_type=\"widget\" data-e-type=\"widget\" data-settings=\"{&quot;_animation&quot;:&quot;nussFadeInUp&quot;}\" data-widget_type=\"text-editor.default\">\n\t\t\t\t\t\t\t\t\t<p><strong data-spm-anchor-id=\"a2ty_o01.29997173.0.i25.509dc921R3GeRF\">Assapora l&#039;essenza della tradizione e dell&#039;innovazione al Garden Restaurant - SSAW Garden Hotel Beijing <\/strong><\/p>\t\t\t\t\t\t\t\t<\/div>\n\t\t\t\t\t<\/div>\n\t\t<\/div>\n\t\t\t\t\t<\/div>\n\t\t<\/section>\n\t\t<div class=\"elementor-element elementor-element-9eb47b5 e-flex e-con-boxed e-con e-parent\" data-id=\"9eb47b5\" data-element_type=\"container\" data-e-type=\"container\">\n\t\t\t\t\t<div class=\"e-con-inner\">\n\t\t<div class=\"elementor-element elementor-element-5bda012 e-con-full e-flex e-con e-child\" data-id=\"5bda012\" data-element_type=\"container\" data-e-type=\"container\">\n\t\t\t\t<div class=\"elementor-element elementor-element-53a4b91 elementor-widget elementor-widget-text-editor\" data-id=\"53a4b91\" data-element_type=\"widget\" data-e-type=\"widget\" data-widget_type=\"text-editor.default\">\n\t\t\t\t\t\t\t\t\t<p data-spm-anchor-id=\"a2ty_o01.29997173.0.i28.509dc921R3GeRF\">Nascosto nel cuore storico del distretto Dongcheng di Pechino, a pochi passi dagli antichi hutong ma a pochi minuti dal cuore moderno della citt\u00e0, si trova un gioiello culinario che ridefinisce la ristorazione raffinata nella capitale. <strong>Ristorante con giardino <\/strong>, situato nell&#039;abbraccio sereno di <strong>SSAW Garden Hotel Pechino <\/strong> A <strong>N. 5 Beixinqiao Santiao <\/strong>.<\/p><p>Pi\u00f9 di un semplice ristorante, il Garden Restaurant \u00e8 un viaggio immersivo attraverso i sapori, le consistenze e gli aromi che definiscono l&#039;autentica cucina cinese, presentati ad arte con un tocco contemporaneo. Progettato per riflettere l&#039;armonia tra natura e gastronomia, il nostro spazio fonde perfettamente l&#039;eleganza architettonica tradizionale con la raffinatezza moderna. Circondato da una vegetazione lussureggiante, da placidi giochi d&#039;acqua e dalla luce naturale che filtra attraverso le tradizionali finestre a graticcio, ogni pasto diventa un&#039;esperienza sensoriale radicata nella serenit\u00e0.<\/p>\t\t\t\t\t\t\t\t<\/div>\n\t\t\t\t<\/div>\n\t\t<div class=\"elementor-element elementor-element-0b654f7 e-con-full e-flex e-con e-child\" data-id=\"0b654f7\" data-element_type=\"container\" data-e-type=\"container\">\n\t\t\t\t<div class=\"elementor-element elementor-element-38098ca elementor-widget elementor-widget-image\" data-id=\"38098ca\" data-element_type=\"widget\" data-e-type=\"widget\" data-widget_type=\"image.default\">\n\t\t\t\t\t\t\t\t\t\t\t\t\t\t\t<img fetchpriority=\"high\" decoding=\"async\" width=\"637\" height=\"853\" src=\"https:\/\/ssawgardenhotelbeijing.com\/wp-content\/uploads\/2025\/07\/SSAW-Garden-Hotel-Beijing-11.webp\" class=\"attachment-large size-large wp-image-5564\" alt=\"\" srcset=\"https:\/\/ssawgardenhotelbeijing.com\/wp-content\/uploads\/2025\/07\/SSAW-Garden-Hotel-Beijing-11.webp 637w, https:\/\/ssawgardenhotelbeijing.com\/wp-content\/uploads\/2025\/07\/SSAW-Garden-Hotel-Beijing-11-224x300.webp 224w, https:\/\/ssawgardenhotelbeijing.com\/wp-content\/uploads\/2025\/07\/SSAW-Garden-Hotel-Beijing-11-9x12.webp 9w\" sizes=\"(max-width: 637px) 100vw, 637px\" \/>\t\t\t\t\t\t\t\t\t\t\t\t\t\t\t<\/div>\n\t\t\t\t<\/div>\n\t\t\t\t\t<\/div>\n\t\t\t\t<\/div>\n\t\t<div class=\"elementor-element elementor-element-f81fe42 e-flex e-con-boxed e-con e-parent\" data-id=\"f81fe42\" data-element_type=\"container\" data-e-type=\"container\">\n\t\t\t\t\t<div class=\"e-con-inner\">\n\t\t<div class=\"elementor-element elementor-element-00e373d e-con-full e-flex e-con e-child\" data-id=\"00e373d\" data-element_type=\"container\" data-e-type=\"container\">\n\t\t\t\t<div class=\"elementor-element elementor-element-af07eee elementor-widget elementor-widget-image\" data-id=\"af07eee\" data-element_type=\"widget\" data-e-type=\"widget\" data-widget_type=\"image.default\">\n\t\t\t\t\t\t\t\t\t\t\t\t\t\t\t<img decoding=\"async\" width=\"1024\" height=\"682\" src=\"https:\/\/ssawgardenhotelbeijing.com\/wp-content\/uploads\/2025\/07\/SSAW-Garden-Hotel-Beijing-35-1024x682.webp\" class=\"attachment-large size-large wp-image-5588\" alt=\"\" srcset=\"https:\/\/ssawgardenhotelbeijing.com\/wp-content\/uploads\/2025\/07\/SSAW-Garden-Hotel-Beijing-35-1024x682.webp 1024w, https:\/\/ssawgardenhotelbeijing.com\/wp-content\/uploads\/2025\/07\/SSAW-Garden-Hotel-Beijing-35-300x200.webp 300w, https:\/\/ssawgardenhotelbeijing.com\/wp-content\/uploads\/2025\/07\/SSAW-Garden-Hotel-Beijing-35-768x512.webp 768w, https:\/\/ssawgardenhotelbeijing.com\/wp-content\/uploads\/2025\/07\/SSAW-Garden-Hotel-Beijing-35-18x12.webp 18w, https:\/\/ssawgardenhotelbeijing.com\/wp-content\/uploads\/2025\/07\/SSAW-Garden-Hotel-Beijing-35.webp 1280w\" sizes=\"(max-width: 1024px) 100vw, 1024px\" \/>\t\t\t\t\t\t\t\t\t\t\t\t\t\t\t<\/div>\n\t\t\t\t<\/div>\n\t\t<div class=\"elementor-element elementor-element-f102e55 e-con-full e-flex e-con e-child\" data-id=\"f102e55\" data-element_type=\"container\" data-e-type=\"container\">\n\t\t\t\t<div class=\"elementor-element elementor-element-1cf6c9f elementor-widget elementor-widget-text-editor\" data-id=\"1cf6c9f\" data-element_type=\"widget\" data-e-type=\"widget\" data-widget_type=\"text-editor.default\">\n\t\t\t\t\t\t\t\t\t<p data-spm-anchor-id=\"a2ty_o01.29997173.0.i26.509dc921R3GeRF\">Al centro della nostra filosofia c&#039;\u00e8 un profondo rispetto per la tradizione, che ci porta a ricercare ricette tradizionali tramandate di generazione in generazione, abbracciando al contempo l&#039;innovazione attraverso ingredienti di stagione e tecniche moderne. Il nostro menu \u00e8 una celebrazione delle prelibatezze regionali cinesi, con particolare attenzione a <strong>Classici in stile pechinese <\/strong>, <strong>Cucina Huaiyang <\/strong>e piatti accuratamente selezionati provenienti dal variegato panorama culinario cinese. Che si tratti della nostra anatra alla pechinese sfilacciata a mano e servita al tavolo, della pancetta di maiale brasata lentamente e aromatizzata con spezie segrete, o del delicato dim sum preparato con precisione, ogni piatto racconta una storia di cultura, artigianalit\u00e0 e cura.<\/p><p data-spm-anchor-id=\"a2ty_o01.29997173.0.i29.509dc921R3GeRF\">Il nostro team di chef esperti porta in cucina decenni di esperienza e passione, garantendo che ogni piatto servito sia non solo delizioso, ma anche visivamente sbalorditivo. Completata da una selezione accurata di t\u00e8 cinesi pregiati, vini pregiati e cocktail esclusivi ispirati alle erbe locali, la vostra esperienza culinaria al Garden Restaurant promette di essere a dir poco straordinaria.<\/p>\t\t\t\t\t\t\t\t<\/div>\n\t\t\t\t<\/div>\n\t\t\t\t\t<\/div>\n\t\t\t\t<\/div>\n\t\t<div class=\"elementor-element elementor-element-f1f84ff e-flex e-con-boxed e-con e-parent\" data-id=\"f1f84ff\" data-element_type=\"container\" data-e-type=\"container\">\n\t\t\t\t\t<div class=\"e-con-inner\">\n\t\t<div class=\"elementor-element elementor-element-dff343f e-con-full e-flex e-con e-child\" data-id=\"dff343f\" data-element_type=\"container\" data-e-type=\"container\">\n\t\t\t\t<div class=\"elementor-element elementor-element-fcff74f elementor-widget elementor-widget-text-editor\" data-id=\"fcff74f\" data-element_type=\"widget\" data-e-type=\"widget\" data-widget_type=\"text-editor.default\">\n\t\t\t\t\t\t\t\t\t<p data-spm-anchor-id=\"a2ty_o01.29997173.0.i31.509dc921R3GeRF\">Ma oltre al cibo, ci\u00f2 che ci distingue davvero \u00e8 l&#039;atmosfera: un raro mix di intimit\u00e0 e grandiosit\u00e0, dove viaggiatori e gente del posto possono rilassarsi, festeggiare o semplicemente assaporare un momento di tranquillit\u00e0 immersi nella vivacit\u00e0 di Pechino. Che siate in visita per colazione, pranzo o cena, ogni visita offre una nuova opportunit\u00e0 per scoprire l&#039;anima dell&#039;ospitalit\u00e0 cinese in uno degli scenari pi\u00f9 incantevoli della citt\u00e0.<\/p><p data-spm-anchor-id=\"a2ty_o01.29997173.0.i32.509dc921R3GeRF\">Come parte di <strong>SSAW Garden Hotel Pechino <\/strong>, Il Garden Restaurant incarna i valori dell&#039;hotel di <strong data-spm-anchor-id=\"a2ty_o01.29997173.0.i30.509dc921R3GeRF\">serenit\u00e0, raffinatezza, autenticit\u00e0 e calore <\/strong> \u2014 creando uno spazio in cui gli ospiti non solo mangiano, ma si relazionano, si rilassano e diventano parte della nostra storia in continua evoluzione.<\/p>\t\t\t\t\t\t\t\t<\/div>\n\t\t\t\t<\/div>\n\t\t<div class=\"elementor-element elementor-element-f143b08 e-con-full e-flex e-con e-child\" data-id=\"f143b08\" data-element_type=\"container\" data-e-type=\"container\">\n\t\t\t\t<div class=\"elementor-element elementor-element-d4ef422 elementor-widget elementor-widget-image\" data-id=\"d4ef422\" data-element_type=\"widget\" data-e-type=\"widget\" data-widget_type=\"image.default\">\n\t\t\t\t\t\t\t\t\t\t\t\t\t\t\t<img decoding=\"async\" width=\"1024\" height=\"683\" src=\"https:\/\/ssawgardenhotelbeijing.com\/wp-content\/uploads\/2025\/07\/SSAW-Garden-Hotel-Beijing-29.jpg\" class=\"attachment-large size-large wp-image-5447\" alt=\"\" srcset=\"https:\/\/ssawgardenhotelbeijing.com\/wp-content\/uploads\/2025\/07\/SSAW-Garden-Hotel-Beijing-29.jpg 1024w, https:\/\/ssawgardenhotelbeijing.com\/wp-content\/uploads\/2025\/07\/SSAW-Garden-Hotel-Beijing-29-300x200.jpg 300w, https:\/\/ssawgardenhotelbeijing.com\/wp-content\/uploads\/2025\/07\/SSAW-Garden-Hotel-Beijing-29-768x512.jpg 768w\" sizes=\"(max-width: 1024px) 100vw, 1024px\" \/>\t\t\t\t\t\t\t\t\t\t\t\t\t\t\t<\/div>\n\t\t\t\t<\/div>\n\t\t\t\t\t<\/div>\n\t\t\t\t<\/div>\n\t\t<div class=\"elementor-element elementor-element-d2061a8 e-flex e-con-boxed e-con e-parent\" data-id=\"d2061a8\" data-element_type=\"container\" data-e-type=\"container\">\n\t\t\t\t\t<div class=\"e-con-inner\">\n\t\t\t\t<div class=\"elementor-element elementor-element-72030fd elementor-widget elementor-widget-text-editor\" data-id=\"72030fd\" data-element_type=\"widget\" data-e-type=\"widget\" data-widget_type=\"text-editor.default\">\n\t\t\t\t\t\t\t\t\t<p data-spm-anchor-id=\"a2ty_o01.29997173.0.i33.509dc921R3GeRF\">Che siate degli amanti del cibo esigenti, dei viaggiatori curiosi o degli abitanti del posto in cerca di una fuga raffinata, vi invitiamo a provare un pasto diverso da qualsiasi altro, dove la tradizione incontra l&#039;innovazione e ogni boccone porta con s\u00e9 lo spirito di Pechino.<\/p><p data-spm-anchor-id=\"a2ty_o01.29997173.0.i34.509dc921R3GeRF\">Venite, coccolate i vostri sensi. Questo \u00e8 pi\u00f9 di un semplice pasto: questo \u00e8 <strong>Ristorante con giardino <\/strong> A <strong>SSAW Garden Hotel Pechino <\/strong>.<\/p>\t\t\t\t\t\t\t\t<\/div>\n\t\t\t\t\t<\/div>\n\t\t\t\t<\/div>\n\t\t\t\t<\/div>","protected":false},"excerpt":{"rendered":"<p>Savor the Essence of Tradition and Innovation at Garden Restaurant \u2013 SSAW Garden Hotel Beijing Tucked away in the historic heart of Beijing\u2019s Dongcheng District, just steps from the ancient hutongs yet moments from the city\u2019s modern pulse, lies a culinary gem that redefines fine dining in the capital \u2014 Garden Restaurant , located within [&hellip;]<\/p>\n","protected":false},"author":1,"featured_media":0,"parent":0,"menu_order":0,"comment_status":"closed","ping_status":"closed","template":"","meta":{"footnotes":""},"class_list":["post-612","page","type-page","status-publish","hentry","post-no-thumbnail"],"_links":{"self":[{"href":"https:\/\/ssawgardenhotelbeijing.com\/it\/wp-json\/wp\/v2\/pages\/612","targetHints":{"allow":["GET"]}}],"collection":[{"href":"https:\/\/ssawgardenhotelbeijing.com\/it\/wp-json\/wp\/v2\/pages"}],"about":[{"href":"https:\/\/ssawgardenhotelbeijing.com\/it\/wp-json\/wp\/v2\/types\/page"}],"author":[{"embeddable":true,"href":"https:\/\/ssawgardenhotelbeijing.com\/it\/wp-json\/wp\/v2\/users\/1"}],"replies":[{"embeddable":true,"href":"https:\/\/ssawgardenhotelbeijing.com\/it\/wp-json\/wp\/v2\/comments?post=612"}],"version-history":[{"count":0,"href":"https:\/\/ssawgardenhotelbeijing.com\/it\/wp-json\/wp\/v2\/pages\/612\/revisions"}],"wp:attachment":[{"href":"https:\/\/ssawgardenhotelbeijing.com\/it\/wp-json\/wp\/v2\/media?parent=612"}],"curies":[{"name":"wp","href":"https:\/\/api.w.org\/{rel}","templated":true}]}}